{"id":1995127,"date":"2021-02-10T15:19:10","date_gmt":"2021-02-10T14:19:10","guid":{"rendered":"https:\/\/de.tilta.com\/shop\/tilta-advanced-side-handle-attachment-type-iv-fixation-de-la-poignee-laterale\/"},"modified":"2025-12-05T13:03:09","modified_gmt":"2025-12-05T12:03:09","slug":"tiltaing-advanced-side-handle-attachment-type-iv","status":"publish","type":"product","link":"https:\/\/eu.tilta.com\/fr\/shop\/tiltaing-advanced-side-handle-attachment-type-iv\/","title":{"rendered":"Tilta Advanced Side Handle Attachment Type IV (fixation de la poign\u00e9e lat\u00e9rale)"},"content":{"rendered":"<p>Cette fixation vous permet d&#8217;adapter n&#8217;importe quelle poign\u00e9e lat\u00e9rale Tiltaing Advanced pour l&#8217;utiliser sur les cages de cam\u00e9ra Tiltaing pour RED Komodo, Sony a7SIII, Panasonic S5 et Panasonic BGH1.<\/p>\n<p>Ce type de connexion unique au rail OTAN vous permet de glisser et de verrouiller votre poign\u00e9e sur les panneaux lat\u00e9raux de votre cage \u00e0 cam\u00e9ra.<\/p>\n<p>Cela permet de cr\u00e9er une connexion extr\u00eamement solide qui peut \u00eatre retir\u00e9e rapidement en cas de besoin.<\/p>\n","protected":false},"excerpt":{"rendered":"<p>Cette fixation vous permet d&#8217;adapter n&#8217;importe quelle poign\u00e9e lat\u00e9rale Tiltaing Advanced pour l&#8217;utiliser sur les cages de cam\u00e9ra Tiltaing pour RED Komodo, Sony a7SIII, Panasonic S5 et Panasonic BGH1. Ce type de connexion unique au rail OTAN vous permet de [&hellip;]<\/p>\n","protected":false},"featured_media":0,"comment_status":"closed","ping_status":"closed","template":"","meta":[],"product_cat":[2190],"product_tag":[],"acf":[],"gallery_images":[892167],"_links":{"self":[{"href":"https:\/\/eu.tilta.com\/fr\/wp-json\/wp\/v2\/product\/1995127"}],"collection":[{"href":"https:\/\/eu.tilta.com\/fr\/wp-json\/wp\/v2\/product"}],"about":[{"href":"https:\/\/eu.tilta.com\/fr\/wp-json\/wp\/v2\/types\/product"}],"replies":[{"embeddable":true,"href":"https:\/\/eu.tilta.com\/fr\/wp-json\/wp\/v2\/comments?post=1995127"}],"wp:attachment":[{"href":"https:\/\/eu.tilta.com\/fr\/wp-json\/wp\/v2\/media?parent=1995127"}],"wp:term":[{"taxonomy":"product_cat","embeddable":true,"href":"https:\/\/eu.tilta.com\/fr\/wp-json\/wp\/v2\/product_cat?post=1995127"},{"taxonomy":"product_tag","embeddable":true,"href":"https:\/\/eu.tilta.com\/fr\/wp-json\/wp\/v2\/product_tag?post=1995127"}],"curies":[{"name":"wp","href":"https:\/\/api.w.org\/{rel}","templated":true}]}}