{"id":1995140,"date":"2021-02-09T17:54:48","date_gmt":"2021-02-09T16:54:48","guid":{"rendered":"https:\/\/de.tilta.com\/shop\/hydra-alien-monitor-bracket\/"},"modified":"2025-12-05T13:02:56","modified_gmt":"2025-12-05T12:02:56","slug":"hydra-alien-monitor-bracket","status":"publish","type":"product","link":"https:\/\/eu.tilta.com\/fr\/shop\/hydra-alien-monitor-bracket\/","title":{"rendered":"Support de moniteur Hydra Alien"},"content":{"rendered":"<p>Le support de moniteur Hydra Alien vous permet de contr\u00f4ler facilement votre prise de vue, de faire la mise au point sur votre objectif et d&#8217;avoir un contr\u00f4le total sur votre gimbal RS 2, le tout dans une configuration ergonomique et compacte.<\/p>\n<p>Le support comprend un rail de montage OTAN sur le c\u00f4t\u00e9 gauche qui supporte \u00e0 la fois l&#8217;unit\u00e9 manuelle Nucleus Nano et la poign\u00e9e de contr\u00f4le de l&#8217;objectif sans fil \u00e0 deux canaux pour la poign\u00e9e annulaire avanc\u00e9e.<\/p>\n<p>Le support de rosette sur le c\u00f4t\u00e9 droit vous permet de monter la poign\u00e9e de commande \u00e0 distance RS 2 ou toute autre poign\u00e9e qui se connecte via la rosette.<\/p>\n<p>La pince au milieu vous permet de monter votre smartphone ou un petit \u00e9cran d&#8217;une hauteur de 89 mm ou moins.<\/p>\n<p>Une plaque de montage en V int\u00e9gr\u00e9e et des filetages 1\/4&#8243;-20 vous permettent de monter et d&#8217;alimenter tout autre accessoire suppl\u00e9mentaire.<\/p>\n","protected":false},"excerpt":{"rendered":"<p>Le support de moniteur Hydra Alien vous permet de contr\u00f4ler facilement votre prise de vue, de faire la mise au point sur votre objectif et d&#8217;avoir un contr\u00f4le total sur votre gimbal RS 2, le tout dans une configuration ergonomique [&hellip;]<\/p>\n","protected":false},"featured_media":0,"comment_status":"closed","ping_status":"closed","template":"","meta":[],"product_cat":[1894,1895,1896,2076,2418],"product_tag":[],"acf":[],"gallery_images":[1070808,979924,979925],"_links":{"self":[{"href":"https:\/\/eu.tilta.com\/fr\/wp-json\/wp\/v2\/product\/1995140"}],"collection":[{"href":"https:\/\/eu.tilta.com\/fr\/wp-json\/wp\/v2\/product"}],"about":[{"href":"https:\/\/eu.tilta.com\/fr\/wp-json\/wp\/v2\/types\/product"}],"replies":[{"embeddable":true,"href":"https:\/\/eu.tilta.com\/fr\/wp-json\/wp\/v2\/comments?post=1995140"}],"wp:attachment":[{"href":"https:\/\/eu.tilta.com\/fr\/wp-json\/wp\/v2\/media?parent=1995140"}],"wp:term":[{"taxonomy":"product_cat","embeddable":true,"href":"https:\/\/eu.tilta.com\/fr\/wp-json\/wp\/v2\/product_cat?post=1995140"},{"taxonomy":"product_tag","embeddable":true,"href":"https:\/\/eu.tilta.com\/fr\/wp-json\/wp\/v2\/product_tag?post=1995140"}],"curies":[{"name":"wp","href":"https:\/\/api.w.org\/{rel}","templated":true}]}}