{"id":1995155,"date":"2021-02-09T20:56:53","date_gmt":"2021-02-09T19:56:53","guid":{"rendered":"https:\/\/de.tilta.com\/shop\/tilta-side-focus-handle-run-stop-cable-cable-de-marche-arret\/"},"modified":"2026-04-30T10:00:55","modified_gmt":"2026-04-30T08:00:55","slug":"side-focus-handle-run-stop-cable-for-2-5mm-lanc-port","status":"publish","type":"product","link":"https:\/\/eu.tilta.com\/fr\/shop\/side-focus-handle-run-stop-cable-for-2-5mm-lanc-port\/","title":{"rendered":"Tilta Side Focus Handle Run\/Stop Cable (c\u00e2ble de marche\/arr\u00eat)"},"content":{"rendered":"<p>Ce c\u00e2ble vous permet d&#8217;utiliser la poign\u00e9e de mise au point lat\u00e9rale Tiltaing pour les appareils photo dot\u00e9s d&#8217;un port LANC de 2,5 mm. Il suffit de connecter le c\u00e2ble de la poign\u00e9e de mise au point lat\u00e9rale au port LANC de votre appareil photo pour contr\u00f4ler le d\u00e9marrage et l&#8217;arr\u00eat de l&#8217;enregistrement en appuyant sur un bouton.<\/p>\n<p>Pour Sony FS5, Sony FS7, Blackmagic URSA, Blackmagic URSA Mini Pro G1\/G2, Panasonic EVA1, Z CAM, Sony FX9<\/p>\n","protected":false},"excerpt":{"rendered":"<p>Ce c\u00e2ble vous permet d&#8217;utiliser la poign\u00e9e de mise au point lat\u00e9rale Tiltaing pour les appareils photo dot\u00e9s d&#8217;un port LANC de 2,5 mm. Il suffit de connecter le c\u00e2ble de la poign\u00e9e de mise au point lat\u00e9rale au port [&hellip;]<\/p>\n","protected":false},"featured_media":0,"comment_status":"closed","ping_status":"closed","template":"","meta":[],"product_cat":[2218],"product_tag":[],"acf":[],"gallery_images":[891745],"_links":{"self":[{"href":"https:\/\/eu.tilta.com\/fr\/wp-json\/wp\/v2\/product\/1995155"}],"collection":[{"href":"https:\/\/eu.tilta.com\/fr\/wp-json\/wp\/v2\/product"}],"about":[{"href":"https:\/\/eu.tilta.com\/fr\/wp-json\/wp\/v2\/types\/product"}],"replies":[{"embeddable":true,"href":"https:\/\/eu.tilta.com\/fr\/wp-json\/wp\/v2\/comments?post=1995155"}],"wp:attachment":[{"href":"https:\/\/eu.tilta.com\/fr\/wp-json\/wp\/v2\/media?parent=1995155"}],"wp:term":[{"taxonomy":"product_cat","embeddable":true,"href":"https:\/\/eu.tilta.com\/fr\/wp-json\/wp\/v2\/product_cat?post=1995155"},{"taxonomy":"product_tag","embeddable":true,"href":"https:\/\/eu.tilta.com\/fr\/wp-json\/wp\/v2\/product_tag?post=1995155"}],"curies":[{"name":"wp","href":"https:\/\/api.w.org\/{rel}","templated":true}]}}