{"id":1995183,"date":"2021-02-04T09:43:05","date_gmt":"2021-02-04T08:43:05","guid":{"rendered":"https:\/\/de.tilta.com\/shop\/tilta-float-system-rs-2-support-de-contrepoids-pour-batterie\/"},"modified":"2025-12-05T13:03:18","modified_gmt":"2025-12-05T12:03:18","slug":"tilta-float-system-rs-battery-counterweight-bracket","status":"publish","type":"product","link":"https:\/\/eu.tilta.com\/fr\/shop\/tilta-float-system-rs-battery-counterweight-bracket\/","title":{"rendered":"Tilta Float System RS 2 Support de contrepoids pour batterie"},"content":{"rendered":"<p>Ce support de contrepoids de batterie RS est une option l\u00e9g\u00e8re pour alimenter et \u00e9quilibrer le syst\u00e8me de flotteur via la poign\u00e9e de batterie du RS 2.<\/p>\n<p>Il suffit de monter la poign\u00e9e de la batterie de la m\u00eame mani\u00e8re que vous le feriez pour la connecter au corps du cardan afin de fixer la poign\u00e9e au support.<\/p>\n<p>Le support se fixe \u00e0 la base du poteau du syst\u00e8me de flottaison par l&#8217;interm\u00e9diaire d&#8217;une connexion au rail de l&#8217;OTAN.<\/p>\n<p>Vous pouvez ensuite alimenter le flotteur \u00e0 partir du support gr\u00e2ce au c\u00e2ble d&#8217;alimentation Lemo 2 broches vers Lemo 2 broches fourni.<\/p>\n<p>Ce kit comprend \u00e9galement 6 contrepoids empilables de 220 g qui se connectent via les filetages 1\/4&#8243;-20 du support.<\/p>\n<p>Cela vous permet d&#8217;affiner l&#8217;\u00e9quilibre de votre installation et c&#8217;est l&#8217;option parfaite pour \u00e9quilibrer le Float lorsque vous utilisez des bo\u00eetiers d&#8217;appareil photo plus petits tels que les DSLR.<\/p>\n<p><strong>REMARQUE : Ce connecteur se branche directement au bas de la borne du flotteur et n&#8217;est pas sp\u00e9cifiquement con\u00e7u pour se connecter \u00e0 d&#8217;autres plaques de batterie.<\/strong><\/p>\n<p><b>Ce support peut toujours \u00eatre fix\u00e9 aux plaques de batterie \u00e0 l&#8217;aide d&#8217;une pince Nato suppl\u00e9mentaire (non fournie), mais il ne sera pas aussi efficace lorsqu&#8217;il est utilis\u00e9 avec un poids plus important.<\/b><\/p>\n","protected":false},"excerpt":{"rendered":"<p>Ce support de contrepoids de batterie RS est une option l\u00e9g\u00e8re pour alimenter et \u00e9quilibrer le syst\u00e8me de flotteur via la poign\u00e9e de batterie du RS 2. Il suffit de monter la poign\u00e9e de la batterie de la m\u00eame mani\u00e8re [&hellip;]<\/p>\n","protected":false},"featured_media":0,"comment_status":"closed","ping_status":"closed","template":"","meta":[],"product_cat":[2314,2316,2329],"product_tag":[],"acf":[],"gallery_images":[1065043,1065055],"_links":{"self":[{"href":"https:\/\/eu.tilta.com\/fr\/wp-json\/wp\/v2\/product\/1995183"}],"collection":[{"href":"https:\/\/eu.tilta.com\/fr\/wp-json\/wp\/v2\/product"}],"about":[{"href":"https:\/\/eu.tilta.com\/fr\/wp-json\/wp\/v2\/types\/product"}],"replies":[{"embeddable":true,"href":"https:\/\/eu.tilta.com\/fr\/wp-json\/wp\/v2\/comments?post=1995183"}],"wp:attachment":[{"href":"https:\/\/eu.tilta.com\/fr\/wp-json\/wp\/v2\/media?parent=1995183"}],"wp:term":[{"taxonomy":"product_cat","embeddable":true,"href":"https:\/\/eu.tilta.com\/fr\/wp-json\/wp\/v2\/product_cat?post=1995183"},{"taxonomy":"product_tag","embeddable":true,"href":"https:\/\/eu.tilta.com\/fr\/wp-json\/wp\/v2\/product_tag?post=1995183"}],"curies":[{"name":"wp","href":"https:\/\/api.w.org\/{rel}","templated":true}]}}