{"id":1995186,"date":"2021-02-04T09:39:20","date_gmt":"2021-02-04T08:39:20","guid":{"rendered":"https:\/\/de.tilta.com\/shop\/tilta-float-system-ronin-2-tb50-battery-plate\/"},"modified":"2026-03-17T08:33:30","modified_gmt":"2026-03-17T07:33:30","slug":"tilta-float-system-ronin-2-tb50-battery-plate","status":"publish","type":"product","link":"https:\/\/eu.tilta.com\/fr\/shop\/tilta-float-system-ronin-2-tb50-battery-plate\/","title":{"rendered":"Tilta Float System Ronin 2 TB50 Battery Plate"},"content":{"rendered":"<p>Cette plaque de montage est utilis\u00e9e avec le support de batterie Ronin 2 TB50 pour fixer deux batteries TB50 au bas du poteau du syst\u00e8me de flottaison.<\/p>\n<p>Cela vous permet de fournir une alimentation externe \u00e0 votre cardan avec deux piles TB50 tout en fournissant un contrepoids \u00e0 l&#8217;extr\u00e9mit\u00e9 inf\u00e9rieure du poteau lorsque vous essayez d&#8217;\u00e9quilibrer le poids de votre configuration cardan\/cam\u00e9ra.<\/p>\n<p>*N\u00e9cessite le support de batterie Ronin 2 TB50<\/p>\n","protected":false},"excerpt":{"rendered":"<p>Cette plaque de montage est utilis\u00e9e avec le support de batterie Ronin 2 TB50 pour fixer deux batteries TB50 au bas du poteau du syst\u00e8me de flottaison. Cela vous permet de fournir une alimentation externe \u00e0 votre cardan avec deux [&hellip;]<\/p>\n","protected":false},"featured_media":0,"comment_status":"closed","ping_status":"closed","template":"","meta":[],"product_cat":[2314,2316],"product_tag":[],"acf":[],"gallery_images":[979803],"_links":{"self":[{"href":"https:\/\/eu.tilta.com\/fr\/wp-json\/wp\/v2\/product\/1995186"}],"collection":[{"href":"https:\/\/eu.tilta.com\/fr\/wp-json\/wp\/v2\/product"}],"about":[{"href":"https:\/\/eu.tilta.com\/fr\/wp-json\/wp\/v2\/types\/product"}],"replies":[{"embeddable":true,"href":"https:\/\/eu.tilta.com\/fr\/wp-json\/wp\/v2\/comments?post=1995186"}],"wp:attachment":[{"href":"https:\/\/eu.tilta.com\/fr\/wp-json\/wp\/v2\/media?parent=1995186"}],"wp:term":[{"taxonomy":"product_cat","embeddable":true,"href":"https:\/\/eu.tilta.com\/fr\/wp-json\/wp\/v2\/product_cat?post=1995186"},{"taxonomy":"product_tag","embeddable":true,"href":"https:\/\/eu.tilta.com\/fr\/wp-json\/wp\/v2\/product_tag?post=1995186"}],"curies":[{"name":"wp","href":"https:\/\/api.w.org\/{rel}","templated":true}]}}