{"id":1995188,"date":"2021-02-04T09:34:14","date_gmt":"2021-02-04T08:34:14","guid":{"rendered":"https:\/\/de.tilta.com\/shop\/tilta-float-system-gold-mount-battery-plate\/"},"modified":"2025-12-05T13:03:20","modified_gmt":"2025-12-05T12:03:20","slug":"tilta-float-system-gold-mount-battery-plate","status":"publish","type":"product","link":"https:\/\/eu.tilta.com\/fr\/shop\/tilta-float-system-gold-mount-battery-plate\/","title":{"rendered":"Tilta Float System Gold Mount Battery Plate"},"content":{"rendered":"<p>Cette plaque de batterie se fixe au bas de la colonne du syst\u00e8me Float pour vous permettre de fournir une alimentation externe \u00e0 votre cardan avec deux batteries \u00e0 montage en or, tout en fournissant un contrepoids \u00e0 l&#8217;extr\u00e9mit\u00e9 inf\u00e9rieure de la colonne lorsque vous essayez d&#8217;\u00e9quilibrer le poids de votre configuration cardan\/cam\u00e9ra.<\/p>\n<p>*La plaque elle-m\u00eame n&#8217;a pas de puissance de sortie.<\/p>\n","protected":false},"excerpt":{"rendered":"<p>Cette plaque de batterie se fixe au bas de la colonne du syst\u00e8me Float pour vous permettre de fournir une alimentation externe \u00e0 votre cardan avec deux batteries \u00e0 montage en or, tout en fournissant un contrepoids \u00e0 l&#8217;extr\u00e9mit\u00e9 inf\u00e9rieure [&hellip;]<\/p>\n","protected":false},"featured_media":0,"comment_status":"closed","ping_status":"closed","template":"","meta":[],"product_cat":[2314,2316],"product_tag":[],"acf":[],"gallery_images":[1064440],"_links":{"self":[{"href":"https:\/\/eu.tilta.com\/fr\/wp-json\/wp\/v2\/product\/1995188"}],"collection":[{"href":"https:\/\/eu.tilta.com\/fr\/wp-json\/wp\/v2\/product"}],"about":[{"href":"https:\/\/eu.tilta.com\/fr\/wp-json\/wp\/v2\/types\/product"}],"replies":[{"embeddable":true,"href":"https:\/\/eu.tilta.com\/fr\/wp-json\/wp\/v2\/comments?post=1995188"}],"wp:attachment":[{"href":"https:\/\/eu.tilta.com\/fr\/wp-json\/wp\/v2\/media?parent=1995188"}],"wp:term":[{"taxonomy":"product_cat","embeddable":true,"href":"https:\/\/eu.tilta.com\/fr\/wp-json\/wp\/v2\/product_cat?post=1995188"},{"taxonomy":"product_tag","embeddable":true,"href":"https:\/\/eu.tilta.com\/fr\/wp-json\/wp\/v2\/product_tag?post=1995188"}],"curies":[{"name":"wp","href":"https:\/\/api.w.org\/{rel}","templated":true}]}}