{"id":1995191,"date":"2021-02-04T09:28:36","date_gmt":"2021-02-04T08:28:36","guid":{"rendered":"https:\/\/de.tilta.com\/shop\/support-de-contrepoids-de-fond-tilta-float-system\/"},"modified":"2025-12-05T13:03:21","modified_gmt":"2025-12-05T12:03:21","slug":"tilta-float-system-bottom-counterweight-bracket","status":"publish","type":"product","link":"https:\/\/eu.tilta.com\/fr\/shop\/tilta-float-system-bottom-counterweight-bracket\/","title":{"rendered":"Support de contrepoids de fond Tilta Float System"},"content":{"rendered":"<p>Ce support de contrepoids permet d&#8217;obtenir un meilleur \u00e9quilibre dynamique et constitue \u00e9galement une option l\u00e9g\u00e8re pour \u00e9quilibrer le syst\u00e8me Float sans batteries Gold ou V-Mount.<\/p>\n<p>Le support se fixe \u00e0 la base du poteau du syst\u00e8me de flottaison par l&#8217;interm\u00e9diaire d&#8217;une connexion de rail OTAN et peut \u00e9galement \u00eatre mont\u00e9 \u00e0 la base d&#8217;une plaque de batterie Gold\/V-Mount par l&#8217;interm\u00e9diaire d&#8217;une pince OTAN<strong>(non incluse)<\/strong>.<\/p>\n<p>Ce kit comprend 6 contrepoids empilables de 220g qui se connectent via les filetages 1\/4\u2033-20 du support, ce qui vous permet d&#8217;affiner l&#8217;\u00e9quilibre de votre installation.<\/p>\n<p>Ce support de contrepoids est une excellente option pour \u00e9quilibrer dynamiquement le Float ou pour utiliser des bo\u00eetiers de cam\u00e9ra et des cardans plus petits qui ne peuvent pas b\u00e9n\u00e9ficier d&#8217;une alimentation Gold ou V-Mount, comme ceux qui s&#8217;alimentent d\u00e9j\u00e0 via une batterie interne.<\/p>\n","protected":false},"excerpt":{"rendered":"<p>Ce support de contrepoids permet d&#8217;obtenir un meilleur \u00e9quilibre dynamique et constitue \u00e9galement une option l\u00e9g\u00e8re pour \u00e9quilibrer le syst\u00e8me Float sans batteries Gold ou V-Mount. Le support se fixe \u00e0 la base du poteau du syst\u00e8me de flottaison par [&hellip;]<\/p>\n","protected":false},"featured_media":0,"comment_status":"closed","ping_status":"closed","template":"","meta":[],"product_cat":[2314,2316,2329],"product_tag":[],"acf":[],"gallery_images":[],"_links":{"self":[{"href":"https:\/\/eu.tilta.com\/fr\/wp-json\/wp\/v2\/product\/1995191"}],"collection":[{"href":"https:\/\/eu.tilta.com\/fr\/wp-json\/wp\/v2\/product"}],"about":[{"href":"https:\/\/eu.tilta.com\/fr\/wp-json\/wp\/v2\/types\/product"}],"replies":[{"embeddable":true,"href":"https:\/\/eu.tilta.com\/fr\/wp-json\/wp\/v2\/comments?post=1995191"}],"wp:attachment":[{"href":"https:\/\/eu.tilta.com\/fr\/wp-json\/wp\/v2\/media?parent=1995191"}],"wp:term":[{"taxonomy":"product_cat","embeddable":true,"href":"https:\/\/eu.tilta.com\/fr\/wp-json\/wp\/v2\/product_cat?post=1995191"},{"taxonomy":"product_tag","embeddable":true,"href":"https:\/\/eu.tilta.com\/fr\/wp-json\/wp\/v2\/product_tag?post=1995191"}],"curies":[{"name":"wp","href":"https:\/\/api.w.org\/{rel}","templated":true}]}}