{"id":1995242,"date":"2021-01-15T11:45:11","date_gmt":"2021-01-15T10:45:11","guid":{"rendered":"https:\/\/de.tilta.com\/shop\/module-recepteur-de-controle-sans-fil-pour-dji-ronin\/"},"modified":"2025-12-05T13:03:38","modified_gmt":"2025-12-05T12:03:38","slug":"wireless-control-receiver-module-for-rs-2","status":"publish","type":"product","link":"https:\/\/eu.tilta.com\/fr\/shop\/wireless-control-receiver-module-for-rs-2\/","title":{"rendered":"Module r\u00e9cepteur de contr\u00f4le sans fil pour DJI Ronin"},"content":{"rendered":"<p>Ce module de r\u00e9ception de la t\u00e9l\u00e9commande s&#8217;associe au RS2, RS3 Pro. RS4\/4 Pro Remote Control Handle for Advanced Ring Grip, Float System and Remote Control Kit pour vous permettre de contr\u00f4ler \u00e0 distance le gimbal, la cam\u00e9ra et le moteur de commande d&#8217;objectif sans fil de DJI.<\/p>\n","protected":false},"excerpt":{"rendered":"<p>Ce module de r\u00e9ception de la t\u00e9l\u00e9commande s&#8217;associe au RS2, RS3 Pro. RS4\/4 Pro Remote Control Handle for Advanced Ring Grip, Float System and Remote Control Kit pour vous permettre de contr\u00f4ler \u00e0 distance le gimbal, la cam\u00e9ra et le [&hellip;]<\/p>\n","protected":false},"featured_media":0,"comment_status":"closed","ping_status":"closed","template":"","meta":[],"product_cat":[2314,2363,2290,1894,2249],"product_tag":[],"acf":[],"gallery_images":[1066321,1025634],"_links":{"self":[{"href":"https:\/\/eu.tilta.com\/fr\/wp-json\/wp\/v2\/product\/1995242"}],"collection":[{"href":"https:\/\/eu.tilta.com\/fr\/wp-json\/wp\/v2\/product"}],"about":[{"href":"https:\/\/eu.tilta.com\/fr\/wp-json\/wp\/v2\/types\/product"}],"replies":[{"embeddable":true,"href":"https:\/\/eu.tilta.com\/fr\/wp-json\/wp\/v2\/comments?post=1995242"}],"wp:attachment":[{"href":"https:\/\/eu.tilta.com\/fr\/wp-json\/wp\/v2\/media?parent=1995242"}],"wp:term":[{"taxonomy":"product_cat","embeddable":true,"href":"https:\/\/eu.tilta.com\/fr\/wp-json\/wp\/v2\/product_cat?post=1995242"},{"taxonomy":"product_tag","embeddable":true,"href":"https:\/\/eu.tilta.com\/fr\/wp-json\/wp\/v2\/product_tag?post=1995242"}],"curies":[{"name":"wp","href":"https:\/\/api.w.org\/{rel}","templated":true}]}}