{"id":1995249,"date":"2020-12-21T17:06:53","date_gmt":"2020-12-21T16:06:53","guid":{"rendered":"https:\/\/de.tilta.com\/shop\/plaque-de-batterie-a-montage-en-v-pour-poignee-a-anneau\/"},"modified":"2026-04-24T03:29:16","modified_gmt":"2026-04-24T01:29:16","slug":"v-mount-battery-plate-for-ring-grip","status":"publish","type":"product","link":"https:\/\/eu.tilta.com\/fr\/shop\/v-mount-battery-plate-for-ring-grip\/","title":{"rendered":"Plaque de batterie \u00e0 montage en V pour poign\u00e9e \u00e0 anneau"},"content":{"rendered":"<p>Cette plaque de batterie V-Mount se fixe directement \u00e0 la poign\u00e9e annulaire Basic ou Advanced pour RS 2 et vous permet d&#8217;alimenter votre gimbal avec des batteries V-Mount de plus grande capacit\u00e9 sans c\u00e2bles externes.<\/p>\n","protected":false},"excerpt":{"rendered":"<p>Cette plaque de batterie V-Mount se fixe directement \u00e0 la poign\u00e9e annulaire Basic ou Advanced pour RS 2 et vous permet d&#8217;alimenter votre gimbal avec des batteries V-Mount de plus grande capacit\u00e9 sans c\u00e2bles externes.<\/p>\n","protected":false},"featured_media":0,"comment_status":"closed","ping_status":"closed","template":"","meta":[],"product_cat":[2363,2290],"product_tag":[],"acf":[],"gallery_images":[1947114,1947115,1947112],"_links":{"self":[{"href":"https:\/\/eu.tilta.com\/fr\/wp-json\/wp\/v2\/product\/1995249"}],"collection":[{"href":"https:\/\/eu.tilta.com\/fr\/wp-json\/wp\/v2\/product"}],"about":[{"href":"https:\/\/eu.tilta.com\/fr\/wp-json\/wp\/v2\/types\/product"}],"replies":[{"embeddable":true,"href":"https:\/\/eu.tilta.com\/fr\/wp-json\/wp\/v2\/comments?post=1995249"}],"wp:attachment":[{"href":"https:\/\/eu.tilta.com\/fr\/wp-json\/wp\/v2\/media?parent=1995249"}],"wp:term":[{"taxonomy":"product_cat","embeddable":true,"href":"https:\/\/eu.tilta.com\/fr\/wp-json\/wp\/v2\/product_cat?post=1995249"},{"taxonomy":"product_tag","embeddable":true,"href":"https:\/\/eu.tilta.com\/fr\/wp-json\/wp\/v2\/product_tag?post=1995249"}],"curies":[{"name":"wp","href":"https:\/\/api.w.org\/{rel}","templated":true}]}}