{"id":1995250,"date":"2020-12-22T09:25:58","date_gmt":"2020-12-22T08:25:58","guid":{"rendered":"https:\/\/de.tilta.com\/shop\/module-dalimentation-pour-la-poignee-a-anneau\/"},"modified":"2025-12-05T13:03:40","modified_gmt":"2025-12-05T12:03:40","slug":"power-supply-module-for-ring-grip","status":"publish","type":"product","link":"https:\/\/eu.tilta.com\/fr\/shop\/power-supply-module-for-ring-grip\/","title":{"rendered":"Module d&#8217;alimentation pour la poign\u00e9e \u00e0 anneau"},"content":{"rendered":"<p><strong>AVERTISSEMENT : Soyez extr\u00eamement prudent lorsque vous branchez les c\u00e2bles d&#8217;alimentation P-Tap, car si vous les branchez \u00e0 l&#8217;envers, vous risquez d&#8217;endommager votre cardan.<\/strong><\/p>\n<p>Ce module d&#8217;alimentation se fixe directement \u00e0 la poign\u00e9e Ring Grip Basic ou Advanced pour RS2 et vous permet de monter et d&#8217;alimenter des accessoires tels que des moniteurs et des syst\u00e8mes vid\u00e9o sans fil via une sortie d&#8217;alimentation USB et une sortie d&#8217;alimentation P-Tap.<\/p>\n<p>&nbsp;<\/p>\n","protected":false},"excerpt":{"rendered":"<p>AVERTISSEMENT : Soyez extr\u00eamement prudent lorsque vous branchez les c\u00e2bles d&#8217;alimentation P-Tap, car si vous les branchez \u00e0 l&#8217;envers, vous risquez d&#8217;endommager votre cardan. Ce module d&#8217;alimentation se fixe directement \u00e0 la poign\u00e9e Ring Grip Basic ou Advanced pour RS2 [&hellip;]<\/p>\n","protected":false},"featured_media":0,"comment_status":"closed","ping_status":"closed","template":"","meta":[],"product_cat":[2363,2290],"product_tag":[],"acf":[],"gallery_images":[1947109,1947110,1947111,1948483],"_links":{"self":[{"href":"https:\/\/eu.tilta.com\/fr\/wp-json\/wp\/v2\/product\/1995250"}],"collection":[{"href":"https:\/\/eu.tilta.com\/fr\/wp-json\/wp\/v2\/product"}],"about":[{"href":"https:\/\/eu.tilta.com\/fr\/wp-json\/wp\/v2\/types\/product"}],"replies":[{"embeddable":true,"href":"https:\/\/eu.tilta.com\/fr\/wp-json\/wp\/v2\/comments?post=1995250"}],"wp:attachment":[{"href":"https:\/\/eu.tilta.com\/fr\/wp-json\/wp\/v2\/media?parent=1995250"}],"wp:term":[{"taxonomy":"product_cat","embeddable":true,"href":"https:\/\/eu.tilta.com\/fr\/wp-json\/wp\/v2\/product_cat?post=1995250"},{"taxonomy":"product_tag","embeddable":true,"href":"https:\/\/eu.tilta.com\/fr\/wp-json\/wp\/v2\/product_tag?post=1995250"}],"curies":[{"name":"wp","href":"https:\/\/api.w.org\/{rel}","templated":true}]}}