{"id":1995264,"date":"2020-12-21T16:44:31","date_gmt":"2020-12-21T15:44:31","guid":{"rendered":"https:\/\/de.tilta.com\/shop\/plaque-de-batterie-a-montage-en-or-pour-support-dalimentation-a-deux-poignees\/"},"modified":"2025-12-05T13:03:46","modified_gmt":"2025-12-05T12:03:46","slug":"gold-mount-battery-plate-for-dual-handle-power-supply-bracket","status":"publish","type":"product","link":"https:\/\/eu.tilta.com\/fr\/shop\/gold-mount-battery-plate-for-dual-handle-power-supply-bracket\/","title":{"rendered":"Plaque de batterie \u00e0 montage en or pour support d&#8217;alimentation \u00e0 deux poign\u00e9es"},"content":{"rendered":"<p><span style=\"font-weight: 400;\">Cette plaque de batterie \u00e0 montage en or se fixe directement au support d&#8217;alimentation \u00e0 deux poign\u00e9es pour RS2 et vous permet d&#8217;alimenter votre gimbal avec des batteries \u00e0 montage en or de plus grande capacit\u00e9 sans c\u00e2bles externes.<\/span><\/p>\n<p>*Il n&#8217;y a pas de sorties d&#8217;alimentation sur la plaque elle-m\u00eame.<\/p>\n","protected":false},"excerpt":{"rendered":"<p>Cette plaque de batterie \u00e0 montage en or se fixe directement au support d&#8217;alimentation \u00e0 deux poign\u00e9es pour RS2 et vous permet d&#8217;alimenter votre gimbal avec des batteries \u00e0 montage en or de plus grande capacit\u00e9 sans c\u00e2bles externes. *Il [&hellip;]<\/p>\n","protected":false},"featured_media":0,"comment_status":"closed","ping_status":"closed","template":"","meta":[],"product_cat":[2335,2418],"product_tag":[],"acf":[],"gallery_images":[889060],"_links":{"self":[{"href":"https:\/\/eu.tilta.com\/fr\/wp-json\/wp\/v2\/product\/1995264"}],"collection":[{"href":"https:\/\/eu.tilta.com\/fr\/wp-json\/wp\/v2\/product"}],"about":[{"href":"https:\/\/eu.tilta.com\/fr\/wp-json\/wp\/v2\/types\/product"}],"replies":[{"embeddable":true,"href":"https:\/\/eu.tilta.com\/fr\/wp-json\/wp\/v2\/comments?post=1995264"}],"wp:attachment":[{"href":"https:\/\/eu.tilta.com\/fr\/wp-json\/wp\/v2\/media?parent=1995264"}],"wp:term":[{"taxonomy":"product_cat","embeddable":true,"href":"https:\/\/eu.tilta.com\/fr\/wp-json\/wp\/v2\/product_cat?post=1995264"},{"taxonomy":"product_tag","embeddable":true,"href":"https:\/\/eu.tilta.com\/fr\/wp-json\/wp\/v2\/product_tag?post=1995264"}],"curies":[{"name":"wp","href":"https:\/\/api.w.org\/{rel}","templated":true}]}}