{"id":1995271,"date":"2020-12-22T18:00:00","date_gmt":"2020-12-22T17:00:00","guid":{"rendered":"https:\/\/de.tilta.com\/shop\/protection-kit-for-rs-2\/"},"modified":"2025-12-17T17:33:19","modified_gmt":"2025-12-17T16:33:19","slug":"protection-kit-for-rs-2","status":"publish","type":"product","link":"https:\/\/eu.tilta.com\/fr\/shop\/protection-kit-for-rs-2\/","title":{"rendered":"Kit de protection pour RS 2"},"content":{"rendered":"<p>Ce kit fournit une protection adh\u00e9sive pour votre cardan DJI RS 2.<\/p>\n<p>Il suffit de d\u00e9coller l&#8217;adh\u00e9sif et de le fixer aux endroits pr\u00e9vus \u00e0 cet effet sur le cardan.<\/p>\n","protected":false},"excerpt":{"rendered":"<p>Ce kit fournit une protection adh\u00e9sive pour votre cardan DJI RS 2. Il suffit de d\u00e9coller l&#8217;adh\u00e9sif et de le fixer aux endroits pr\u00e9vus \u00e0 cet effet sur le cardan.<\/p>\n","protected":false},"featured_media":0,"comment_status":"closed","ping_status":"closed","template":"","meta":[],"product_cat":[2249,2366],"product_tag":[],"acf":[],"gallery_images":[889050,889052,889054,889056],"_links":{"self":[{"href":"https:\/\/eu.tilta.com\/fr\/wp-json\/wp\/v2\/product\/1995271"}],"collection":[{"href":"https:\/\/eu.tilta.com\/fr\/wp-json\/wp\/v2\/product"}],"about":[{"href":"https:\/\/eu.tilta.com\/fr\/wp-json\/wp\/v2\/types\/product"}],"replies":[{"embeddable":true,"href":"https:\/\/eu.tilta.com\/fr\/wp-json\/wp\/v2\/comments?post=1995271"}],"wp:attachment":[{"href":"https:\/\/eu.tilta.com\/fr\/wp-json\/wp\/v2\/media?parent=1995271"}],"wp:term":[{"taxonomy":"product_cat","embeddable":true,"href":"https:\/\/eu.tilta.com\/fr\/wp-json\/wp\/v2\/product_cat?post=1995271"},{"taxonomy":"product_tag","embeddable":true,"href":"https:\/\/eu.tilta.com\/fr\/wp-json\/wp\/v2\/product_tag?post=1995271"}],"curies":[{"name":"wp","href":"https:\/\/api.w.org\/{rel}","templated":true}]}}