{"id":1995272,"date":"2020-12-22T16:54:16","date_gmt":"2020-12-22T15:54:16","guid":{"rendered":"https:\/\/de.tilta.com\/shop\/systeme-de-support-de-cardan-portable-tilta-float\/"},"modified":"2025-12-06T04:38:09","modified_gmt":"2025-12-06T03:38:09","slug":"tilta-float-handheld-gimbal-support-system","status":"publish","type":"product","link":"https:\/\/eu.tilta.com\/fr\/shop\/tilta-float-handheld-gimbal-support-system\/","title":{"rendered":"Syst\u00e8me de support de cardan portable Tilta Float"},"content":{"rendered":"<p><strong><span class=\"label label-default\">*La livraison gratuite ne s&#8217;applique pas \u00e0 cet article.<\/span><\/strong> Le syst\u00e8me Tilta Float fonctionne en conjonction avec les DJI RS 2 et RS3 Pro pour fournir un syst\u00e8me de stabilisation de cam\u00e9ra petit et compact qui vous permet de r\u00e9aliser des mouvements de cam\u00e9ra fluides et cin\u00e9matographiques avec des configurations de cam\u00e9ra plus petites.<\/p>\n<p>Le poteau \u00e0 contrepoids offre une stabilisation suppl\u00e9mentaire \u00e0 votre installation au-del\u00e0 de ce que le cardan fait d\u00e9j\u00e0 pour permettre le mouvement le plus fluide possible de la cam\u00e9ra.<\/p>\n<p>Le bras \u00e0 ressort et la conception de la veste de soutien font reposer le poids de l&#8217;appareil sur votre torse, ce qui permet de prolonger la dur\u00e9e d&#8217;utilisation avant que l&#8217;utilisateur ne se fatigue.<\/p>\n<p>Le contr\u00f4leur sans fil pour le pouce inclus vous permet de contr\u00f4ler sans fil le Ronin ainsi qu&#8217;un moteur de suivi de la mise au point <a href=\"https:\/\/de.tilta.com\/shop\/nucleus-m-wireless-follow-focus\/\">Nucleus M<\/a> ou <a href=\"https:\/\/de.tilta.com\/product-category\/lens-control-systems\/nucleus-nano-wireless-lens-control-system\/\">Nucleus Nano<\/a>.<\/p>\n<p>Cette unit\u00e9 est con\u00e7ue pour \u00eatre mont\u00e9e sur l&#8217;\u00e9trier de votre Tilta Float via le support de moniteur du syst\u00e8me.<\/p>\n<p>Le contr\u00f4leur s&#8217;alimente via des <a href=\"https:\/\/www.bhphotovideo.com\/c\/product\/1498986-REG\/gopro_ajbat_001_rechargeable_li_ion_battery_for.html\/?ap=y&amp;ap=y&amp;smp=y&amp;smp=y&amp;lsft=BI%3A514&amp;gclid=Cj0KCQjwidSWBhDdARIsAIoTVb2qTaI2ceUdPUqS9Z6NSyfc3K5TrendVjlE4hcFNSmLOrQZTvZi0bMaAlyoEALw_wcB\">batteries Go Pro 5-8<\/a> et dispose d&#8217;un port USB-C qui peut \u00eatre utilis\u00e9 pour les futures mises \u00e0 jour du micrologiciel. Veuillez noter que nous ne recommandons pas d&#8217;alimenter l&#8217;appareil par ce port.<\/p>\n<p>Le support lombaire et la sangle d&#8217;\u00e9paule unique inclus assurent une r\u00e9partition suppl\u00e9mentaire du poids et garantissent une utilisation confortable quelle que soit la dur\u00e9e de l&#8217;op\u00e9ration. Les options d&#8217;alimentation multiples offrent une plus grande flexibilit\u00e9 lors de l&#8217;alimentation du Ronin. Le syst\u00e8me peut alimenter le gimbal via Gold Mount, V-Mount, TB50, ou le Battery Handle lui-m\u00eame via des accessoires optionnels.<\/p>\n<p><strong>*Le Float est compatible avec n&#8217;importe quel gimbal dont le poids est inf\u00e9rieur \u00e0 la limite et qui peut \u00eatre mont\u00e9 via un filetage 1\/4&#8243;-20 et peut \u00eatre aliment\u00e9 par un Lemo \u00e0 2 broches ou une batterie interne. Cependant, il ne peut contr\u00f4ler sans fil que le RS2 et le RS3 Pro.<\/strong><\/p>\n<p>**Le Float n&#8217;a pas d&#8217;autres sorties d&#8217;alimentation que le Lemo \u00e0 2 broches con\u00e7u pour alimenter le RS2**<strong>.<\/strong> <\/p>\n<p>***Le c\u00e2ble interne peut supporter 14,8V et 3A avec une capacit\u00e9 maximale de 6A***.<\/p>\n<p><strong>RS3\/RS3 Pro : La cl\u00e9 M n&#8217;est PAS en mesure d&#8217;imiter la fonction du cardan. La touche M de cet appareil permet UNIQUEMENT de modifier le r\u00e9glage du mode. <\/strong> <b>Il <span style=\"text-decoration: underline;\">n&#8217;est PAS<\/span> recommand\u00e9 d&#8217;utiliser des cardans plus grands que ceux que l&#8217;on pourrait classer comme &#8220;de poche&#8221;, comme le Movi Pro. <\/b> <b>M\u00eame si le poids total est inf\u00e9rieur \u00e0 10 kg, le syst\u00e8me aura du mal \u00e0 supporter des cardans physiquement plus grands que les cardans de la s\u00e9rie DJI Ronin RS. <\/b> <\/p>\n","protected":false},"excerpt":{"rendered":"<p>*La livraison gratuite ne s&#8217;applique pas \u00e0 cet article. Le syst\u00e8me Tilta Float fonctionne en conjonction avec les DJI RS 2 et RS3 Pro pour fournir un syst\u00e8me de stabilisation de cam\u00e9ra petit et compact qui vous permet de r\u00e9aliser [&hellip;]<\/p>\n","protected":false},"featured_media":0,"comment_status":"closed","ping_status":"closed","template":"","meta":[],"product_cat":[2314,2316],"product_tag":[],"acf":[],"gallery_images":[1943042,1937067,1937068,1937069,1937085,1937084],"_links":{"self":[{"href":"https:\/\/eu.tilta.com\/fr\/wp-json\/wp\/v2\/product\/1995272"}],"collection":[{"href":"https:\/\/eu.tilta.com\/fr\/wp-json\/wp\/v2\/product"}],"about":[{"href":"https:\/\/eu.tilta.com\/fr\/wp-json\/wp\/v2\/types\/product"}],"replies":[{"embeddable":true,"href":"https:\/\/eu.tilta.com\/fr\/wp-json\/wp\/v2\/comments?post=1995272"}],"wp:attachment":[{"href":"https:\/\/eu.tilta.com\/fr\/wp-json\/wp\/v2\/media?parent=1995272"}],"wp:term":[{"taxonomy":"product_cat","embeddable":true,"href":"https:\/\/eu.tilta.com\/fr\/wp-json\/wp\/v2\/product_cat?post=1995272"},{"taxonomy":"product_tag","embeddable":true,"href":"https:\/\/eu.tilta.com\/fr\/wp-json\/wp\/v2\/product_tag?post=1995272"}],"curies":[{"name":"wp","href":"https:\/\/api.w.org\/{rel}","templated":true}]}}