{"id":1995286,"date":"2020-11-24T17:46:48","date_gmt":"2020-11-24T16:46:48","guid":{"rendered":"https:\/\/de.tilta.com\/shop\/bras-prolongateurs-de-rail-nato-reglables\/"},"modified":"2026-04-27T13:18:02","modified_gmt":"2026-04-27T11:18:02","slug":"adjustable-nato-rail-extender-arms","status":"publish","type":"product","link":"https:\/\/eu.tilta.com\/fr\/shop\/adjustable-nato-rail-extender-arms\/","title":{"rendered":"Bras prolongateurs de rail NATO r\u00e9glables"},"content":{"rendered":"<p>Ces bras d&#8217;extension se fixent aux rails NATO sur le c\u00f4t\u00e9 du cardan pour vous fournir des bras r\u00e9glables \u00e0 base de rosette afin que vous puissiez fixer une vari\u00e9t\u00e9 de poign\u00e9es de commande \u00e0 base de rosette \u00e0 votre installation.<\/p>\n<p>Compatible avec les DJI RS2, RSC2, RS3\/3 Pro et RS4\/4 Pro.<\/p>\n","protected":false},"excerpt":{"rendered":"<p>Ces bras d&#8217;extension se fixent aux rails NATO sur le c\u00f4t\u00e9 du cardan pour vous fournir des bras r\u00e9glables \u00e0 base de rosette afin que vous puissiez fixer une vari\u00e9t\u00e9 de poign\u00e9es de commande \u00e0 base de rosette \u00e0 votre [&hellip;]<\/p>\n","protected":false},"featured_media":0,"comment_status":"closed","ping_status":"closed","template":"","meta":[],"product_cat":[2249],"product_tag":[],"acf":[],"gallery_images":[1066046,1066047,994283],"_links":{"self":[{"href":"https:\/\/eu.tilta.com\/fr\/wp-json\/wp\/v2\/product\/1995286"}],"collection":[{"href":"https:\/\/eu.tilta.com\/fr\/wp-json\/wp\/v2\/product"}],"about":[{"href":"https:\/\/eu.tilta.com\/fr\/wp-json\/wp\/v2\/types\/product"}],"replies":[{"embeddable":true,"href":"https:\/\/eu.tilta.com\/fr\/wp-json\/wp\/v2\/comments?post=1995286"}],"wp:attachment":[{"href":"https:\/\/eu.tilta.com\/fr\/wp-json\/wp\/v2\/media?parent=1995286"}],"wp:term":[{"taxonomy":"product_cat","embeddable":true,"href":"https:\/\/eu.tilta.com\/fr\/wp-json\/wp\/v2\/product_cat?post=1995286"},{"taxonomy":"product_tag","embeddable":true,"href":"https:\/\/eu.tilta.com\/fr\/wp-json\/wp\/v2\/product_tag?post=1995286"}],"curies":[{"name":"wp","href":"https:\/\/api.w.org\/{rel}","templated":true}]}}