{"id":1995316,"date":"2020-11-25T17:29:21","date_gmt":"2020-11-25T16:29:21","guid":{"rendered":"https:\/\/de.tilta.com\/shop\/support-dalimentation-a-double-poignee-pour-dji-ronin\/"},"modified":"2025-12-22T03:45:52","modified_gmt":"2025-12-22T02:45:52","slug":"dual-handle-power-supply-bracket-for-dji-ronin","status":"publish","type":"product","link":"https:\/\/eu.tilta.com\/fr\/shop\/dual-handle-power-supply-bracket-for-dji-ronin\/","title":{"rendered":"Support d&#8217;alimentation \u00e0 double poign\u00e9e pour DJI Ronin"},"content":{"rendered":"<p>Le support d&#8217;alimentation \u00e0 double poign\u00e9e pour DJI Ronin vous permet d&#8217;alimenter votre DJI RS2, RSC2, RS 3\/3 Pro, et RS 4\/4 Pro via une batterie Gold ou V-Mount, fournit une stabilit\u00e9 suppl\u00e9mentaire lors de l&#8217;utilisation, et dispose de plusieurs points de fixation pour attacher des accessoires.<\/p>\n<p>Le support d&#8217;alimentation vous permet de monter la poign\u00e9e de batterie du Ronin sur le c\u00f4t\u00e9 gauche pour augmenter l&#8217;autonomie de la batterie, tandis que les filets sur le c\u00f4t\u00e9 droit permettent de monter la poign\u00e9e m\u00e9canique incluse dans diff\u00e9rentes positions et \u00e0 diff\u00e9rentes distances du corps du cardan.<\/p>\n<p>Le support d&#8217;alimentation est \u00e9galement compatible avec la poign\u00e9e de t\u00e9l\u00e9commande de l&#8217;Advanced Ring Grip et la poign\u00e9e de commande d&#8217;objectif sans fil \u00e0 deux canaux qui permet un contr\u00f4le total des DJI RS2, RSC2, RS 3 Pro et RS 4\/4 Pro et des syst\u00e8mes de suivi de la mise au point sans fil tels que le Nucleus M ou Nano.<\/p>\n<p>Le rail NATO et les filetages \u00bc&#8221;-20 permettent de monter de nombreux accessoires, y compris le tr\u00e9pied\/la poign\u00e9e allong\u00e9e du DJI Ronin.<\/p>\n","protected":false},"excerpt":{"rendered":"<p>Le support d&#8217;alimentation \u00e0 double poign\u00e9e pour DJI Ronin vous permet d&#8217;alimenter votre DJI RS2, RSC2, RS 3\/3 Pro, et RS 4\/4 Pro via une batterie Gold ou V-Mount, fournit une stabilit\u00e9 suppl\u00e9mentaire lors de l&#8217;utilisation, et dispose de plusieurs [&hellip;]<\/p>\n","protected":false},"featured_media":0,"comment_status":"closed","ping_status":"closed","template":"","meta":[],"product_cat":[2335],"product_tag":[],"acf":[],"gallery_images":[886470,886472,886474],"_links":{"self":[{"href":"https:\/\/eu.tilta.com\/fr\/wp-json\/wp\/v2\/product\/1995316"}],"collection":[{"href":"https:\/\/eu.tilta.com\/fr\/wp-json\/wp\/v2\/product"}],"about":[{"href":"https:\/\/eu.tilta.com\/fr\/wp-json\/wp\/v2\/types\/product"}],"replies":[{"embeddable":true,"href":"https:\/\/eu.tilta.com\/fr\/wp-json\/wp\/v2\/comments?post=1995316"}],"wp:attachment":[{"href":"https:\/\/eu.tilta.com\/fr\/wp-json\/wp\/v2\/media?parent=1995316"}],"wp:term":[{"taxonomy":"product_cat","embeddable":true,"href":"https:\/\/eu.tilta.com\/fr\/wp-json\/wp\/v2\/product_cat?post=1995316"},{"taxonomy":"product_tag","embeddable":true,"href":"https:\/\/eu.tilta.com\/fr\/wp-json\/wp\/v2\/product_tag?post=1995316"}],"curies":[{"name":"wp","href":"https:\/\/api.w.org\/{rel}","templated":true}]}}