{"id":1995354,"date":"2020-11-19T10:54:10","date_gmt":"2020-11-19T09:54:10","guid":{"rendered":"https:\/\/de.tilta.com\/shop\/boite-de-matage-en-fibre-de-carbone-4x5-65-clamp-on-avec-support-simple\/"},"modified":"2025-12-05T13:04:48","modified_gmt":"2025-12-05T12:04:48","slug":"4x5-65-carbon-fiber-matte-box-clamp-on-with-single-backing","status":"publish","type":"product","link":"https:\/\/eu.tilta.com\/fr\/shop\/4x5-65-carbon-fiber-matte-box-clamp-on-with-single-backing\/","title":{"rendered":"Bo\u00eete de matage en fibre de carbone 4&#215;5.65 (Clamp-on) avec support simple"},"content":{"rendered":"<p><!--StartFragment-->Cette matte box 4\u00d75,65 en fibre de carbone est con\u00e7ue pour se fixer directement sur les objectifs cin\u00e9ma de taille standard afin d&#8217;\u00eatre aussi l\u00e9g\u00e8re et discr\u00e8te que possible.<\/p>\n<p>Il comprend une bague d&#8217;adaptation \u00e0 un seul objectif pour s&#8217;adapter au diam\u00e8tre avant de votre choix.<\/p>\n<p>Des <a href=\"https:\/\/de.tilta.com\/shop\/backing-for-mb-t12-clamp-on-matte-box\/\">supports de<\/a> taille suppl\u00e9mentaire peuvent \u00eatre achet\u00e9s s\u00e9par\u00e9ment. Nous proposons \u00e9galement un <a href=\"https:\/\/de.tilta.com\/shop\/4x5-65-carbon-fiber-matte-box-clamp-on-mb-t12\/\">kit complet<\/a> avec plusieurs supports.<\/p>\n<p>Ces bagues d&#8217;adaptation permettent non seulement de fixer directement la bo\u00eete mate \u00e0 l&#8217;objectif, mais aussi d&#8217;\u00e9viter d&#8217;avoir \u00e0 utiliser des beignets pour l&#8217;objectif.<\/p>\n<p>L&#8217;ensemble comprend un drapeau fran\u00e7ais sup\u00e9rieur pour assurer la protection contre les \u00e9ruptions.<!--EndFragment--><\/p>\n<p>Il comprend \u00e9galement une fixation pour tige de 15 mm si vous souhaitez monter la matte box \u00e0 l&#8217;aide de tiges LWS.<\/p>\n","protected":false},"excerpt":{"rendered":"<p>Cette matte box 4\u00d75,65 en fibre de carbone est con\u00e7ue pour se fixer directement sur les objectifs cin\u00e9ma de taille standard afin d&#8217;\u00eatre aussi l\u00e9g\u00e8re et discr\u00e8te que possible. Il comprend une bague d&#8217;adaptation \u00e0 un seul objectif pour s&#8217;adapter [&hellip;]<\/p>\n","protected":false},"featured_media":0,"comment_status":"closed","ping_status":"closed","template":"","meta":[],"product_cat":[1620,1622,1626,1629,1652,1723,3147,1658,1697,1675,1679,1681,1684,2127],"product_tag":[],"acf":[],"gallery_images":[885959,885961],"_links":{"self":[{"href":"https:\/\/eu.tilta.com\/fr\/wp-json\/wp\/v2\/product\/1995354"}],"collection":[{"href":"https:\/\/eu.tilta.com\/fr\/wp-json\/wp\/v2\/product"}],"about":[{"href":"https:\/\/eu.tilta.com\/fr\/wp-json\/wp\/v2\/types\/product"}],"replies":[{"embeddable":true,"href":"https:\/\/eu.tilta.com\/fr\/wp-json\/wp\/v2\/comments?post=1995354"}],"wp:attachment":[{"href":"https:\/\/eu.tilta.com\/fr\/wp-json\/wp\/v2\/media?parent=1995354"}],"wp:term":[{"taxonomy":"product_cat","embeddable":true,"href":"https:\/\/eu.tilta.com\/fr\/wp-json\/wp\/v2\/product_cat?post=1995354"},{"taxonomy":"product_tag","embeddable":true,"href":"https:\/\/eu.tilta.com\/fr\/wp-json\/wp\/v2\/product_tag?post=1995354"}],"curies":[{"name":"wp","href":"https:\/\/api.w.org\/{rel}","templated":true}]}}