{"id":1995392,"date":"2020-11-18T16:20:50","date_gmt":"2020-11-18T15:20:50","guid":{"rendered":"https:\/\/de.tilta.com\/shop\/wireless-video-mounting-bracket-for-dji-ronin\/"},"modified":"2026-05-13T14:58:35","modified_gmt":"2026-05-13T12:58:35","slug":"wireless-video-mounting-bracket","status":"publish","type":"product","link":"https:\/\/eu.tilta.com\/fr\/shop\/wireless-video-mounting-bracket\/","title":{"rendered":"Wireless Video Mounting Bracket for DJI Ronin"},"content":{"rendered":"<p>Ce support se monte sous la base du r\u00e9cepteur de la plaque de base de la rotule et, gr\u00e2ce \u00e0 une conception \u00e0 90 degr\u00e9s, vous permet de monter divers \u00e9metteurs vid\u00e9o sans fil tiers sur votre installation via une vis 1\/4&#8243;-20 qui se serre \u00e0 la main.<\/p>\n<p>Compatible avec les RS2, RSC2, RS3, RS3 Pro et RS4\/4 Pro<\/p>\n","protected":false},"excerpt":{"rendered":"<p>Ce support se monte sous la base du r\u00e9cepteur de la plaque de base de la rotule et, gr\u00e2ce \u00e0 une conception \u00e0 90 degr\u00e9s, vous permet de monter divers \u00e9metteurs vid\u00e9o sans fil tiers sur votre installation via une [&hellip;]<\/p>\n","protected":false},"featured_media":0,"comment_status":"closed","ping_status":"closed","template":"","meta":[],"product_cat":[2249],"product_tag":[],"acf":[],"gallery_images":[1069098],"_links":{"self":[{"href":"https:\/\/eu.tilta.com\/fr\/wp-json\/wp\/v2\/product\/1995392"}],"collection":[{"href":"https:\/\/eu.tilta.com\/fr\/wp-json\/wp\/v2\/product"}],"about":[{"href":"https:\/\/eu.tilta.com\/fr\/wp-json\/wp\/v2\/types\/product"}],"replies":[{"embeddable":true,"href":"https:\/\/eu.tilta.com\/fr\/wp-json\/wp\/v2\/comments?post=1995392"}],"wp:attachment":[{"href":"https:\/\/eu.tilta.com\/fr\/wp-json\/wp\/v2\/media?parent=1995392"}],"wp:term":[{"taxonomy":"product_cat","embeddable":true,"href":"https:\/\/eu.tilta.com\/fr\/wp-json\/wp\/v2\/product_cat?post=1995392"},{"taxonomy":"product_tag","embeddable":true,"href":"https:\/\/eu.tilta.com\/fr\/wp-json\/wp\/v2\/product_tag?post=1995392"}],"curies":[{"name":"wp","href":"https:\/\/api.w.org\/{rel}","templated":true}]}}