{"id":1995401,"date":"2020-11-18T15:37:23","date_gmt":"2020-11-18T14:37:23","guid":{"rendered":"https:\/\/de.tilta.com\/shop\/contrepoids-de-100g\/"},"modified":"2025-12-10T13:54:20","modified_gmt":"2025-12-10T12:54:20","slug":"100g-counterweight","status":"publish","type":"product","link":"https:\/\/eu.tilta.com\/fr\/shop\/100g-counterweight\/","title":{"rendered":"Contrepoids de 100g"},"content":{"rendered":"<p>Ce contrepoids de 100 g peut \u00eatre utilis\u00e9 avec la pince de contrepoids pour bras lat\u00e9ral et\/ou l&#8217;adaptateur de contrepoids pour plaque de base \u00e0 d\u00e9gagement rapide pour fournir un poids suppl\u00e9mentaire si n\u00e9cessaire lors de l&#8217;\u00e9quilibrage de votre cam\u00e9ra sur le cardan.<\/p>\n","protected":false},"excerpt":{"rendered":"<p>Ce contrepoids de 100 g peut \u00eatre utilis\u00e9 avec la pince de contrepoids pour bras lat\u00e9ral et\/ou l&#8217;adaptateur de contrepoids pour plaque de base \u00e0 d\u00e9gagement rapide pour fournir un poids suppl\u00e9mentaire si n\u00e9cessaire lors de l&#8217;\u00e9quilibrage de votre cam\u00e9ra [&hellip;]<\/p>\n","protected":false},"featured_media":0,"comment_status":"closed","ping_status":"closed","template":"","meta":[],"product_cat":[2249,2329],"product_tag":[],"acf":[],"gallery_images":[1065909,1065911],"_links":{"self":[{"href":"https:\/\/eu.tilta.com\/fr\/wp-json\/wp\/v2\/product\/1995401"}],"collection":[{"href":"https:\/\/eu.tilta.com\/fr\/wp-json\/wp\/v2\/product"}],"about":[{"href":"https:\/\/eu.tilta.com\/fr\/wp-json\/wp\/v2\/types\/product"}],"replies":[{"embeddable":true,"href":"https:\/\/eu.tilta.com\/fr\/wp-json\/wp\/v2\/comments?post=1995401"}],"wp:attachment":[{"href":"https:\/\/eu.tilta.com\/fr\/wp-json\/wp\/v2\/media?parent=1995401"}],"wp:term":[{"taxonomy":"product_cat","embeddable":true,"href":"https:\/\/eu.tilta.com\/fr\/wp-json\/wp\/v2\/product_cat?post=1995401"},{"taxonomy":"product_tag","embeddable":true,"href":"https:\/\/eu.tilta.com\/fr\/wp-json\/wp\/v2\/product_tag?post=1995401"}],"curies":[{"name":"wp","href":"https:\/\/api.w.org\/{rel}","templated":true}]}}