{"id":1995404,"date":"2020-11-18T16:36:59","date_gmt":"2020-11-18T15:36:59","guid":{"rendered":"https:\/\/de.tilta.com\/shop\/systeme-de-montage-hydra-alien-pour-voiture\/"},"modified":"2026-04-14T07:31:57","modified_gmt":"2026-04-14T05:31:57","slug":"hydra-alien-car-mounting-system","status":"publish","type":"product","link":"https:\/\/eu.tilta.com\/fr\/shop\/hydra-alien-car-mounting-system\/","title":{"rendered":"Syst\u00e8me de montage Hydra Alien pour voiture"},"content":{"rendered":"<p><b>RS3 AVERTISSEMENT : La derni\u00e8re g\u00e9n\u00e9ration de cardan RS3 n&#8217;est PAS compatible avec le support de fixation de s\u00e9curit\u00e9 de la plaque de base Power Supple.<\/b><\/p>\n<p><b>Un tableau actualis\u00e9 sera disponible dans les semaines \u00e0 venir.  <\/b><\/p>\n<p>Le syst\u00e8me de montage Hydra Alien pour voiture a \u00e9t\u00e9 con\u00e7u d\u00e8s le d\u00e9part pour fonctionner en conjonction avec des cardans plus petits afin d&#8217;offrir une solution l\u00e9g\u00e8re pour la cin\u00e9matographie mont\u00e9e sur voiture.<\/p>\n<p>Le syst\u00e8me utilise une combinaison hautement personnalisable de plaques en forme de queue d&#8217;aronde et de ventouses qui peuvent supporter une charge utile de 50 kg chacune.<\/p>\n<p>Le silicone tr\u00e8s \u00e9lastique qui absorbe les chocs offre une plus grande durabilit\u00e9 et moins d&#8217;abrasion, tandis que les nouveaux plongeurs \u00e0 ventouse cr\u00e9ent une \u00e9tanch\u00e9it\u00e9 plus forte pour une meilleure s\u00e9curit\u00e9 par temps froid.<\/p>\n<p>Lorsqu&#8217;il est interconnect\u00e9, le syst\u00e8me permet aux utilisateurs d&#8217;affiner le positionnement exact de leur prise de vue afin d&#8217;obtenir presque tous les angles possibles lors du montage sur un v\u00e9hicule.<\/p>\n<p>Le syst\u00e8me utilise \u00e9galement un bras qui absorbe les chocs afin de mieux stabiliser la cam\u00e9ra pour certaines prises de vue, ainsi qu&#8217;une t\u00eate de berceau \u00e0 ressort si la prise de vue envisag\u00e9e n\u00e9cessite que le cardan soit retourn\u00e9.<\/p>\n<p>Le m\u00e2t d&#8217;amortissement hydraulique nouvellement inclus stabilise davantage le bras afin d&#8217;obtenir des r\u00e9sultats plus souples lorsque les conditions de conduite ne sont pas optimales.<\/p>\n<p>L&#8217;Hydra Alien prend en charge le contr\u00f4le sans fil complet des RS2 et RS3 Pro via le <a href=\"https:\/\/de.tilta.com\/shop\/remote-control-kit-for-dji-ronin\/\">kit de t\u00e9l\u00e9commande<\/a> optionnel qui vous permet de contr\u00f4ler les param\u00e8tres de votre cardan, ainsi que les fonctions d&#8217;enregistrement et de photo de votre appareil photo via une connexion c\u00e2bl\u00e9e ou sans fil.<\/p>\n<p>Il est \u00e9galement dot\u00e9 d&#8217;un manche \u00e0 balai qui vous permet de contr\u00f4ler le panoramique et l&#8217;inclinaison de votre cardan pour une pr\u00e9cision maximale lors de l&#8217;utilisation.<\/p>\n<p>Haut, bas. Sur le c\u00f4t\u00e9 de la voiture, sur le dessus &#8211; presque toutes les prises de vue sur la voiture peuvent \u00eatre configur\u00e9es \u00e0 l&#8217;aide du syst\u00e8me de montage Hydra Alien pour voiture. Laissez libre cours \u00e0 votre imagination !<\/p>\n<p>*Ce syst\u00e8me est compatible avec les DJI RS2, RS3, RS3 Pro, Crane 3S, Ronin 4D et tout autre gimbal pouvant \u00eatre mont\u00e9 \u00e0 l&#8217;aide de vis 1\/4&#8243;-20 et aliment\u00e9 par P-Tap ou en interne*.<\/p>\n<p><strong>ATTENTION : Nous ne recommandons pas d&#8217;utiliser les ventouses sur des v\u00e9hicules emball\u00e9s en raison des probl\u00e8mes de succion li\u00e9s \u00e0 la lumi\u00e8re directe du soleil et \u00e0 la chaleur.<\/strong><\/p>\n","protected":false},"excerpt":{"rendered":"<p>RS3 AVERTISSEMENT : La derni\u00e8re g\u00e9n\u00e9ration de cardan RS3 n&#8217;est PAS compatible avec le support de fixation de s\u00e9curit\u00e9 de la plaque de base Power Supple. Un tableau actualis\u00e9 sera disponible dans les semaines \u00e0 venir. Le syst\u00e8me de montage [&hellip;]<\/p>\n","protected":false},"featured_media":0,"comment_status":"closed","ping_status":"closed","template":"","meta":[],"product_cat":[1894,1895],"product_tag":[],"acf":[],"gallery_images":[890643,890659,890663,890657,890665,890667,890669],"_links":{"self":[{"href":"https:\/\/eu.tilta.com\/fr\/wp-json\/wp\/v2\/product\/1995404"}],"collection":[{"href":"https:\/\/eu.tilta.com\/fr\/wp-json\/wp\/v2\/product"}],"about":[{"href":"https:\/\/eu.tilta.com\/fr\/wp-json\/wp\/v2\/types\/product"}],"replies":[{"embeddable":true,"href":"https:\/\/eu.tilta.com\/fr\/wp-json\/wp\/v2\/comments?post=1995404"}],"wp:attachment":[{"href":"https:\/\/eu.tilta.com\/fr\/wp-json\/wp\/v2\/media?parent=1995404"}],"wp:term":[{"taxonomy":"product_cat","embeddable":true,"href":"https:\/\/eu.tilta.com\/fr\/wp-json\/wp\/v2\/product_cat?post=1995404"},{"taxonomy":"product_tag","embeddable":true,"href":"https:\/\/eu.tilta.com\/fr\/wp-json\/wp\/v2\/product_tag?post=1995404"}],"curies":[{"name":"wp","href":"https:\/\/api.w.org\/{rel}","templated":true}]}}