{"id":1995422,"date":"2020-11-18T15:10:31","date_gmt":"2020-11-18T14:10:31","guid":{"rendered":"https:\/\/de.tilta.com\/shop\/right-side-nato-rail-to-rosette-adapter\/"},"modified":"2025-12-05T13:05:10","modified_gmt":"2025-12-05T12:05:10","slug":"right-side-nato-rail-to-rosette-adapter","status":"publish","type":"product","link":"https:\/\/eu.tilta.com\/fr\/shop\/right-side-nato-rail-to-rosette-adapter\/","title":{"rendered":"Right Side NATO Rail to Rosette Adapter"},"content":{"rendered":"<p>Cet adaptateur se fixe sur le c\u00f4t\u00e9 droit du cardan par l&#8217;interm\u00e9diaire d&#8217;un rail OTAN pour vous offrir un point de montage ARRI Standard Rosette ainsi qu&#8217;un r\u00e9cepteur Cold Shoe et un filetage 1\/4\u2033-20.<\/p>\n<p>Cela vous permet de fixer divers accessoires \u00e0 base de rosettes, comme des poign\u00e9es, sur le cardan, ce qui rend l&#8217;exp\u00e9rience d&#8217;utilisation plus confortable et plus stable.<\/p>\n<p>Cet adaptateur peut \u00e9galement \u00eatre utilis\u00e9 avec nos bras d&#8217;extension de rosette qui offrent une plus grande flexibilit\u00e9 dans le positionnement de votre poign\u00e9e.<\/p>\n<p>Le r\u00e9cepteur de chaussure froide situ\u00e9 sur le dessus de l&#8217;adaptateur peut \u00e9galement \u00eatre utilis\u00e9 avec divers accessoires de chaussure froide tels que notre support de chaussure froide vers 1\/4\u2033-20.<\/p>\n<p>Le filetage 1\/4\u2033-20 fournit un point de montage universel pour les petits bras noga et autres accessoires qui utilisent des filets 1\/4\u2033-20.<\/p>\n<p>La connexion Rosette peut \u00e9galement \u00eatre utilis\u00e9e en conjonction avec notre plaque de fixation de volant Nucleus-Nano afin de monter l&#8217;unit\u00e9 de main Nucleus Nano sur les DJI RS2, RSC2, RS3\/3 Pro et RS4\/4 Pro.<\/p>\n","protected":false},"excerpt":{"rendered":"<p>Cet adaptateur se fixe sur le c\u00f4t\u00e9 droit du cardan par l&#8217;interm\u00e9diaire d&#8217;un rail OTAN pour vous offrir un point de montage ARRI Standard Rosette ainsi qu&#8217;un r\u00e9cepteur Cold Shoe et un filetage 1\/4\u2033-20. Cela vous permet de fixer divers [&hellip;]<\/p>\n","protected":false},"featured_media":0,"comment_status":"closed","ping_status":"closed","template":"","meta":[],"product_cat":[2249],"product_tag":[],"acf":[],"gallery_images":[1066188,1066189,1066190],"_links":{"self":[{"href":"https:\/\/eu.tilta.com\/fr\/wp-json\/wp\/v2\/product\/1995422"}],"collection":[{"href":"https:\/\/eu.tilta.com\/fr\/wp-json\/wp\/v2\/product"}],"about":[{"href":"https:\/\/eu.tilta.com\/fr\/wp-json\/wp\/v2\/types\/product"}],"replies":[{"embeddable":true,"href":"https:\/\/eu.tilta.com\/fr\/wp-json\/wp\/v2\/comments?post=1995422"}],"wp:attachment":[{"href":"https:\/\/eu.tilta.com\/fr\/wp-json\/wp\/v2\/media?parent=1995422"}],"wp:term":[{"taxonomy":"product_cat","embeddable":true,"href":"https:\/\/eu.tilta.com\/fr\/wp-json\/wp\/v2\/product_cat?post=1995422"},{"taxonomy":"product_tag","embeddable":true,"href":"https:\/\/eu.tilta.com\/fr\/wp-json\/wp\/v2\/product_tag?post=1995422"}],"curies":[{"name":"wp","href":"https:\/\/api.w.org\/{rel}","templated":true}]}}