{"id":1995425,"date":"2020-11-18T14:43:30","date_gmt":"2020-11-18T13:43:30","guid":{"rendered":"https:\/\/de.tilta.com\/shop\/quick-release-baseplate-counterweight-adapter\/"},"modified":"2025-12-22T16:37:32","modified_gmt":"2025-12-22T15:37:32","slug":"quick-release-baseplate-counterweight-adapter","status":"publish","type":"product","link":"https:\/\/eu.tilta.com\/fr\/shop\/quick-release-baseplate-counterweight-adapter\/","title":{"rendered":"Quick Release Baseplate Counterweight Adapter"},"content":{"rendered":"<p>Cet adaptateur se fixe au bas de la plaque de base des DJI RS2, RSC2, RS3\/3 Pro et RS4\/4 Pro pour permettre l&#8217;ajout de contrepoids.<\/p>\n<p>Cela permet d&#8217;\u00e9quilibrer la configuration de votre cam\u00e9ra sur le cardan si elle est trop lourde \u00e0 l&#8217;avant ou \u00e0 l&#8217;arri\u00e8re.<\/p>\n","protected":false},"excerpt":{"rendered":"<p>Cet adaptateur se fixe au bas de la plaque de base des DJI RS2, RSC2, RS3\/3 Pro et RS4\/4 Pro pour permettre l&#8217;ajout de contrepoids. Cela permet d&#8217;\u00e9quilibrer la configuration de votre cam\u00e9ra sur le cardan si elle est trop [&hellip;]<\/p>\n","protected":false},"featured_media":0,"comment_status":"closed","ping_status":"closed","template":"","meta":[],"product_cat":[2249,2329],"product_tag":[],"acf":[],"gallery_images":[1065634,1065639,1065640],"_links":{"self":[{"href":"https:\/\/eu.tilta.com\/fr\/wp-json\/wp\/v2\/product\/1995425"}],"collection":[{"href":"https:\/\/eu.tilta.com\/fr\/wp-json\/wp\/v2\/product"}],"about":[{"href":"https:\/\/eu.tilta.com\/fr\/wp-json\/wp\/v2\/types\/product"}],"replies":[{"embeddable":true,"href":"https:\/\/eu.tilta.com\/fr\/wp-json\/wp\/v2\/comments?post=1995425"}],"wp:attachment":[{"href":"https:\/\/eu.tilta.com\/fr\/wp-json\/wp\/v2\/media?parent=1995425"}],"wp:term":[{"taxonomy":"product_cat","embeddable":true,"href":"https:\/\/eu.tilta.com\/fr\/wp-json\/wp\/v2\/product_cat?post=1995425"},{"taxonomy":"product_tag","embeddable":true,"href":"https:\/\/eu.tilta.com\/fr\/wp-json\/wp\/v2\/product_tag?post=1995425"}],"curies":[{"name":"wp","href":"https:\/\/api.w.org\/{rel}","templated":true}]}}