{"id":1995430,"date":"2020-11-18T15:00:56","date_gmt":"2020-11-18T14:00:56","guid":{"rendered":"https:\/\/de.tilta.com\/shop\/monitor-mounting-bracket\/"},"modified":"2025-12-05T13:05:14","modified_gmt":"2025-12-05T12:05:14","slug":"monitor-mounting-bracket","status":"publish","type":"product","link":"https:\/\/eu.tilta.com\/fr\/shop\/monitor-mounting-bracket\/","title":{"rendered":"Monitor Mounting Bracket"},"content":{"rendered":"<p>Ce support se fixe sur le c\u00f4t\u00e9 de la rotule via un rail NATO et s&#8217;\u00e9tend horizontalement sur le c\u00f4t\u00e9 pour vous permettre de fixer un petit moniteur \u00e0 votre installation via une vis 1\/4&#8243;-20 qui se serre \u00e0 la main.<\/p>\n<p>Compatible avec les DJI RS2, RSC2, RS3, RS3 Pro et RS4\/4 Pro<\/p>\n","protected":false},"excerpt":{"rendered":"<p>Ce support se fixe sur le c\u00f4t\u00e9 de la rotule via un rail NATO et s&#8217;\u00e9tend horizontalement sur le c\u00f4t\u00e9 pour vous permettre de fixer un petit moniteur \u00e0 votre installation via une vis 1\/4&#8243;-20 qui se serre \u00e0 la [&hellip;]<\/p>\n","protected":false},"featured_media":0,"comment_status":"closed","ping_status":"closed","template":"","meta":[],"product_cat":[2249],"product_tag":[],"acf":[],"gallery_images":[1068861,1068863,1068862],"_links":{"self":[{"href":"https:\/\/eu.tilta.com\/fr\/wp-json\/wp\/v2\/product\/1995430"}],"collection":[{"href":"https:\/\/eu.tilta.com\/fr\/wp-json\/wp\/v2\/product"}],"about":[{"href":"https:\/\/eu.tilta.com\/fr\/wp-json\/wp\/v2\/types\/product"}],"replies":[{"embeddable":true,"href":"https:\/\/eu.tilta.com\/fr\/wp-json\/wp\/v2\/comments?post=1995430"}],"wp:attachment":[{"href":"https:\/\/eu.tilta.com\/fr\/wp-json\/wp\/v2\/media?parent=1995430"}],"wp:term":[{"taxonomy":"product_cat","embeddable":true,"href":"https:\/\/eu.tilta.com\/fr\/wp-json\/wp\/v2\/product_cat?post=1995430"},{"taxonomy":"product_tag","embeddable":true,"href":"https:\/\/eu.tilta.com\/fr\/wp-json\/wp\/v2\/product_tag?post=1995430"}],"curies":[{"name":"wp","href":"https:\/\/api.w.org\/{rel}","templated":true}]}}