{"id":1995431,"date":"2020-11-16T16:44:43","date_gmt":"2020-11-16T15:44:43","guid":{"rendered":"https:\/\/de.tilta.com\/shop\/courroie-de-poignet-tilta-pour-la-poignee-de-mise-au-point-avancee-du-cote-droit\/"},"modified":"2026-04-27T13:17:59","modified_gmt":"2026-04-27T11:17:59","slug":"tiltaing-wrist-strap-for-right-side-advanced-focus-handle","status":"publish","type":"product","link":"https:\/\/eu.tilta.com\/fr\/shop\/tiltaing-wrist-strap-for-right-side-advanced-focus-handle\/","title":{"rendered":"Courroie de poignet Tilta pour la poign\u00e9e de mise au point avanc\u00e9e du c\u00f4t\u00e9 droit"},"content":{"rendered":"<p>Cette dragonne s&#8217;attache \u00e0 la poign\u00e9e de mise au point avanc\u00e9e Tiltaing Right Side pour vous permettre de tenir votre appareil photo en toute s\u00e9curit\u00e9.<\/p>\n","protected":false},"excerpt":{"rendered":"<p>Cette dragonne s&#8217;attache \u00e0 la poign\u00e9e de mise au point avanc\u00e9e Tiltaing Right Side pour vous permettre de tenir votre appareil photo en toute s\u00e9curit\u00e9.<\/p>\n","protected":false},"featured_media":0,"comment_status":"closed","ping_status":"closed","template":"","meta":[],"product_cat":[2043,1881,2380],"product_tag":[],"acf":[],"gallery_images":[],"_links":{"self":[{"href":"https:\/\/eu.tilta.com\/fr\/wp-json\/wp\/v2\/product\/1995431"}],"collection":[{"href":"https:\/\/eu.tilta.com\/fr\/wp-json\/wp\/v2\/product"}],"about":[{"href":"https:\/\/eu.tilta.com\/fr\/wp-json\/wp\/v2\/types\/product"}],"replies":[{"embeddable":true,"href":"https:\/\/eu.tilta.com\/fr\/wp-json\/wp\/v2\/comments?post=1995431"}],"wp:attachment":[{"href":"https:\/\/eu.tilta.com\/fr\/wp-json\/wp\/v2\/media?parent=1995431"}],"wp:term":[{"taxonomy":"product_cat","embeddable":true,"href":"https:\/\/eu.tilta.com\/fr\/wp-json\/wp\/v2\/product_cat?post=1995431"},{"taxonomy":"product_tag","embeddable":true,"href":"https:\/\/eu.tilta.com\/fr\/wp-json\/wp\/v2\/product_tag?post=1995431"}],"curies":[{"name":"wp","href":"https:\/\/api.w.org\/{rel}","templated":true}]}}