{"id":1995433,"date":"2020-11-18T15:14:08","date_gmt":"2020-11-18T14:14:08","guid":{"rendered":"https:\/\/de.tilta.com\/shop\/rosette-extender-arm\/"},"modified":"2026-01-21T16:35:54","modified_gmt":"2026-01-21T15:35:54","slug":"rosette-extender-arm","status":"publish","type":"product","link":"https:\/\/eu.tilta.com\/fr\/shop\/rosette-extender-arm\/","title":{"rendered":"Rosette Extender Arm"},"content":{"rendered":"<p>Ce bras d&#8217;extension vous permet d&#8217;ajuster l&#8217;angle et la longueur de vos poign\u00e9es pour un confort d&#8217;utilisation maximal.<\/p>\n<p>Il est dot\u00e9 de connexions de rosette standard Arri, de sorte qu&#8217;il peut \u00eatre attach\u00e9 \u00e0 n&#8217;importe quelle rosette compatible.<\/p>\n","protected":false},"excerpt":{"rendered":"<p>Ce bras d&#8217;extension vous permet d&#8217;ajuster l&#8217;angle et la longueur de vos poign\u00e9es pour un confort d&#8217;utilisation maximal. Il est dot\u00e9 de connexions de rosette standard Arri, de sorte qu&#8217;il peut \u00eatre attach\u00e9 \u00e0 n&#8217;importe quelle rosette compatible.<\/p>\n","protected":false},"featured_media":0,"comment_status":"closed","ping_status":"closed","template":"","meta":[],"product_cat":[2249,2162],"product_tag":[],"acf":[],"gallery_images":[1065952,1065953,994315],"_links":{"self":[{"href":"https:\/\/eu.tilta.com\/fr\/wp-json\/wp\/v2\/product\/1995433"}],"collection":[{"href":"https:\/\/eu.tilta.com\/fr\/wp-json\/wp\/v2\/product"}],"about":[{"href":"https:\/\/eu.tilta.com\/fr\/wp-json\/wp\/v2\/types\/product"}],"replies":[{"embeddable":true,"href":"https:\/\/eu.tilta.com\/fr\/wp-json\/wp\/v2\/comments?post=1995433"}],"wp:attachment":[{"href":"https:\/\/eu.tilta.com\/fr\/wp-json\/wp\/v2\/media?parent=1995433"}],"wp:term":[{"taxonomy":"product_cat","embeddable":true,"href":"https:\/\/eu.tilta.com\/fr\/wp-json\/wp\/v2\/product_cat?post=1995433"},{"taxonomy":"product_tag","embeddable":true,"href":"https:\/\/eu.tilta.com\/fr\/wp-json\/wp\/v2\/product_tag?post=1995433"}],"curies":[{"name":"wp","href":"https:\/\/api.w.org\/{rel}","templated":true}]}}