{"id":1995441,"date":"2020-11-17T01:49:50","date_gmt":"2020-11-17T00:49:50","guid":{"rendered":"https:\/\/de.tilta.com\/shop\/tilta-36mm-nato-rail-attachment\/"},"modified":"2026-02-16T09:02:51","modified_gmt":"2026-02-16T08:02:51","slug":"tiltaing-36mm-nato-rail-attachment","status":"publish","type":"product","link":"https:\/\/eu.tilta.com\/fr\/shop\/tiltaing-36mm-nato-rail-attachment\/","title":{"rendered":"Tilta 36mm NATO Rail Attachment"},"content":{"rendered":"<p>Ce rail de fixation OTAN de 36 mm peut \u00eatre fix\u00e9 aux cages de cam\u00e9ra Tiltaing \u00e0 l&#8217;aide de deux vis 1\/4&#8243;-20. Cela vous permet de fixer les diff\u00e9rentes poign\u00e9es NATO sur rail \u00e0 votre installation afin de vous offrir une exp\u00e9rience d&#8217;utilisation plus confortable.<\/p>\n","protected":false},"excerpt":{"rendered":"<p>Ce rail de fixation OTAN de 36 mm peut \u00eatre fix\u00e9 aux cages de cam\u00e9ra Tiltaing \u00e0 l&#8217;aide de deux vis 1\/4&#8243;-20. Cela vous permet de fixer les diff\u00e9rentes poign\u00e9es NATO sur rail \u00e0 votre installation afin de vous offrir [&hellip;]<\/p>\n","protected":false},"featured_media":0,"comment_status":"closed","ping_status":"closed","template":"","meta":[],"product_cat":[4448,2157,2116],"product_tag":[],"acf":[],"gallery_images":[885622],"_links":{"self":[{"href":"https:\/\/eu.tilta.com\/fr\/wp-json\/wp\/v2\/product\/1995441"}],"collection":[{"href":"https:\/\/eu.tilta.com\/fr\/wp-json\/wp\/v2\/product"}],"about":[{"href":"https:\/\/eu.tilta.com\/fr\/wp-json\/wp\/v2\/types\/product"}],"replies":[{"embeddable":true,"href":"https:\/\/eu.tilta.com\/fr\/wp-json\/wp\/v2\/comments?post=1995441"}],"wp:attachment":[{"href":"https:\/\/eu.tilta.com\/fr\/wp-json\/wp\/v2\/media?parent=1995441"}],"wp:term":[{"taxonomy":"product_cat","embeddable":true,"href":"https:\/\/eu.tilta.com\/fr\/wp-json\/wp\/v2\/product_cat?post=1995441"},{"taxonomy":"product_tag","embeddable":true,"href":"https:\/\/eu.tilta.com\/fr\/wp-json\/wp\/v2\/product_tag?post=1995441"}],"curies":[{"name":"wp","href":"https:\/\/api.w.org\/{rel}","templated":true}]}}