{"id":1995445,"date":"2020-11-16T16:40:16","date_gmt":"2020-11-16T15:40:16","guid":{"rendered":"https:\/\/de.tilta.com\/shop\/dragonne-tilta-pour-poignee-gauche-advanced-power-handle\/"},"modified":"2025-12-05T13:05:33","modified_gmt":"2025-12-05T12:05:33","slug":"tiltaing-wrist-strap-for-left-side-advanced-power-handle","status":"publish","type":"product","link":"https:\/\/eu.tilta.com\/fr\/shop\/tiltaing-wrist-strap-for-left-side-advanced-power-handle\/","title":{"rendered":"Dragonne Tilta pour poign\u00e9e gauche Advanced Power Handle"},"content":{"rendered":"<p>Cette courroie se fixe \u00e0 la poign\u00e9e Tiltaing Left Side Advanced Power Handle pour vous permettre de tenir votre appareil photo en toute s\u00e9curit\u00e9.<\/p>\n","protected":false},"excerpt":{"rendered":"<p>Cette courroie se fixe \u00e0 la poign\u00e9e Tiltaing Left Side Advanced Power Handle pour vous permettre de tenir votre appareil photo en toute s\u00e9curit\u00e9.<\/p>\n","protected":false},"featured_media":0,"comment_status":"closed","ping_status":"closed","template":"","meta":[],"product_cat":[2043,1881,2380],"product_tag":[],"acf":[],"gallery_images":[],"_links":{"self":[{"href":"https:\/\/eu.tilta.com\/fr\/wp-json\/wp\/v2\/product\/1995445"}],"collection":[{"href":"https:\/\/eu.tilta.com\/fr\/wp-json\/wp\/v2\/product"}],"about":[{"href":"https:\/\/eu.tilta.com\/fr\/wp-json\/wp\/v2\/types\/product"}],"replies":[{"embeddable":true,"href":"https:\/\/eu.tilta.com\/fr\/wp-json\/wp\/v2\/comments?post=1995445"}],"wp:attachment":[{"href":"https:\/\/eu.tilta.com\/fr\/wp-json\/wp\/v2\/media?parent=1995445"}],"wp:term":[{"taxonomy":"product_cat","embeddable":true,"href":"https:\/\/eu.tilta.com\/fr\/wp-json\/wp\/v2\/product_cat?post=1995445"},{"taxonomy":"product_tag","embeddable":true,"href":"https:\/\/eu.tilta.com\/fr\/wp-json\/wp\/v2\/product_tag?post=1995445"}],"curies":[{"name":"wp","href":"https:\/\/api.w.org\/{rel}","templated":true}]}}