{"id":1995476,"date":"2020-11-10T15:45:58","date_gmt":"2020-11-10T14:45:58","guid":{"rendered":"https:\/\/de.tilta.com\/shop\/tilta-cold-shoe-receiver-attachment\/"},"modified":"2026-02-16T09:02:52","modified_gmt":"2026-02-16T08:02:52","slug":"tiltaing-cold-shoe-receiver-attachment","status":"publish","type":"product","link":"https:\/\/eu.tilta.com\/fr\/shop\/tiltaing-cold-shoe-receiver-attachment\/","title":{"rendered":"Tilta Cold Shoe Receiver Attachment"},"content":{"rendered":"<p>Cet accessoire se monte sur n&#8217;importe quel trou de vis ARRI-lock 1\/4&#8243;-20 sur les cages de cam\u00e9ra Tiltaing pour fournir une monture de r\u00e9cepteur cold-shoe. Cela vous permet de monter n&#8217;importe quel accessoire \u00e0 base de chaussure froide sur votre installation.<\/p>\n","protected":false},"excerpt":{"rendered":"<p>Cet accessoire se monte sur n&#8217;importe quel trou de vis ARRI-lock 1\/4&#8243;-20 sur les cages de cam\u00e9ra Tiltaing pour fournir une monture de r\u00e9cepteur cold-shoe. Cela vous permet de monter n&#8217;importe quel accessoire \u00e0 base de chaussure froide sur votre [&hellip;]<\/p>\n","protected":false},"featured_media":0,"comment_status":"closed","ping_status":"closed","template":"","meta":[],"product_cat":[4448,1636,1768,1655,1663,1880,2418],"product_tag":[],"acf":[],"gallery_images":[885400],"_links":{"self":[{"href":"https:\/\/eu.tilta.com\/fr\/wp-json\/wp\/v2\/product\/1995476"}],"collection":[{"href":"https:\/\/eu.tilta.com\/fr\/wp-json\/wp\/v2\/product"}],"about":[{"href":"https:\/\/eu.tilta.com\/fr\/wp-json\/wp\/v2\/types\/product"}],"replies":[{"embeddable":true,"href":"https:\/\/eu.tilta.com\/fr\/wp-json\/wp\/v2\/comments?post=1995476"}],"wp:attachment":[{"href":"https:\/\/eu.tilta.com\/fr\/wp-json\/wp\/v2\/media?parent=1995476"}],"wp:term":[{"taxonomy":"product_cat","embeddable":true,"href":"https:\/\/eu.tilta.com\/fr\/wp-json\/wp\/v2\/product_cat?post=1995476"},{"taxonomy":"product_tag","embeddable":true,"href":"https:\/\/eu.tilta.com\/fr\/wp-json\/wp\/v2\/product_tag?post=1995476"}],"curies":[{"name":"wp","href":"https:\/\/api.w.org\/{rel}","templated":true}]}}