{"id":1995526,"date":"2020-11-10T12:47:19","date_gmt":"2020-11-10T11:47:19","guid":{"rendered":"https:\/\/de.tilta.com\/shop\/fixation-de-cable-hdmi-pour-sony-a7s-iii-half-cage\/"},"modified":"2026-02-16T09:02:53","modified_gmt":"2026-02-16T08:02:53","slug":"hdmi-cable-clamp-attachment-for-sony-a7s-iii-half-cage","status":"publish","type":"product","link":"https:\/\/eu.tilta.com\/fr\/shop\/hdmi-cable-clamp-attachment-for-sony-a7s-iii-half-cage\/","title":{"rendered":"Fixation de c\u00e2ble HDMI pour Sony a7S III Half Cage"},"content":{"rendered":"<p>Cette pince HDMI se fixe sur le c\u00f4t\u00e9 de la demi-cage de cam\u00e9ra Tiltaing pour Sony a7S III.<\/p>\n<p>Il vous permet de fixer en toute s\u00e9curit\u00e9 un <a href=\"https:\/\/de.tilta.com\/shop\/hdmi-male-to-hdmi-female-cable\/\">c\u00e2ble HDMI m\u00e2le vers HDMI femelle<\/a> \u00e0 votre syst\u00e8me.<\/p>\n<p>Cette pince permet d&#8217;\u00e9viter que le c\u00e2ble HDMI ne se d\u00e9tache pendant la prise de vue et de prot\u00e9ger le port de votre appareil photo.<\/p>\n<p>Cela peut s&#8217;av\u00e9rer particuli\u00e8rement utile lors de l&#8217;utilisation d&#8217;un enregistreur externe.<\/p>\n<p><strong>REMARQUE : ce syst\u00e8me ne se fixe pas directement sur la plupart des c\u00e2bles HDMI tiers.<\/strong><\/p>\n","protected":false},"excerpt":{"rendered":"<p>Cette pince HDMI se fixe sur le c\u00f4t\u00e9 de la demi-cage de cam\u00e9ra Tiltaing pour Sony a7S III. Il vous permet de fixer en toute s\u00e9curit\u00e9 un c\u00e2ble HDMI m\u00e2le vers HDMI femelle \u00e0 votre syst\u00e8me. Cette pince permet d&#8217;\u00e9viter [&hellip;]<\/p>\n","protected":false},"featured_media":0,"comment_status":"closed","ping_status":"closed","template":"","meta":[],"product_cat":[4448,1663,2276,2418],"product_tag":[],"acf":[],"gallery_images":[885432],"_links":{"self":[{"href":"https:\/\/eu.tilta.com\/fr\/wp-json\/wp\/v2\/product\/1995526"}],"collection":[{"href":"https:\/\/eu.tilta.com\/fr\/wp-json\/wp\/v2\/product"}],"about":[{"href":"https:\/\/eu.tilta.com\/fr\/wp-json\/wp\/v2\/types\/product"}],"replies":[{"embeddable":true,"href":"https:\/\/eu.tilta.com\/fr\/wp-json\/wp\/v2\/comments?post=1995526"}],"wp:attachment":[{"href":"https:\/\/eu.tilta.com\/fr\/wp-json\/wp\/v2\/media?parent=1995526"}],"wp:term":[{"taxonomy":"product_cat","embeddable":true,"href":"https:\/\/eu.tilta.com\/fr\/wp-json\/wp\/v2\/product_cat?post=1995526"},{"taxonomy":"product_tag","embeddable":true,"href":"https:\/\/eu.tilta.com\/fr\/wp-json\/wp\/v2\/product_tag?post=1995526"}],"curies":[{"name":"wp","href":"https:\/\/api.w.org\/{rel}","templated":true}]}}