{"id":1995556,"date":"2020-10-24T23:32:33","date_gmt":"2020-10-24T21:32:33","guid":{"rendered":"https:\/\/de.tilta.com\/shop\/tilta-left-side-wooden-handle\/"},"modified":"2026-05-09T08:05:52","modified_gmt":"2026-05-09T06:05:52","slug":"tiltaing-left-side-wooden-handle","status":"publish","type":"product","link":"https:\/\/eu.tilta.com\/fr\/shop\/tiltaing-left-side-wooden-handle\/","title":{"rendered":"Tilta Left Side Wooden Handle"},"content":{"rendered":"<p>Cette poign\u00e9e se fixe sur le c\u00f4t\u00e9 gauche des cages de cam\u00e9ra Tiltaing. Sa conception ergonomique offre un confort maximal lors de l&#8217;utilisation de l&#8217;appareil photo.<\/p>\n<p>Il est sculpt\u00e9 \u00e0 la main dans du bois massif et assembl\u00e9 avec de l&#8217;alliage d&#8217;aluminium de haute qualit\u00e9 frais\u00e9 par ordinateur.<\/p>\n","protected":false},"excerpt":{"rendered":"<p>Cette poign\u00e9e se fixe sur le c\u00f4t\u00e9 gauche des cages de cam\u00e9ra Tiltaing. Sa conception ergonomique offre un confort maximal lors de l&#8217;utilisation de l&#8217;appareil photo. Il est sculpt\u00e9 \u00e0 la main dans du bois massif et assembl\u00e9 avec de [&hellip;]<\/p>\n","protected":false},"featured_media":1995572,"comment_status":"closed","ping_status":"closed","template":"","meta":[],"product_cat":[2058,1713,1757,1748,1732,1706,1775,1728,1636,1642,1768,1655,1773,1718,1710,1700,1703,1663,2043,2044],"product_tag":[],"acf":[],"gallery_images":[1995573],"_links":{"self":[{"href":"https:\/\/eu.tilta.com\/fr\/wp-json\/wp\/v2\/product\/1995556"}],"collection":[{"href":"https:\/\/eu.tilta.com\/fr\/wp-json\/wp\/v2\/product"}],"about":[{"href":"https:\/\/eu.tilta.com\/fr\/wp-json\/wp\/v2\/types\/product"}],"replies":[{"embeddable":true,"href":"https:\/\/eu.tilta.com\/fr\/wp-json\/wp\/v2\/comments?post=1995556"}],"wp:featuredmedia":[{"embeddable":true,"href":"https:\/\/eu.tilta.com\/fr\/wp-json\/wp\/v2\/media\/1995572"}],"wp:attachment":[{"href":"https:\/\/eu.tilta.com\/fr\/wp-json\/wp\/v2\/media?parent=1995556"}],"wp:term":[{"taxonomy":"product_cat","embeddable":true,"href":"https:\/\/eu.tilta.com\/fr\/wp-json\/wp\/v2\/product_cat?post=1995556"},{"taxonomy":"product_tag","embeddable":true,"href":"https:\/\/eu.tilta.com\/fr\/wp-json\/wp\/v2\/product_tag?post=1995556"}],"curies":[{"name":"wp","href":"https:\/\/api.w.org\/{rel}","templated":true}]}}