{"id":1996145,"date":"2020-10-15T01:02:32","date_gmt":"2020-10-14T23:02:32","guid":{"rendered":"https:\/\/de.tilta.com\/shop\/tilta-right-side-advanced-focus-handle-f570-battery\/"},"modified":"2026-05-01T10:00:14","modified_gmt":"2026-05-01T08:00:14","slug":"tiltaing-right-side-advanced-focus-handle-f570-battery","status":"publish","type":"product","link":"https:\/\/eu.tilta.com\/fr\/shop\/tiltaing-right-side-advanced-focus-handle-f570-battery\/","title":{"rendered":"Tilta Right Side Advanced Focus Handle (F570 Battery)"},"content":{"rendered":"<p>Cette poign\u00e9e avanc\u00e9e se fixe sur le c\u00f4t\u00e9 droit des cages de cam\u00e9ra Tiltaing.<\/p>\n<p>Un port de batterie situ\u00e9 en bas de la poign\u00e9e vous permet d&#8217;utiliser une batterie Sony F570 pour alimenter le moteur Nucleus Nano via la sortie d&#8217;alimentation USB-C 8V. Une sortie 12V DC est \u00e9galement int\u00e9gr\u00e9e dans la poign\u00e9e.<\/p>\n<p>Une molette int\u00e9gr\u00e9e vous permet de contr\u00f4ler le moteur de la Nucleus Nano et un bouton run\/stop vous permet de contr\u00f4ler la fonction de d\u00e9marrage\/arr\u00eat de l&#8217;enregistrement de votre cam\u00e9ra par le biais d&#8217;un <a href=\"https:\/\/de.tilta.com\/shop\/nucleus-nano-run-stop-cables\/\">c\u00e2ble R\/S Nucleus-Nano<\/a> optionnel (pour les cam\u00e9ras qui supportent cette fonction).<\/p>\n<p class=\"p1\"><b>REMARQUE : L&#8217;adaptateur de type V est dot\u00e9 d&#8217;une rosette standard Tilta qui est compatible avec certaines rosettes ARRI, mais pas toutes.<\/b><\/p>\n<p>&nbsp;<\/p>\n","protected":false},"excerpt":{"rendered":"<p>Cette poign\u00e9e avanc\u00e9e se fixe sur le c\u00f4t\u00e9 droit des cages de cam\u00e9ra Tiltaing. Un port de batterie situ\u00e9 en bas de la poign\u00e9e vous permet d&#8217;utiliser une batterie Sony F570 pour alimenter le moteur Nucleus Nano via la sortie [&hellip;]<\/p>\n","protected":false},"featured_media":1996151,"comment_status":"closed","ping_status":"closed","template":"","meta":[],"product_cat":[1782,1739,1636,1768,1655,2043],"product_tag":[],"acf":[],"gallery_images":[1996152,1996153],"_links":{"self":[{"href":"https:\/\/eu.tilta.com\/fr\/wp-json\/wp\/v2\/product\/1996145"}],"collection":[{"href":"https:\/\/eu.tilta.com\/fr\/wp-json\/wp\/v2\/product"}],"about":[{"href":"https:\/\/eu.tilta.com\/fr\/wp-json\/wp\/v2\/types\/product"}],"replies":[{"embeddable":true,"href":"https:\/\/eu.tilta.com\/fr\/wp-json\/wp\/v2\/comments?post=1996145"}],"wp:featuredmedia":[{"embeddable":true,"href":"https:\/\/eu.tilta.com\/fr\/wp-json\/wp\/v2\/media\/1996151"}],"wp:attachment":[{"href":"https:\/\/eu.tilta.com\/fr\/wp-json\/wp\/v2\/media?parent=1996145"}],"wp:term":[{"taxonomy":"product_cat","embeddable":true,"href":"https:\/\/eu.tilta.com\/fr\/wp-json\/wp\/v2\/product_cat?post=1996145"},{"taxonomy":"product_tag","embeddable":true,"href":"https:\/\/eu.tilta.com\/fr\/wp-json\/wp\/v2\/product_tag?post=1996145"}],"curies":[{"name":"wp","href":"https:\/\/api.w.org\/{rel}","templated":true}]}}