{"id":1996462,"date":"2020-09-04T12:53:35","date_gmt":"2020-09-04T10:53:35","guid":{"rendered":"https:\/\/de.tilta.com\/shop\/poignee-superieure-rotative-tilta\/"},"modified":"2026-04-30T10:01:05","modified_gmt":"2026-04-30T08:01:05","slug":"tiltaing-rotatable-top-handle","status":"publish","type":"product","link":"https:\/\/eu.tilta.com\/fr\/shop\/tiltaing-rotatable-top-handle\/","title":{"rendered":"Poign\u00e9e sup\u00e9rieure rotative Tilta"},"content":{"rendered":"<p>Cette poign\u00e9e sup\u00e9rieure \u00e0 d\u00e9gagement rapide se fixe facilement et en toute s\u00e9curit\u00e9 au point de montage de la griffe froide sur le dessus de la cage de la cam\u00e9ra pour la RED Komodo.<\/p>\n<p>Il comporte un point de fixation pour la chaussure froide \u00e0 l&#8217;avant et un autre \u00e0 l&#8217;arri\u00e8re de la poign\u00e9e.<\/p>\n<p>La poign\u00e9e peut \u00eatre tourn\u00e9e par incr\u00e9ments de 90 degr\u00e9s &#8211; il suffit d&#8217;appuyer sur le bouton situ\u00e9 au centre de la poign\u00e9e et de la tourner dans la position souhait\u00e9e.<\/p>\n","protected":false},"excerpt":{"rendered":"<p>Cette poign\u00e9e sup\u00e9rieure \u00e0 d\u00e9gagement rapide se fixe facilement et en toute s\u00e9curit\u00e9 au point de montage de la griffe froide sur le dessus de la cage de la cam\u00e9ra pour la RED Komodo. Il comporte un point de fixation [&hellip;]<\/p>\n","protected":false},"featured_media":0,"comment_status":"closed","ping_status":"closed","template":"","meta":[],"product_cat":[1636,1655,1663,2173,2174],"product_tag":[],"acf":[],"gallery_images":[882268,882270],"_links":{"self":[{"href":"https:\/\/eu.tilta.com\/fr\/wp-json\/wp\/v2\/product\/1996462"}],"collection":[{"href":"https:\/\/eu.tilta.com\/fr\/wp-json\/wp\/v2\/product"}],"about":[{"href":"https:\/\/eu.tilta.com\/fr\/wp-json\/wp\/v2\/types\/product"}],"replies":[{"embeddable":true,"href":"https:\/\/eu.tilta.com\/fr\/wp-json\/wp\/v2\/comments?post=1996462"}],"wp:attachment":[{"href":"https:\/\/eu.tilta.com\/fr\/wp-json\/wp\/v2\/media?parent=1996462"}],"wp:term":[{"taxonomy":"product_cat","embeddable":true,"href":"https:\/\/eu.tilta.com\/fr\/wp-json\/wp\/v2\/product_cat?post=1996462"},{"taxonomy":"product_tag","embeddable":true,"href":"https:\/\/eu.tilta.com\/fr\/wp-json\/wp\/v2\/product_tag?post=1996462"}],"curies":[{"name":"wp","href":"https:\/\/api.w.org\/{rel}","templated":true}]}}