{"id":1996523,"date":"2020-09-09T09:18:07","date_gmt":"2020-09-09T07:18:07","guid":{"rendered":"https:\/\/de.tilta.com\/shop\/tilta-red-komodo-kit-a\/"},"modified":"2025-12-05T13:09:01","modified_gmt":"2025-12-05T12:09:01","slug":"tiltaing-red-komodo-kit-a","status":"publish","type":"product","link":"https:\/\/eu.tilta.com\/fr\/shop\/tiltaing-red-komodo-kit-a\/","title":{"rendered":"Tilta RED Komodo Kit A"},"content":{"rendered":"<p>Cette cage de cam\u00e9ra fournit une armure de protection pour la cam\u00e9ra RED Komodo. Il comporte plusieurs points de fixation 1\/4&#8243;-20 et 3\/8&#8243;-16 pour le montage d&#8217;accessoires.<\/p>\n<p>Il comprend \u00e9galement deux rosettes de chaque c\u00f4t\u00e9 ainsi qu&#8217;une monture \u00e0 sabot froid sur le dessus. La base de la cage comporte \u00e9galement plusieurs trous de fixation pour attacher votre cam\u00e9ra \u00e0 des cardans afin d&#8217;ajuster plus facilement l&#8217;\u00e9quilibre de votre installation.<\/p>\n<p>Diff\u00e9rentes plaques de base peuvent \u00eatre fix\u00e9es au fond de la cage, ce qui permet de monter diff\u00e9rentes tiges et de configurer l&#8217;alimentation \u00e9lectrique en option.<\/p>\n<p>La poign\u00e9e sup\u00e9rieure \u00e0 d\u00e9gagement rapide, la poign\u00e9e sup\u00e9rieure r\u00e9glable \u00e0 d\u00e9gagement rapide et diverses poign\u00e9es lat\u00e9rales optionnelles peuvent \u00eatre fix\u00e9es \u00e0 la cage pour vous permettre d&#8217;utiliser confortablement votre appareil photo.<\/p>\n<p>Ce kit de la cage de cam\u00e9ra RED Komodo comprend : la cage de base RED Komodo, la poign\u00e9e en bois du c\u00f4t\u00e9 droit, les plaques de base \u00e0 d\u00e9gagement rapide Arca et Manfrotto, et un support de montage d&#8217;accessoires ajustable pour la griffe froide.<\/p>\n","protected":false},"excerpt":{"rendered":"<p>Cette cage de cam\u00e9ra fournit une armure de protection pour la cam\u00e9ra RED Komodo. Il comporte plusieurs points de fixation 1\/4&#8243;-20 et 3\/8&#8243;-16 pour le montage d&#8217;accessoires. Il comprend \u00e9galement deux rosettes de chaque c\u00f4t\u00e9 ainsi qu&#8217;une monture \u00e0 sabot [&hellip;]<\/p>\n","protected":false},"featured_media":0,"comment_status":"closed","ping_status":"closed","template":"","meta":[],"product_cat":[1655],"product_tag":[],"acf":[],"gallery_images":[1915931,1915932,1915933],"_links":{"self":[{"href":"https:\/\/eu.tilta.com\/fr\/wp-json\/wp\/v2\/product\/1996523"}],"collection":[{"href":"https:\/\/eu.tilta.com\/fr\/wp-json\/wp\/v2\/product"}],"about":[{"href":"https:\/\/eu.tilta.com\/fr\/wp-json\/wp\/v2\/types\/product"}],"replies":[{"embeddable":true,"href":"https:\/\/eu.tilta.com\/fr\/wp-json\/wp\/v2\/comments?post=1996523"}],"wp:attachment":[{"href":"https:\/\/eu.tilta.com\/fr\/wp-json\/wp\/v2\/media?parent=1996523"}],"wp:term":[{"taxonomy":"product_cat","embeddable":true,"href":"https:\/\/eu.tilta.com\/fr\/wp-json\/wp\/v2\/product_cat?post=1996523"},{"taxonomy":"product_tag","embeddable":true,"href":"https:\/\/eu.tilta.com\/fr\/wp-json\/wp\/v2\/product_tag?post=1996523"}],"curies":[{"name":"wp","href":"https:\/\/api.w.org\/{rel}","templated":true}]}}