{"id":1996553,"date":"2020-09-04T10:52:47","date_gmt":"2020-09-04T08:52:47","guid":{"rendered":"https:\/\/de.tilta.com\/shop\/support-de-montage-daccessoires-pour-griffe-froide-reglable-tilta\/"},"modified":"2026-04-30T10:01:06","modified_gmt":"2026-04-30T08:01:06","slug":"tiltaing-adjustable-cold-shoe-accessory-mounting-bracket","status":"publish","type":"product","link":"https:\/\/eu.tilta.com\/fr\/shop\/tiltaing-adjustable-cold-shoe-accessory-mounting-bracket\/","title":{"rendered":"Support de montage d&#8217;accessoires pour griffe froide r\u00e9glable Tilta"},"content":{"rendered":"<p>Ce support se fixe \u00e0 votre appareil photo par l&#8217;interm\u00e9diaire d&#8217;une griffe froide et fournit un point de montage 1\/4&#8243;-20 r\u00e9glable pour vous permettre de fixer une vari\u00e9t\u00e9 d&#8217;accessoires tels qu&#8217;un moniteur ou un transmetteur vid\u00e9o sans fil.<\/p>\n","protected":false},"excerpt":{"rendered":"<p>Ce support se fixe \u00e0 votre appareil photo par l&#8217;interm\u00e9diaire d&#8217;une griffe froide et fournit un point de montage 1\/4&#8243;-20 r\u00e9glable pour vous permettre de fixer une vari\u00e9t\u00e9 d&#8217;accessoires tels qu&#8217;un moniteur ou un transmetteur vid\u00e9o sans fil.<\/p>\n","protected":false},"featured_media":0,"comment_status":"closed","ping_status":"closed","template":"","meta":[],"product_cat":[1713,1621,1802,1805,1762,1799,1757,1748,1732,1706,1623,1624,1794,1739,1631,1791,1715,1728,1635,1809,1745,1726,1636,1642,1644,1647,1768,1655,1661,1718,1710,1700,1703,1663,1668,1671,1694,1687,1691,2077,2076],"product_tag":[],"acf":[],"gallery_images":[882282,882284],"_links":{"self":[{"href":"https:\/\/eu.tilta.com\/fr\/wp-json\/wp\/v2\/product\/1996553"}],"collection":[{"href":"https:\/\/eu.tilta.com\/fr\/wp-json\/wp\/v2\/product"}],"about":[{"href":"https:\/\/eu.tilta.com\/fr\/wp-json\/wp\/v2\/types\/product"}],"replies":[{"embeddable":true,"href":"https:\/\/eu.tilta.com\/fr\/wp-json\/wp\/v2\/comments?post=1996553"}],"wp:attachment":[{"href":"https:\/\/eu.tilta.com\/fr\/wp-json\/wp\/v2\/media?parent=1996553"}],"wp:term":[{"taxonomy":"product_cat","embeddable":true,"href":"https:\/\/eu.tilta.com\/fr\/wp-json\/wp\/v2\/product_cat?post=1996553"},{"taxonomy":"product_tag","embeddable":true,"href":"https:\/\/eu.tilta.com\/fr\/wp-json\/wp\/v2\/product_tag?post=1996553"}],"curies":[{"name":"wp","href":"https:\/\/api.w.org\/{rel}","templated":true}]}}