{"id":1996563,"date":"2020-09-04T19:04:04","date_gmt":"2020-09-04T17:04:04","guid":{"rendered":"https:\/\/de.tilta.com\/shop\/poignee-superieure-reglable-tilta\/"},"modified":"2026-04-30T10:01:06","modified_gmt":"2026-04-30T08:01:06","slug":"tiltaing-adjustable-top-handle","status":"publish","type":"product","link":"https:\/\/eu.tilta.com\/fr\/shop\/tiltaing-adjustable-top-handle\/","title":{"rendered":"Poign\u00e9e sup\u00e9rieure r\u00e9glable Tilta"},"content":{"rendered":"<p>Cette poign\u00e9e r\u00e9glable peut \u00eatre fix\u00e9e \u00e0 l&#8217;un des points de montage de la rosette sur la cage de la cam\u00e9ra RED Komodo.<\/p>\n<p>La poign\u00e9e peut \u00eatre r\u00e9gl\u00e9e non seulement \u00e0 partir de la connexion de la rosette, mais aussi par le biais du r\u00e9glage central articul\u00e9 qui utilise une configuration de bouton &#8211; il suffit d&#8217;appuyer sur le bouton et de faire tourner la poign\u00e9e dans la position souhait\u00e9e.<\/p>\n<p>La poign\u00e9e est \u00e9galement \u00e9quip\u00e9e d&#8217;un point de fixation pour sabot froid et d&#8217;une tige de 15 mm pour la fixation d&#8217;accessoires suppl\u00e9mentaires.<\/p>\n","protected":false},"excerpt":{"rendered":"<p>Cette poign\u00e9e r\u00e9glable peut \u00eatre fix\u00e9e \u00e0 l&#8217;un des points de montage de la rosette sur la cage de la cam\u00e9ra RED Komodo. La poign\u00e9e peut \u00eatre r\u00e9gl\u00e9e non seulement \u00e0 partir de la connexion de la rosette, mais aussi [&hellip;]<\/p>\n","protected":false},"featured_media":0,"comment_status":"closed","ping_status":"closed","template":"","meta":[],"product_cat":[1748,1732,1706,1636,1642,1655,1710,1663,2173,2174],"product_tag":[],"acf":[],"gallery_images":[882198,882200],"_links":{"self":[{"href":"https:\/\/eu.tilta.com\/fr\/wp-json\/wp\/v2\/product\/1996563"}],"collection":[{"href":"https:\/\/eu.tilta.com\/fr\/wp-json\/wp\/v2\/product"}],"about":[{"href":"https:\/\/eu.tilta.com\/fr\/wp-json\/wp\/v2\/types\/product"}],"replies":[{"embeddable":true,"href":"https:\/\/eu.tilta.com\/fr\/wp-json\/wp\/v2\/comments?post=1996563"}],"wp:attachment":[{"href":"https:\/\/eu.tilta.com\/fr\/wp-json\/wp\/v2\/media?parent=1996563"}],"wp:term":[{"taxonomy":"product_cat","embeddable":true,"href":"https:\/\/eu.tilta.com\/fr\/wp-json\/wp\/v2\/product_cat?post=1996563"},{"taxonomy":"product_tag","embeddable":true,"href":"https:\/\/eu.tilta.com\/fr\/wp-json\/wp\/v2\/product_tag?post=1996563"}],"curies":[{"name":"wp","href":"https:\/\/api.w.org\/{rel}","templated":true}]}}