{"id":1996590,"date":"2020-06-23T09:19:42","date_gmt":"2020-06-23T07:19:42","guid":{"rendered":"https:\/\/de.tilta.com\/shop\/poignee-superieure-legere-a-degagement-rapide-tilta-avec-goupilles-de-positionnement-arri\/"},"modified":"2026-02-11T06:57:10","modified_gmt":"2026-02-11T05:57:10","slug":"tiltaing-lightweight-quick-release-top-handle-black","status":"publish","type":"product","link":"https:\/\/eu.tilta.com\/fr\/shop\/tiltaing-lightweight-quick-release-top-handle-black\/","title":{"rendered":"Poign\u00e9e sup\u00e9rieure l\u00e9g\u00e8re \u00e0 d\u00e9gagement rapide Tilta avec goupilles de positionnement Arri"},"content":{"rendered":"<p>Cette poign\u00e9e sup\u00e9rieure \u00e0 d\u00e9gagement rapide se fixe facilement et en toute s\u00e9curit\u00e9 sur le dessus des diff\u00e9rentes cages de cam\u00e9ra Tiltaing.<\/p>\n<p>Cette variante l\u00e9g\u00e8re offre la m\u00eame s\u00e9curit\u00e9 que la poign\u00e9e sup\u00e9rieure \u00e0 d\u00e9gagement rapide standard, mais elle est plus petite, ce qui en fait la solution id\u00e9ale pour les appareils photo de petite taille.<\/p>\n<p>Il comporte plusieurs points de montage 1\/4&#8243;-20 et 3\/8&#8243;-16, ainsi qu&#8217;un point de montage de la griffe froide \u00e0 l&#8217;avant de la poign\u00e9e.<\/p>\n<p>Un support de tige horizontale de 15 mm est int\u00e9gr\u00e9 \u00e0 la poign\u00e9e pour permettre diverses possibilit\u00e9s de montage, comme le montage d&#8217;un EVF ou d&#8217;un moniteur externe par l&#8217;interm\u00e9diaire d&#8217;une tige de 15 mm.<\/p>\n<p>Pour Sigma FP et Sony a7sIII Half Cage uniquement.<\/p>\n","protected":false},"excerpt":{"rendered":"<p>Cette poign\u00e9e sup\u00e9rieure \u00e0 d\u00e9gagement rapide se fixe facilement et en toute s\u00e9curit\u00e9 sur le dessus des diff\u00e9rentes cages de cam\u00e9ra Tiltaing. Cette variante l\u00e9g\u00e8re offre la m\u00eame s\u00e9curit\u00e9 que la poign\u00e9e sup\u00e9rieure \u00e0 d\u00e9gagement rapide standard, mais elle est [&hellip;]<\/p>\n","protected":false},"featured_media":0,"comment_status":"closed","ping_status":"closed","template":"","meta":[],"product_cat":[1661,1710,1663,2173,2174],"product_tag":[],"acf":[],"gallery_images":[1062560],"_links":{"self":[{"href":"https:\/\/eu.tilta.com\/fr\/wp-json\/wp\/v2\/product\/1996590"}],"collection":[{"href":"https:\/\/eu.tilta.com\/fr\/wp-json\/wp\/v2\/product"}],"about":[{"href":"https:\/\/eu.tilta.com\/fr\/wp-json\/wp\/v2\/types\/product"}],"replies":[{"embeddable":true,"href":"https:\/\/eu.tilta.com\/fr\/wp-json\/wp\/v2\/comments?post=1996590"}],"wp:attachment":[{"href":"https:\/\/eu.tilta.com\/fr\/wp-json\/wp\/v2\/media?parent=1996590"}],"wp:term":[{"taxonomy":"product_cat","embeddable":true,"href":"https:\/\/eu.tilta.com\/fr\/wp-json\/wp\/v2\/product_cat?post=1996590"},{"taxonomy":"product_tag","embeddable":true,"href":"https:\/\/eu.tilta.com\/fr\/wp-json\/wp\/v2\/product_tag?post=1996590"}],"curies":[{"name":"wp","href":"https:\/\/api.w.org\/{rel}","templated":true}]}}