{"id":1996629,"date":"2020-06-17T12:43:17","date_gmt":"2020-06-17T10:43:17","guid":{"rendered":"https:\/\/de.tilta.com\/shop\/sony-a9-series-dummy-battery-to-5-5-2-1mm-dc-female-cable-cable-femelle-dc\/"},"modified":"2026-02-16T09:00:36","modified_gmt":"2026-02-16T08:00:36","slug":"sony-a9-series-dummy-battery-to-5-5-2-1mm-dc-female-cable","status":"publish","type":"product","link":"https:\/\/eu.tilta.com\/fr\/shop\/sony-a9-series-dummy-battery-to-5-5-2-1mm-dc-female-cable\/","title":{"rendered":"Sony A9 Series Dummy Battery to 5.5\/2.1mm DC Female Cable (c\u00e2ble femelle DC)"},"content":{"rendered":"<p>Cette batterie factice Sony NP-FZ100 vers c\u00e2ble DC femelle 5,5\/2,1 mm vous permet d&#8217;alimenter les appareils photo Sony a9, a7 III et a7R III ainsi que les accessoires aliment\u00e9s par Sony NP-FZ100 via un c\u00e2ble DC m\u00e2le 5,5\/2,1 mm.<\/p>\n","protected":false},"excerpt":{"rendered":"<p>Cette batterie factice Sony NP-FZ100 vers c\u00e2ble DC femelle 5,5\/2,1 mm vous permet d&#8217;alimenter les appareils photo Sony a9, a7 III et a7R III ainsi que les accessoires aliment\u00e9s par Sony NP-FZ100 via un c\u00e2ble DC m\u00e2le 5,5\/2,1 mm.<\/p>\n","protected":false},"featured_media":1996631,"comment_status":"closed","ping_status":"closed","template":"","meta":[],"product_cat":[4448,2279],"product_tag":[],"acf":[],"gallery_images":[],"_links":{"self":[{"href":"https:\/\/eu.tilta.com\/fr\/wp-json\/wp\/v2\/product\/1996629"}],"collection":[{"href":"https:\/\/eu.tilta.com\/fr\/wp-json\/wp\/v2\/product"}],"about":[{"href":"https:\/\/eu.tilta.com\/fr\/wp-json\/wp\/v2\/types\/product"}],"replies":[{"embeddable":true,"href":"https:\/\/eu.tilta.com\/fr\/wp-json\/wp\/v2\/comments?post=1996629"}],"wp:featuredmedia":[{"embeddable":true,"href":"https:\/\/eu.tilta.com\/fr\/wp-json\/wp\/v2\/media\/1996631"}],"wp:attachment":[{"href":"https:\/\/eu.tilta.com\/fr\/wp-json\/wp\/v2\/media?parent=1996629"}],"wp:term":[{"taxonomy":"product_cat","embeddable":true,"href":"https:\/\/eu.tilta.com\/fr\/wp-json\/wp\/v2\/product_cat?post=1996629"},{"taxonomy":"product_tag","embeddable":true,"href":"https:\/\/eu.tilta.com\/fr\/wp-json\/wp\/v2\/product_tag?post=1996629"}],"curies":[{"name":"wp","href":"https:\/\/api.w.org\/{rel}","templated":true}]}}