{"id":1996654,"date":"2020-03-03T09:28:16","date_gmt":"2020-03-03T08:28:16","guid":{"rendered":"https:\/\/de.tilta.com\/shop\/tilta-mini-v-mount-battery-plate\/"},"modified":"2025-12-05T13:09:36","modified_gmt":"2025-12-05T12:09:36","slug":"tiltaing-mini-v-mount-battery-plate","status":"publish","type":"product","link":"https:\/\/eu.tilta.com\/fr\/shop\/tiltaing-mini-v-mount-battery-plate\/","title":{"rendered":"Tilta Mini V-Mount Battery Plate"},"content":{"rendered":"<p>Cette plaque de batterie V-Mount est une solution l\u00e9g\u00e8re pour monter des batteries V-Mount de taille normale ou micro sur votre syst\u00e8me d&#8217;appareil photo sans ajouter le poids suppl\u00e9mentaire traditionnellement associ\u00e9 aux plaques de batterie plus grandes.<\/p>\n<p>La Mini V-Mount Battery Plate est donc une option parfaite pour alimenter des accessoires via des batteries V-Mount de plus grande capacit\u00e9, tout en restant suffisamment l\u00e9g\u00e8re pour ne pas d\u00e9passer la limite de poids de la plupart des cardans.<\/p>\n<p>La taille de cette plaque en fait \u00e9galement un excellent choix lorsque vous devez monter une batterie V-Mount sur un bo\u00eetier d&#8217;appareil photo plus petit sans ajouter d&#8217;encombrement inutile.<\/p>\n<p>Les options de montage de cette plaque vous permettent de monter une plaque de batterie V-mount de diff\u00e9rentes mani\u00e8res, soit via l&#8217;adaptateur de tige 15 mm en option, soit via l&#8217;un des filetages 1\/4\u2033-20, M4 ou M3,5.<\/p>\n<p>Nous proposons \u00e9galement en option un adaptateur pour anneau de cardan qui vous permet de fixer cette plaque sur n&#8217;importe quel anneau de cardan de 25 mm ou 30 mm.<\/p>\n<p>L&#8217;adaptateur de tige LWS 15mm optionnel vous permet de monter votre Mini et\/ou Pocket V-Mount Battery Plate sur n&#8217;importe quel syst\u00e8me de tige LWS 15mm, ce qui vous permet d&#8217;attacher confortablement une batterie V-mount \u00e0 votre installation.<\/p>\n<p>** Remarque : il s&#8217;agit uniquement d&#8217;une solution de montage pour une batterie V-Mount &#8211; aucun port d&#8217;alimentation n&#8217;est inclus sur la plaque elle-m\u00eame.<\/p>\n","protected":false},"excerpt":{"rendered":"<p>Cette plaque de batterie V-Mount est une solution l\u00e9g\u00e8re pour monter des batteries V-Mount de taille normale ou micro sur votre syst\u00e8me d&#8217;appareil photo sans ajouter le poids suppl\u00e9mentaire traditionnellement associ\u00e9 aux plaques de batterie plus grandes. La Mini V-Mount [&hellip;]<\/p>\n","protected":false},"featured_media":0,"comment_status":"closed","ping_status":"closed","template":"","meta":[],"product_cat":[3252,1713,1621,1757,1748,1732,1706,1623,1624,1782,1739,1631,1791,1715,1775,1728,1635,1745,1726,1636,1642,1644,1647,1655,1661,1773,1784,1765,1754,1752,1718,1710,1700,1703,1663,1668,1671,1694,1687,1691,2356,2254],"product_tag":[],"acf":[],"gallery_images":[1293045,596635,596636,596638],"_links":{"self":[{"href":"https:\/\/eu.tilta.com\/fr\/wp-json\/wp\/v2\/product\/1996654"}],"collection":[{"href":"https:\/\/eu.tilta.com\/fr\/wp-json\/wp\/v2\/product"}],"about":[{"href":"https:\/\/eu.tilta.com\/fr\/wp-json\/wp\/v2\/types\/product"}],"replies":[{"embeddable":true,"href":"https:\/\/eu.tilta.com\/fr\/wp-json\/wp\/v2\/comments?post=1996654"}],"wp:attachment":[{"href":"https:\/\/eu.tilta.com\/fr\/wp-json\/wp\/v2\/media?parent=1996654"}],"wp:term":[{"taxonomy":"product_cat","embeddable":true,"href":"https:\/\/eu.tilta.com\/fr\/wp-json\/wp\/v2\/product_cat?post=1996654"},{"taxonomy":"product_tag","embeddable":true,"href":"https:\/\/eu.tilta.com\/fr\/wp-json\/wp\/v2\/product_tag?post=1996654"}],"curies":[{"name":"wp","href":"https:\/\/api.w.org\/{rel}","templated":true}]}}