{"id":1996655,"date":"2020-04-09T09:18:03","date_gmt":"2020-04-09T07:18:03","guid":{"rendered":"https:\/\/de.tilta.com\/shop\/anneau-adaptateur-cinema-pour-mini-boite-de-matage-a-pince\/"},"modified":"2025-12-05T13:09:49","modified_gmt":"2025-12-05T12:09:49","slug":"80mm-cinema-adapter-ring-for-mini-clamp-on-matte-box","status":"publish","type":"product","link":"https:\/\/eu.tilta.com\/fr\/shop\/80mm-cinema-adapter-ring-for-mini-clamp-on-matte-box\/","title":{"rendered":"Anneau adaptateur cin\u00e9ma pour mini bo\u00eete de matage \u00e0 pince"},"content":{"rendered":"<p>Ces bagues d&#8217;adaptation pour la <a href=\"https:\/\/de.tilta.com\/shop\/tiltaing-mini-matte-box\/\">Mini Matte Box de<\/a> Tiltaing sont con\u00e7ues pour les objectifs de cin\u00e9ma avec diff\u00e9rents diam\u00e8tres frontaux.<\/p>\n<p>Ces bagues d&#8217;adaptation se fixent directement sur un objectif de cin\u00e9ma et vous permettent de fixer la <a href=\"https:\/\/de.tilta.com\/shop\/tiltaing-mini-matte-box\/\">Mini Matte Box<\/a> sur l&#8217;adaptateur.<\/p>\n<p>Il suffit de glisser l&#8217;anneau dans l&#8217;ouverture de la bo\u00eete matte et de l&#8217;attacher \u00e0 votre objectif.<\/p>\n","protected":false},"excerpt":{"rendered":"<p>Ces bagues d&#8217;adaptation pour la Mini Matte Box de Tiltaing sont con\u00e7ues pour les objectifs de cin\u00e9ma avec diff\u00e9rents diam\u00e8tres frontaux. Ces bagues d&#8217;adaptation se fixent directement sur un objectif de cin\u00e9ma et vous permettent de fixer la Mini Matte [&hellip;]<\/p>\n","protected":false},"featured_media":1996657,"comment_status":"closed","ping_status":"closed","template":"","meta":[],"product_cat":[2126],"product_tag":[],"acf":[],"gallery_images":[1996658,1996659,1996661],"_links":{"self":[{"href":"https:\/\/eu.tilta.com\/fr\/wp-json\/wp\/v2\/product\/1996655"}],"collection":[{"href":"https:\/\/eu.tilta.com\/fr\/wp-json\/wp\/v2\/product"}],"about":[{"href":"https:\/\/eu.tilta.com\/fr\/wp-json\/wp\/v2\/types\/product"}],"replies":[{"embeddable":true,"href":"https:\/\/eu.tilta.com\/fr\/wp-json\/wp\/v2\/comments?post=1996655"}],"wp:featuredmedia":[{"embeddable":true,"href":"https:\/\/eu.tilta.com\/fr\/wp-json\/wp\/v2\/media\/1996657"}],"wp:attachment":[{"href":"https:\/\/eu.tilta.com\/fr\/wp-json\/wp\/v2\/media?parent=1996655"}],"wp:term":[{"taxonomy":"product_cat","embeddable":true,"href":"https:\/\/eu.tilta.com\/fr\/wp-json\/wp\/v2\/product_cat?post=1996655"},{"taxonomy":"product_tag","embeddable":true,"href":"https:\/\/eu.tilta.com\/fr\/wp-json\/wp\/v2\/product_tag?post=1996655"}],"curies":[{"name":"wp","href":"https:\/\/api.w.org\/{rel}","templated":true}]}}