{"id":1996683,"date":"2020-03-10T09:55:26","date_gmt":"2020-03-10T08:55:26","guid":{"rendered":"https:\/\/de.tilta.com\/shop\/bague-dengrenage-de-mise-au-point-sans-soudure\/"},"modified":"2026-02-16T09:02:55","modified_gmt":"2026-02-16T08:02:55","slug":"seamless-focus-gear-ring","status":"publish","type":"product","link":"https:\/\/eu.tilta.com\/fr\/shop\/seamless-focus-gear-ring\/","title":{"rendered":"Bague d&#8217;engrenage de mise au point sans soudure"},"content":{"rendered":"<p>Cette bague sans soudure vous permet d&#8217;ajouter une bague dent\u00e9e de 0,8 m aux objectifs photographiques pour permettre l&#8217;utilisation de la mise au point cin\u00e9ma. <a href=\"https:\/\/de.tilta.com\/support\/how-can-i-measure-and-find-the-right-focus-gear-ring-for-my-lens\/\">Apprenez \u00e0 mesurer votre objectif<\/a> pour s\u00e9lectionner la bague ad\u00e9quate.<br \/>\n<!-- \n\n<div class=\"table-responsive\">\n\n\n<table class=\"table table-striped\">\n\n\n<thead>\n\n\n<tr>\n\n\n<th>Sony Lenses<\/th>\n\n\n\n\n<th>Zoom Ring<\/th>\n\n\n\n\n<th>Focus Ring<\/th>\n\n\n<\/tr>\n\n\n<\/thead>\n\n\n\n\n<tbody>\n\n\n<tr>\n\n\n<td>FE 16-35mm F2.8 GM<\/td>\n\n\n\n\n<td>78-80mm<\/td>\n\n\n\n\n<td>81-83mm<\/td>\n\n\n<\/tr>\n\n\n\n\n<tr>\n\n\n<td>FE 24-70mm F2.8 GM<\/td>\n\n\n\n\n<td>81-83mm<\/td>\n\n\n\n\n<td>81-83mm<\/td>\n\n\n<\/tr>\n\n\n\n\n<tr>\n\n\n<td>FE 16-35mm F4 ZA<\/td>\n\n\n\n\n<td>75-77mm<\/td>\n\n\n\n\n<td>75-77mm<\/td>\n\n\n<\/tr>\n\n\n\n\n<tr>\n\n\n<td>Vario-Tessar FE 24-70mm F4 ZA OSS<\/td>\n\n\n\n\n<td>72-74mm<\/td>\n\n\n\n\n<td>72-74mm<\/td>\n\n\n<\/tr>\n\n\n\n\n<tr>\n\n\n<td>FE 70-200mm F\/4 G OSS<\/td>\n\n\n\n\n<td>75-77mm<\/td>\n\n\n\n\n<td>78-80mm<\/td>\n\n\n<\/tr>\n\n\n\n\n<tr>\n\n\n<td>FE 4\/24-70 ZA OSS<\/td>\n\n\n\n\n<td>72-74mm<\/td>\n\n\n\n\n<td>72-74mm<\/td>\n\n\n<\/tr>\n\n\n\n\n<tr>\n\n\n<td>FE 50mm F2.8 MACRO<\/td>\n\n\n\n\n<td>*<\/td>\n\n\n\n\n<td>69-71mm<\/td>\n\n\n<\/tr>\n\n\n\n\n<tr>\n\n\n<td>FE 85mm F1.4 GM<\/td>\n\n\n\n\n<td>*<\/td>\n\n\n\n\n<td>88-90mm<\/td>\n\n\n<\/tr>\n\n\n\n\n<tr>\n\n\n<td>Planar T* FE 50mm F1.4 ZA<\/td>\n\n\n\n\n<td>*<\/td>\n\n\n\n\n<td>81-83mm<\/td>\n\n\n<\/tr>\n\n\n\n\n<tr>\n\n\n<td>E 10-18mm F4 OSS<\/td>\n\n\n\n\n<td>69-71mm<\/td>\n\n\n\n\n<td>69-71mm<\/td>\n\n\n<\/tr>\n\n\n\n\n<tr>\n\n\n<td>FE 12-24mm F4 G<\/td>\n\n\n\n\n<td>81-83mm<\/td>\n\n\n\n\n<td>85-87mm<\/td>\n\n\n<\/tr>\n\n\n\n\n<tr>\n\n\n<td>Zeiss E 16-70 F4 OSS<\/td>\n\n\n\n\n<td>66-68mm<\/td>\n\n\n\n\n<td>66-68mm<\/td>\n\n\n<\/tr>\n\n\n\n\n<tr>\n\n\n<td>E PZ 18-105mm F4 G OSS<\/td>\n\n\n\n\n<td>72-74mm<\/td>\n\n\n\n\n<td>72-74mm<\/td>\n\n\n<\/tr>\n\n\n\n\n<tr>\n\n\n<td>E PZ 18-200mm F3.5-6.3 OSS LE<\/td>\n\n\n\n\n<td>66-68mm<\/td>\n\n\n\n\n<td>66-68mm<\/td>\n\n\n<\/tr>\n\n\n\n\n<tr>\n\n\n<td>FE 28mm F2<\/td>\n\n\n\n\n<td>*<\/td>\n\n\n\n\n<td>62.5-64.5mm<\/td>\n\n\n<\/tr>\n\n\n\n\n<tr>\n\n\n<td>FE 55mm F1.8<\/td>\n\n\n\n\n<td>*<\/td>\n\n\n\n\n<td>62.5-64.5mm<\/td>\n\n\n<\/tr>\n\n\n\n\n<tr>\n\n\n<td>FE 4\/24-105 G OSS<\/td>\n\n\n\n\n<td>*<\/td>\n\n\n\n\n<td>62.5-64.5mm<\/td>\n\n\n<\/tr>\n\n\n\n\n<tr>\n\n\n<td>E 3.5-5.6\/PZ 16-50 OSS<\/td>\n\n\n\n\n<td>*<\/td>\n\n\n\n\n<td>62.5-64.5mm<\/td>\n\n\n<\/tr>\n\n\n\n\n<tr>\n\n\n<td>FE 24mm F1.4 GM<\/td>\n\n\n\n\n<td>*<\/td>\n\n\n\n\n<td>75-77mm<\/td>\n\n\n<\/tr>\n\n\n\n\n<tr>\n\n\n<td>FE 20mm F1.8 20G<\/td>\n\n\n\n\n<td>*<\/td>\n\n\n\n\n<td>69-71mm<\/td>\n\n\n<\/tr>\n\n\n\n\n<tr>\n\n\n<td>E 55-210mm f\/4.5-6.3 OSS<\/td>\n\n\n\n\n<td>62.5-64.5mm<\/td>\n\n\n\n\n<td>62.5-64.5mm<\/td>\n\n\n<\/tr>\n\n\n\n\n<tr>\n\n\n<td>FE 35mm F1.8<\/td>\n\n\n\n\n<td>*<\/td>\n\n\n\n\n<td>62.5-64.5mm<\/td>\n\n\n<\/tr>\n\n\n\n\n<tr>\n\n\n<td>Distagon T* FE 35mm F1.4 ZA<\/td>\n\n\n\n\n<td>*<\/td>\n\n\n\n\n<td>78-80mm<\/td>\n\n\n<\/tr>\n\n\n\n\n<tr>\n\n\n<td>FE 90mm F2.8 G OSS<\/td>\n\n\n\n\n<td>*<\/td>\n\n\n\n\n<td>78-80mm<\/td>\n\n\n<\/tr>\n\n\n\n\n<tr>\n\n\n<td>FE 70-300mm F4.5-5.6 G OSS<\/td>\n\n\n\n\n<td>81-83mm<\/td>\n\n\n\n\n<td>81-83mm<\/td>\n\n\n<\/tr>\n\n\n\n\n<tr>\n\n\n<td>E 18-135mm F3.5-5.6 OSS<\/td>\n\n\n\n\n<td>66-68mm<\/td>\n\n\n\n\n<td>66-68mm<\/td>\n\n\n<\/tr>\n\n\n<\/tbody>\n\n\n<\/table>\n\n\n<\/div>\n\n\n&nbsp;\n\n\n<div class=\"table-responsive\">\n\n\n<table class=\"table table-striped\">\n\n\n<thead>\n\n\n<tr>\n\n\n<th>Canon Lenses<\/th>\n\n\n\n\n<th>Zoom Ring<\/th>\n\n\n\n\n<th>Focus Ring<\/th>\n\n\n<\/tr>\n\n\n<\/thead>\n\n\n\n\n<tbody>\n\n\n<tr>\n\n\n<td>EF 16-35mm f\/2.8L III USM<\/td>\n\n\n\n\n<td>78-80mm<\/td>\n\n\n\n\n<td>81-83mm<\/td>\n\n\n<\/tr>\n\n\n\n\n<tr>\n\n\n<td>EF 16-35mm f\/2.8L II USM<\/td>\n\n\n\n\n<td>78-80mm<\/td>\n\n\n\n\n<td>81-83mm<\/td>\n\n\n<\/tr>\n\n\n\n\n<tr>\n\n\n<td>EF 70-200mm f\/2.8L IS II USM<\/td>\n\n\n\n\n<td>78-80mm<\/td>\n\n\n\n\n<td>81-83mm<\/td>\n\n\n<\/tr>\n\n\n\n\n<tr>\n\n\n<td>EF 24-105mm F\/4L IS USM<\/td>\n\n\n\n\n<td>75-77mm<\/td>\n\n\n\n\n<td>75-77mm<\/td>\n\n\n<\/tr>\n\n\n\n\n<tr>\n\n\n<td>RF 24-105mm F\/4.1-7.1 IS STM<\/td>\n\n\n\n\n<td>78-80mm<\/td>\n\n\n\n\n<td>75-77mm<\/td>\n\n\n<\/tr>\n\n\n\n\n<tr>\n\n\n<td>EF 24-105mm F\/4 IS II USM<\/td>\n\n\n\n\n<td>75-77mm<\/td>\n\n\n\n\n<td>75-77mm<\/td>\n\n\n<\/tr>\n\n\n\n\n<tr>\n\n\n<td>EF 17-40mm F\/4L USM<\/td>\n\n\n\n\n<td>66-68mm<\/td>\n\n\n\n\n<td>69-71mm<\/td>\n\n\n<\/tr>\n\n\n\n\n<tr>\n\n\n<td>EF 70-200mm<\/td>\n\n\n\n\n<td>62.5-64.5mm<\/td>\n\n\n\n\n<td>69-71mm<\/td>\n\n\n<\/tr>\n\n\n\n\n<tr>\n\n\n<td>EF 85mm F\/1.8 USM<\/td>\n\n\n\n\n<td>*<\/td>\n\n\n\n\n<td>69-71mm<\/td>\n\n\n<\/tr>\n\n\n\n\n<tr>\n\n\n<td>EF-S 18-135mm F\/3.5-5.6 IS STM<\/td>\n\n\n\n\n<td>72-74mm<\/td>\n\n\n\n\n<td>75-77mm<\/td>\n\n\n<\/tr>\n\n\n\n\n<tr>\n\n\n<td>EF-S 18-200mm F\/3.5-5.6 IS<\/td>\n\n\n\n\n<td>78-80mm<\/td>\n\n\n\n\n<td>75-77mm<\/td>\n\n\n<\/tr>\n\n\n\n\n<tr>\n\n\n<td>EF-S 18-55mm F\/4-5.6 IS STM<\/td>\n\n\n\n\n<td>59-61mm<\/td>\n\n\n\n\n<td>59-61mm<\/td>\n\n\n<\/tr>\n\n\n\n\n<tr>\n\n\n<td>EF-M 18-150mm F\/3.5-6.3 IS STM<\/td>\n\n\n\n\n<td>53-55mm<\/td>\n\n\n\n\n<td>53-55mm<\/td>\n\n\n<\/tr>\n\n\n\n\n<tr>\n\n\n<td>EF-S 18-135mm F\/3.5-6.3 IS<\/td>\n\n\n\n\n<td>69-71mm<\/td>\n\n\n\n\n<td>72-74mm<\/td>\n\n\n<\/tr>\n\n\n\n\n<tr>\n\n\n<td>EF 100mm F\/2.8L IS USM<\/td>\n\n\n\n\n<td>*<\/td>\n\n\n\n\n<td>72-74mm<\/td>\n\n\n<\/tr>\n\n\n\n\n<tr>\n\n\n<td>EF 50mm F\/1.4 USM<\/td>\n\n\n\n\n<td>*<\/td>\n\n\n\n\n<td>66-68mm<\/td>\n\n\n<\/tr>\n\n\n\n\n<tr>\n\n\n<td>EF-S 35mm F\/2.8 IS STM<\/td>\n\n\n\n\n<td>*<\/td>\n\n\n\n\n<td>62.5-64.5mm<\/td>\n\n\n<\/tr>\n\n\n\n\n<tr>\n\n\n<td>EF 70-300mm f\/4-5.6 IS II USM<\/td>\n\n\n\n\n<td>75-77mm<\/td>\n\n\n\n\n<td>75-77mm<\/td>\n\n\n<\/tr>\n\n\n\n\n<tr>\n\n\n<td>EF-S 15-85mm f\/3.5-5.6 IS USM<\/td>\n\n\n\n\n<td>72-74mm<\/td>\n\n\n\n\n<td>75-77mm<\/td>\n\n\n<\/tr>\n\n\n\n\n<tr>\n\n\n<td>EF-S 10-18mm f\/4.5-5.6 IS STM<\/td>\n\n\n\n\n<td>62.5-64.5mm<\/td>\n\n\n\n\n<td>69-71mm<\/td>\n\n\n<\/tr>\n\n\n\n\n<tr>\n\n\n<td>EF 70-300mm f\/4-5.6L IS USM<\/td>\n\n\n\n\n<td>85-87mm<\/td>\n\n\n\n\n<td>81-83mm<\/td>\n\n\n<\/tr>\n\n\n\n\n<tr>\n\n\n<td>EF 100mm f2 USM<\/td>\n\n\n\n\n<td>*<\/td>\n\n\n\n\n<td>75-77mm<\/td>\n\n\n<\/tr>\n\n\n\n\n<tr>\n\n\n<td>TS-E 24mm f3.5L Tilt Shift<\/td>\n\n\n\n\n<td>*<\/td>\n\n\n\n\n<td>78-80mm<\/td>\n\n\n<\/tr>\n\n\n\n\n<tr>\n\n\n<td>100mm f2.8L IS USM<\/td>\n\n\n\n\n<td>*<\/td>\n\n\n\n\n<td>81-83mm<\/td>\n\n\n<\/tr>\n\n\n<\/tbody>\n\n\n<\/table>\n\n\n<\/div>\n\n\n&nbsp;\n\n\n<div class=\"table-responsive\">\n\n\n<table class=\"table table-striped\">\n\n\n<thead>\n\n\n<tr>\n\n\n<th>Panasonic\/Olympus Lenses<\/th>\n\n\n\n\n<th>Zoom Ring<\/th>\n\n\n\n\n<th>Focus Ring<\/th>\n\n\n<\/tr>\n\n\n<\/thead>\n\n\n\n\n<tbody>\n\n\n<tr>\n\n\n<td>LUMIX S PRO 24-70mm f\/2.8<\/td>\n\n\n\n\n<td>85-87mm<\/td>\n\n\n\n\n<td>88-90mm<\/td>\n\n\n<\/tr>\n\n\n\n\n<tr>\n\n\n<td>LUMIX S PRO 70-200mm f\/2.8 O.I.S<\/td>\n\n\n\n\n<td>85-87mm<\/td>\n\n\n\n\n<td>*<\/td>\n\n\n<\/tr>\n\n\n\n\n<tr>\n\n\n<td>LUMIX S 24-105mm F\/4 Macro OIS<\/td>\n\n\n\n\n<td>81-83mm<\/td>\n\n\n\n\n<td>81-83mm<\/td>\n\n\n<\/tr>\n\n\n\n\n<tr>\n\n\n<td>LUMIX S PRO 16-35mm f\/4<\/td>\n\n\n\n\n<td>81-83mm<\/td>\n\n\n\n\n<td>85-87mm<\/td>\n\n\n<\/tr>\n\n\n\n\n<tr>\n\n\n<td>LUMIX S PRO 70-200mm f\/4 OIS<\/td>\n\n\n\n\n<td>78-80mm<\/td>\n\n\n\n\n<td>81-83mm<\/td>\n\n\n<\/tr>\n\n\n\n\n<tr>\n\n\n<td>G VARIO 45-200mm f\/4.0-5.6 MEGA OIS<\/td>\n\n\n\n\n<td>69-71mm<\/td>\n\n\n\n\n<td>69-71mm<\/td>\n\n\n<\/tr>\n\n\n\n\n<tr>\n\n\n<td>LUMIX G VARIO 100-300mm f\/4-5.6 MEGA OIS<\/td>\n\n\n\n\n<td>72-74mm<\/td>\n\n\n\n\n<td>69-71mm<\/td>\n\n\n<\/tr>\n\n\n\n\n<tr>\n\n\n<td>LEICA DG 100-400mm f\/4-6.3 ASPH POWER OIS<\/td>\n\n\n\n\n<td>78-80mm<\/td>\n\n\n\n\n<td>78-80mm<\/td>\n\n\n<\/tr>\n\n\n\n\n<tr>\n\n\n<td>LEICA DG ELMARIT 200mm f\/2.8 POWER OIS<\/td>\n\n\n\n\n<td>*<\/td>\n\n\n\n\n<td>85-87mm<\/td>\n\n\n<\/tr>\n\n\n\n\n<tr>\n\n\n<td>LEICA DG Vario-Elmarit 50-200mm f\/2.8-4 ASPH Power OIS<\/td>\n\n\n\n\n<td>75-77mm<\/td>\n\n\n\n\n<td>75-77mm<\/td>\n\n\n<\/tr>\n\n\n\n\n<tr>\n\n\n<td>LUMIX G X VARIO 35-100mm f\/2.8 II Power OIS<\/td>\n\n\n\n\n<td>66-68mm<\/td>\n\n\n\n\n<td>62.5-64.5mm<\/td>\n\n\n<\/tr>\n\n\n\n\n<tr>\n\n\n<td>PANASONIC H-NS 42.5mm f\/1.2<\/td>\n\n\n\n\n<td>*<\/td>\n\n\n\n\n<td>72-74mm<\/td>\n\n\n<\/tr>\n\n\n\n\n<tr>\n\n\n<td>LUMIX S PRO 50mm f\/1.4<\/td>\n\n\n\n\n<td>*<\/td>\n\n\n\n\n<td>88-90mm<\/td>\n\n\n<\/tr>\n\n\n\n\n<tr>\n\n\n<td>LEICA DG Vario-Elmarit 12-60mm f\/2.8-4 Power OIS<\/td>\n\n\n\n\n<td>66-68mm<\/td>\n\n\n\n\n<td>66-68mm<\/td>\n\n\n<\/tr>\n\n\n\n\n<tr>\n\n\n<td>PANASONIC G VARIO 7-14mm f\/4.0 ASPH<\/td>\n\n\n\n\n<td>59-61mm<\/td>\n\n\n\n\n<td>59-61mm<\/td>\n\n\n<\/tr>\n\n\n\n\n<tr>\n\n\n<td>PANASONIC G 20mm f\/1.7 ASPH<\/td>\n\n\n\n\n<td>*<\/td>\n\n\n\n\n<td>62.5-64.5mm<\/td>\n\n\n<\/tr>\n\n\n\n\n<tr>\n\n\n<td>LEICA DG MACRO-ELMARIT 45mm f\/2.8 ASPH MEGA OIS<\/td>\n\n\n\n\n<td>*<\/td>\n\n\n\n\n<td>62.5-64.5mm<\/td>\n\n\n<\/tr>\n\n\n\n\n<tr>\n\n\n<td>LUMIX G MACRO 30mm f\/2.8 ASPH MEGA OIS<\/td>\n\n\n\n\n<td>*<\/td>\n\n\n\n\n<td>56-58mm<\/td>\n\n\n<\/tr>\n\n\n\n\n<tr>\n\n\n<td>LUMIX G 25mm f\/1.7<\/td>\n\n\n\n\n<td>*<\/td>\n\n\n\n\n<td>59-61mm<\/td>\n\n\n<\/tr>\n\n\n\n\n<tr>\n\n\n<td>LUMIX G VARIO 12-60mm f\/3.5-5.6 Power OIS<\/td>\n\n\n\n\n<td>66-68mm<\/td>\n\n\n\n\n<td>62.5-64.5mm<\/td>\n\n\n<\/tr>\n\n\n\n\n<tr>\n\n\n<td>LUMIX G 42.5mm f\/1.7 ASPH POWER OIS<\/td>\n\n\n\n\n<td>*<\/td>\n\n\n\n\n<td>53-55mm<\/td>\n\n\n<\/tr>\n\n\n\n\n<tr>\n\n\n<td>LUMIX G X VARIO 12-35mm f2.8II ASPH<\/td>\n\n\n\n\n<td>*<\/td>\n\n\n\n\n<td>66-68mm<\/td>\n\n\n<\/tr>\n\n\n\n\n<tr>\n\n\n<td>12-35mm f2.8<\/td>\n\n\n\n\n<td>66-68mm<\/td>\n\n\n\n\n<td>66-68mm<\/td>\n\n\n<\/tr>\n\n\n\n\n<tr>\n\n\n<td>OLYMPUS M.ZUIKO DIGITAL ED 12-40mm f\/2.8 PRO<\/td>\n\n\n\n\n<td>69-71mm<\/td>\n\n\n\n\n<td>66-68mm<\/td>\n\n\n<\/tr>\n\n\n\n\n<tr>\n\n\n<td>OLYMPUS M.ZUIKO DIGITAL ED 7-14mm f\/2.8 PRO<\/td>\n\n\n\n\n<td>69-71mm<\/td>\n\n\n\n\n<td>69-71mm<\/td>\n\n\n<\/tr>\n\n\n\n\n<tr>\n\n\n<td>OLYMPUS M.Zuiko Digital ED 25mm f\/1.2 Pro<\/td>\n\n\n\n\n<td>*<\/td>\n\n\n\n\n<td>69-71mm<\/td>\n\n\n<\/tr>\n\n\n\n\n<tr>\n\n\n<td>OLYMPUS M.Zuiko Digital ED 12-100mm f\/4 IS PRO<\/td>\n\n\n\n\n<td>*<\/td>\n\n\n\n\n<td>72-74mm<\/td>\n\n\n<\/tr>\n\n\n<\/tbody>\n\n\n<\/table>\n\n\n<\/div>\n\n\n&nbsp;\n\n\n<div class=\"table-responsive\">\n\n\n<table class=\"table table-striped\">\n\n\n<thead>\n\n\n<tr>\n\n\n<th>Nikon Lenses<\/th>\n\n\n\n\n<th>Zoom Ring<\/th>\n\n\n\n\n<th>Focus Ring<\/th>\n\n\n<\/tr>\n\n\n<\/thead>\n\n\n\n\n<tbody>\n\n\n<tr>\n\n\n<td>Nikon AF-S 20mm f1.8G<\/td>\n\n\n\n\n<td>*<\/td>\n\n\n\n\n<td>72-74mm<\/td>\n\n\n<\/tr>\n\n\n<\/tbody>\n\n\n<\/table>\n\n\n<\/div>\n\n\n&nbsp;\n\n\n<div class=\"table-responsive\">\n\n\n<table class=\"table table-striped\">\n\n\n<thead>\n\n\n<tr>\n\n\n<th>Fujifilm Lenses<\/th>\n\n\n\n\n<th>Zoom Ring<\/th>\n\n\n\n\n<th>Focus Ring<\/th>\n\n\n<\/tr>\n\n\n<\/thead>\n\n\n\n\n<tbody>\n\n\n<tr>\n\n\n<td>FUJIFILM XF 8-16mm f\/2.8 R LM WR<\/td>\n\n\n\n\n<td>*<\/td>\n\n\n\n\n<td>88-90mm<\/td>\n\n\n<\/tr>\n\n\n\n\n<tr>\n\n\n<td>FUJIFILM 80mm f\/2.8 R LM OIS WR Macro<\/td>\n\n\n\n\n<td>*<\/td>\n\n\n\n\n<td>78-80mm<\/td>\n\n\n<\/tr>\n\n\n\n\n<tr>\n\n\n<td>FUJIFILM GF 45mm f\/2.8 R<\/td>\n\n\n\n\n<td>*<\/td>\n\n\n\n\n<td>78-80mm<\/td>\n\n\n<\/tr>\n\n\n\n\n<tr>\n\n\n<td>FUJIFILM GF 63mm f\/2.8 R WR<\/td>\n\n\n\n\n<td>*<\/td>\n\n\n\n\n<td>78-80mm<\/td>\n\n\n<\/tr>\n\n\n\n\n<tr>\n\n\n<td>FUJIFILM GF 23mm f\/4.0 R LM WR<\/td>\n\n\n\n\n<td>*<\/td>\n\n\n\n\n<td>88-90mm<\/td>\n\n\n<\/tr>\n\n\n\n\n<tr>\n\n\n<td>FUJIFILM GF 120mm f\/4.0 R LM OIS WR Macro<\/td>\n\n\n\n\n<td>*<\/td>\n\n\n\n\n<td>88-90mm<\/td>\n\n\n<\/tr>\n\n\n\n\n<tr>\n\n\n<td>FUJIFILM XF 16-55mm f\/2.8 R LM WR<\/td>\n\n\n\n\n<td>*<\/td>\n\n\n\n\n<td>75-77mm<\/td>\n\n\n<\/tr>\n\n\n\n\n<tr>\n\n\n<td>FUJIFILM XC 15-45mm f\/3.5-5.6 OIS PZ<\/td>\n\n\n\n\n<td>59-61mm<\/td>\n\n\n\n\n<td>59-61mm<\/td>\n\n\n<\/tr>\n\n\n\n\n<tr>\n\n\n<td>FUJIFILM XF 18mm f\/2.0 R<\/td>\n\n\n\n\n<td>*<\/td>\n\n\n\n\n<td>62.5-64.5mm<\/td>\n\n\n<\/tr>\n\n\n\n\n<tr>\n\n\n<td>FUJIFILM XF 14mm f\/2.8 R<\/td>\n\n\n\n\n<td>*<\/td>\n\n\n\n\n<td>62.5-64.5mm<\/td>\n\n\n<\/tr>\n\n\n\n\n<tr>\n\n\n<td>FUJIFILM XF 16mm f\/1.4R WR<\/td>\n\n\n\n\n<td>*<\/td>\n\n\n\n\n<td>72-74mm<\/td>\n\n\n<\/tr>\n\n\n\n\n<tr>\n\n\n<td>FUJIFILM XF 56mm f\/1.2 R<\/td>\n\n\n\n\n<td>*<\/td>\n\n\n\n\n<td>72-74mm<\/td>\n\n\n<\/tr>\n\n\n\n\n<tr>\n\n\n<td>FUJIFILM Super EBC XF 23mm f\/1.4 R<\/td>\n\n\n\n\n<td>*<\/td>\n\n\n\n\n<td>72-74mm<\/td>\n\n\n<\/tr>\n\n\n\n\n<tr>\n\n\n<td>FUJIFILM XF 90mm f\/2.0 R LM WR<\/td>\n\n\n\n\n<td>*<\/td>\n\n\n\n\n<td>75-77mm<\/td>\n\n\n<\/tr>\n\n\n<\/tbody>\n\n\n<\/table>\n\n\n<\/div>\n\n\n&nbsp;\n\n\n<div class=\"table-responsive\">\n\n\n<table class=\"table table-striped\">\n\n\n<thead>\n\n\n<tr>\n\n\n<th>Sigma Lenses<\/th>\n\n\n\n\n<th>Zoom Ring<\/th>\n\n\n\n\n<th>Focus Ring<\/th>\n\n\n<\/tr>\n\n\n<\/thead>\n\n\n\n\n<tbody>\n\n\n<tr>\n\n\n<td>SIGMA 24-70mm f\/2.8 EX DG HSM<\/td>\n\n\n\n\n<td>88-90mm<\/td>\n\n\n\n\n<td>88-90mm<\/td>\n\n\n<\/tr>\n\n\n\n\n<tr>\n\n\n<td>SIGMA 14-24mm f\/2.8 DG HSM Art<\/td>\n\n\n\n\n<td>88-90mm<\/td>\n\n\n\n\n<td>88-90mm<\/td>\n\n\n<\/tr>\n\n\n\n\n<tr>\n\n\n<td>SIGMA 12-24mm f\/4.0 DG HSM Art Zoom Lens<\/td>\n\n\n\n\n<td>81-83mm<\/td>\n\n\n\n\n<td>81-83mm<\/td>\n\n\n<\/tr>\n\n\n\n\n<tr>\n\n\n<td>SIGMA 24-35mm f\/2.0 DG HSM Art<\/td>\n\n\n\n\n<td>78-80mm<\/td>\n\n\n\n\n<td>85-87mm<\/td>\n\n\n<\/tr>\n\n\n\n\n<tr>\n\n\n<td>SIGMA 70mm f\/2.8 DG Macro Art<\/td>\n\n\n\n\n<td>*<\/td>\n\n\n\n\n<td>72-74mm<\/td>\n\n\n<\/tr>\n\n\n\n\n<tr>\n\n\n<td>SIGMA 35mm f\/1.4 DG HSM Art<\/td>\n\n\n\n\n<td>*<\/td>\n\n\n\n\n<td>78-80mm<\/td>\n\n\n<\/tr>\n\n\n<\/tbody>\n\n\n<\/table>\n\n\n<\/div>\n\n\n&nbsp;\n\n\n<div class=\"table-responsive\">\n\n\n<table class=\"table table-striped\">\n\n\n<thead>\n\n\n<tr>\n\n\n<th>Tokina Lenses<\/th>\n\n\n\n\n<th>Zoom Ring<\/th>\n\n\n\n\n<th>Focus Ring<\/th>\n\n\n<\/tr>\n\n\n<\/thead>\n\n\n\n\n<tbody>\n\n\n<tr>\n\n\n<td>11-16mm f\/2.8<\/td>\n\n\n\n\n<td>*<\/td>\n\n\n\n\n<td>72-74mm<\/td>\n\n\n<\/tr>\n\n\n<\/tbody>\n\n\n<\/table>\n\n\n<\/div>\n\n\n&nbsp;\n\n\n<div class=\"table-responsive\">\n\n\n<table class=\"table table-striped\">\n\n\n<thead>\n\n\n<tr>\n\n\n<th>DU Lenses<\/th>\n\n\n\n\n<th>Zoom Ring<\/th>\n\n\n\n\n<th>Focus Ring<\/th>\n\n\n<\/tr>\n\n\n<\/thead>\n\n\n\n\n<tbody>\n\n\n<tr>\n\n\n<td>85mm f\/2<\/td>\n\n\n\n\n<td>*<\/td>\n\n\n\n\n<td>62.5-64.5mm<\/td>\n\n\n<\/tr>\n\n\n<\/tbody>\n\n\n<\/table>\n\n\n<\/div>\n\n\n&nbsp;\n\n\n<div class=\"table-responsive\">\n\n\n<table class=\"table table-striped\">\n\n\n<thead>\n\n\n<tr>\n\n\n<th>Zeiss Lenses<\/th>\n\n\n\n\n<th>Zoom Ring<\/th>\n\n\n\n\n<th>Focus Ring<\/th>\n\n\n<\/tr>\n\n\n<\/thead>\n\n\n\n\n<tbody>\n\n\n<tr>\n\n\n<td>Zeiss Milvus 15mm f\/2.8<\/td>\n\n\n\n\n<td>*<\/td>\n\n\n\n\n<td>78-80mm<\/td>\n\n\n<\/tr>\n\n\n\n\n<tr>\n\n\n<td>Zeiss Milvus 21mm f\/2.8<\/td>\n\n\n\n\n<td>*<\/td>\n\n\n\n\n<td>69-71mm<\/td>\n\n\n<\/tr>\n\n\n\n\n<tr>\n\n\n<td>Zeiss Milvus 25mm f\/1.4<\/td>\n\n\n\n\n<td>*<\/td>\n\n\n\n\n<td>81-83mm<\/td>\n\n\n<\/tr>\n\n\n\n\n<tr>\n\n\n<td>Zeiss Milvus 35mm f\/2<\/td>\n\n\n\n\n<td>*<\/td>\n\n\n\n\n<td>72-74mm<\/td>\n\n\n<\/tr>\n\n\n\n\n<tr>\n\n\n<td>Zeiss Milvus 35mm f\/1.4<\/td>\n\n\n\n\n<td>*<\/td>\n\n\n\n\n<td>88-90mm<\/td>\n\n\n<\/tr>\n\n\n\n\n<tr>\n\n\n<td>Zeiss Milvus 50mm f\/1.4<\/td>\n\n\n\n\n<td>*<\/td>\n\n\n\n\n<td>78-80mm<\/td>\n\n\n<\/tr>\n\n\n\n\n<tr>\n\n\n<td>Zeiss Milvus 135mm f\/2<\/td>\n\n\n\n\n<td>*<\/td>\n\n\n\n\n<td>85-87mm<\/td>\n\n\n<\/tr>\n\n\n<\/tbody>\n\n\n<\/table>\n\n\n<\/div>\n\n\n--><\/p>\n","protected":false},"excerpt":{"rendered":"<p>Cette bague sans soudure vous permet d&#8217;ajouter une bague dent\u00e9e de 0,8 m aux objectifs photographiques pour permettre l&#8217;utilisation de la mise au point cin\u00e9ma. Apprenez \u00e0 mesurer votre objectif pour s\u00e9lectionner la bague ad\u00e9quate.<\/p>\n","protected":false},"featured_media":0,"comment_status":"closed","ping_status":"closed","template":"","meta":[],"product_cat":[3252,4448,1713,1621,1802,1805,1762,1799,1757,1748,1732,1706,1623,1624,1794,1782,1739,1631,1791,1715,1775,1728,1635,1809,1745,1726,1636,1642,1644,1647,1768,1655,1661,1773,1784,1765,1754,1752,1718,1710,1700,1703,1663,1668,1671,1694,1687,1691,2100],"product_tag":[],"acf":[],"gallery_images":[749776,749775,749774,749772,604205],"_links":{"self":[{"href":"https:\/\/eu.tilta.com\/fr\/wp-json\/wp\/v2\/product\/1996683"}],"collection":[{"href":"https:\/\/eu.tilta.com\/fr\/wp-json\/wp\/v2\/product"}],"about":[{"href":"https:\/\/eu.tilta.com\/fr\/wp-json\/wp\/v2\/types\/product"}],"replies":[{"embeddable":true,"href":"https:\/\/eu.tilta.com\/fr\/wp-json\/wp\/v2\/comments?post=1996683"}],"wp:attachment":[{"href":"https:\/\/eu.tilta.com\/fr\/wp-json\/wp\/v2\/media?parent=1996683"}],"wp:term":[{"taxonomy":"product_cat","embeddable":true,"href":"https:\/\/eu.tilta.com\/fr\/wp-json\/wp\/v2\/product_cat?post=1996683"},{"taxonomy":"product_tag","embeddable":true,"href":"https:\/\/eu.tilta.com\/fr\/wp-json\/wp\/v2\/product_tag?post=1996683"}],"curies":[{"name":"wp","href":"https:\/\/api.w.org\/{rel}","templated":true}]}}