{"id":1996730,"date":"2020-03-03T09:41:49","date_gmt":"2020-03-03T08:41:49","guid":{"rendered":"https:\/\/de.tilta.com\/shop\/adaptateur-de-batterie-sony-serie-l-vers-monture-v-type-i\/"},"modified":"2026-02-16T09:02:57","modified_gmt":"2026-02-16T08:02:57","slug":"sony-l-series-to-v-mount-adapter-battery-plate-type-i","status":"publish","type":"product","link":"https:\/\/eu.tilta.com\/fr\/shop\/sony-l-series-to-v-mount-adapter-battery-plate-type-i\/","title":{"rendered":"Adaptateur de batterie Sony s\u00e9rie L vers monture V Type I"},"content":{"rendered":"<p>Cet adaptateur vous permet d&#8217;adapter une plaque de batterie de la s\u00e9rie L de Sony (telle que celle int\u00e9gr\u00e9e dans les diff\u00e9rents appareils photo Z CAM) \u00e0 une plaque de batterie \u00e0 monture V.<\/p>\n<p>Cela vous permet d&#8217;utiliser la dur\u00e9e de vie beaucoup plus longue d&#8217;une batterie \u00e0 monture en V pour alimenter votre appareil photo, ce qui r\u00e9duit au minimum les \u00e9changes de batteries.<\/p>\n<p>C&#8217;est \u00e9galement la solution id\u00e9ale pour alimenter les accessoires plus petits qui utilisent traditionnellement des batteries de la s\u00e9rie L de moindre capacit\u00e9, tels que les petits panneaux lumineux LED ou les moniteurs externes pour les stations de mise au point.<\/p>\n<p>La version de type I est con\u00e7ue pour \u00eatre plus longue afin de mieux accueillir les c\u00e2bles HDMI sur les bo\u00eetiers des cam\u00e9ras Z CAM.<\/p>\n","protected":false},"excerpt":{"rendered":"<p>Cet adaptateur vous permet d&#8217;adapter une plaque de batterie de la s\u00e9rie L de Sony (telle que celle int\u00e9gr\u00e9e dans les diff\u00e9rents appareils photo Z CAM) \u00e0 une plaque de batterie \u00e0 monture V. Cela vous permet d&#8217;utiliser la dur\u00e9e [&hellip;]<\/p>\n","protected":false},"featured_media":0,"comment_status":"closed","ping_status":"closed","template":"","meta":[],"product_cat":[4448,1694,1687,1691,2036,2418],"product_tag":[],"acf":[],"gallery_images":[786888,786889,786890,574968],"_links":{"self":[{"href":"https:\/\/eu.tilta.com\/fr\/wp-json\/wp\/v2\/product\/1996730"}],"collection":[{"href":"https:\/\/eu.tilta.com\/fr\/wp-json\/wp\/v2\/product"}],"about":[{"href":"https:\/\/eu.tilta.com\/fr\/wp-json\/wp\/v2\/types\/product"}],"replies":[{"embeddable":true,"href":"https:\/\/eu.tilta.com\/fr\/wp-json\/wp\/v2\/comments?post=1996730"}],"wp:attachment":[{"href":"https:\/\/eu.tilta.com\/fr\/wp-json\/wp\/v2\/media?parent=1996730"}],"wp:term":[{"taxonomy":"product_cat","embeddable":true,"href":"https:\/\/eu.tilta.com\/fr\/wp-json\/wp\/v2\/product_cat?post=1996730"},{"taxonomy":"product_tag","embeddable":true,"href":"https:\/\/eu.tilta.com\/fr\/wp-json\/wp\/v2\/product_tag?post=1996730"}],"curies":[{"name":"wp","href":"https:\/\/api.w.org\/{rel}","templated":true}]}}