{"id":1996742,"date":"2020-03-03T09:15:21","date_gmt":"2020-03-03T08:15:21","guid":{"rendered":"https:\/\/de.tilta.com\/shop\/adaptateur-de-tige-pour-plaque-de-batterie-mini-pocket-v-mount\/"},"modified":"2025-12-05T13:10:35","modified_gmt":"2025-12-05T12:10:35","slug":"rod-adapter-for-mini-v-mount-battery-plate","status":"publish","type":"product","link":"https:\/\/eu.tilta.com\/fr\/shop\/rod-adapter-for-mini-v-mount-battery-plate\/","title":{"rendered":"Adaptateur de tige pour plaque de batterie Mini\/Pocket V-Mount"},"content":{"rendered":"<p>Cet adaptateur de canne LWS 15mm vous permet de monter votre Mini et\/ou Pocket V-Mount Battery Plate sur n&#8217;importe quelle canne LWS 15mm pour vous permettre d&#8217;attacher confortablement une batterie V-mount \u00e0 votre installation.<\/p>\n<p>La conception compacte de cet adaptateur et de cette plaque de batterie en fait une solution parfaite pour monter une batterie V-Mount sur un bo\u00eetier d&#8217;appareil photo plus petit sans ajouter le poids suppl\u00e9mentaire traditionnellement associ\u00e9 aux plaques de batterie plus grandes.<\/p>\n<p>Cet adaptateur de tige vous permet \u00e9galement de monter la plaque de batterie Mini\/Pocket V-Mount horizontalement, verticalement ou \u00e0 plat contre les tiges.<\/p>\n","protected":false},"excerpt":{"rendered":"<p>Cet adaptateur de canne LWS 15mm vous permet de monter votre Mini et\/ou Pocket V-Mount Battery Plate sur n&#8217;importe quelle canne LWS 15mm pour vous permettre d&#8217;attacher confortablement une batterie V-mount \u00e0 votre installation. La conception compacte de cet adaptateur [&hellip;]<\/p>\n","protected":false},"featured_media":0,"comment_status":"closed","ping_status":"closed","template":"","meta":[],"product_cat":[3252,1713,1621,1757,1748,1732,1706,1623,1624,1782,1739,1631,1791,1715,1775,1728,1635,1745,1726,1636,1642,1644,1647,1655,1661,1773,1784,1765,1754,1752,1718,1710,1700,1703,1663,1668,1671,1694,1687,1691,2356,2359],"product_tag":[],"acf":[],"gallery_images":[574865,574866,574868,574869,574870,574867],"_links":{"self":[{"href":"https:\/\/eu.tilta.com\/fr\/wp-json\/wp\/v2\/product\/1996742"}],"collection":[{"href":"https:\/\/eu.tilta.com\/fr\/wp-json\/wp\/v2\/product"}],"about":[{"href":"https:\/\/eu.tilta.com\/fr\/wp-json\/wp\/v2\/types\/product"}],"replies":[{"embeddable":true,"href":"https:\/\/eu.tilta.com\/fr\/wp-json\/wp\/v2\/comments?post=1996742"}],"wp:attachment":[{"href":"https:\/\/eu.tilta.com\/fr\/wp-json\/wp\/v2\/media?parent=1996742"}],"wp:term":[{"taxonomy":"product_cat","embeddable":true,"href":"https:\/\/eu.tilta.com\/fr\/wp-json\/wp\/v2\/product_cat?post=1996742"},{"taxonomy":"product_tag","embeddable":true,"href":"https:\/\/eu.tilta.com\/fr\/wp-json\/wp\/v2\/product_tag?post=1996742"}],"curies":[{"name":"wp","href":"https:\/\/api.w.org\/{rel}","templated":true}]}}