{"id":1996756,"date":"2020-01-31T10:34:53","date_gmt":"2020-01-31T09:34:53","guid":{"rendered":"https:\/\/de.tilta.com\/shop\/armorman-3-0-support-cup\/"},"modified":"2025-12-05T13:10:39","modified_gmt":"2025-12-05T12:10:39","slug":"armorman-3-0-support-cup","status":"publish","type":"product","link":"https:\/\/eu.tilta.com\/fr\/shop\/armorman-3-0-support-cup\/","title":{"rendered":"Armorman 3.0 Support Cup"},"content":{"rendered":"<p>Si vous avez un gimbal bas\u00e9 sur une barre sup\u00e9rieure, les coupelles de support de l&#8217;Armor Man 3.0 permettent d&#8217;attacher et de d\u00e9tacher facilement votre gimbal aux bras m\u00e9caniques de l&#8217;Armor Man 3.0 lorsqu&#8217;ils sont en position de fonctionnement inf\u00e9rieure. Lorsque vous souhaitez attacher l&#8217;Armor Man au cardan, il vous suffit d&#8217;ins\u00e9rer les bras lat\u00e9raux du cardan dans les coupelles de support, puis de saisir \u00e0 nouveau les bras comme \u00e0 l&#8217;accoutum\u00e9e pour commencer \u00e0 utiliser l&#8217;appareil. Lorsque vous souhaitez arr\u00eater de travailler, il vous suffit d&#8217;accrocher le cardan, de saisir les coupelles de support et de les d\u00e9tacher des poign\u00e9es.<\/p>\n","protected":false},"excerpt":{"rendered":"<p>Si vous avez un gimbal bas\u00e9 sur une barre sup\u00e9rieure, les coupelles de support de l&#8217;Armor Man 3.0 permettent d&#8217;attacher et de d\u00e9tacher facilement votre gimbal aux bras m\u00e9caniques de l&#8217;Armor Man 3.0 lorsqu&#8217;ils sont en position de fonctionnement inf\u00e9rieure. [&hellip;]<\/p>\n","protected":false},"featured_media":1996760,"comment_status":"closed","ping_status":"closed","template":"","meta":[],"product_cat":[2352],"product_tag":[],"acf":[],"gallery_images":[1996761,1996762],"_links":{"self":[{"href":"https:\/\/eu.tilta.com\/fr\/wp-json\/wp\/v2\/product\/1996756"}],"collection":[{"href":"https:\/\/eu.tilta.com\/fr\/wp-json\/wp\/v2\/product"}],"about":[{"href":"https:\/\/eu.tilta.com\/fr\/wp-json\/wp\/v2\/types\/product"}],"replies":[{"embeddable":true,"href":"https:\/\/eu.tilta.com\/fr\/wp-json\/wp\/v2\/comments?post=1996756"}],"wp:featuredmedia":[{"embeddable":true,"href":"https:\/\/eu.tilta.com\/fr\/wp-json\/wp\/v2\/media\/1996760"}],"wp:attachment":[{"href":"https:\/\/eu.tilta.com\/fr\/wp-json\/wp\/v2\/media?parent=1996756"}],"wp:term":[{"taxonomy":"product_cat","embeddable":true,"href":"https:\/\/eu.tilta.com\/fr\/wp-json\/wp\/v2\/product_cat?post=1996756"},{"taxonomy":"product_tag","embeddable":true,"href":"https:\/\/eu.tilta.com\/fr\/wp-json\/wp\/v2\/product_tag?post=1996756"}],"curies":[{"name":"wp","href":"https:\/\/api.w.org\/{rel}","templated":true}]}}