{"id":1996763,"date":"2020-01-31T10:20:06","date_gmt":"2020-01-31T09:20:06","guid":{"rendered":"https:\/\/de.tilta.com\/shop\/armorman-3-0-overhead-configuration-cable-pulley\/"},"modified":"2025-12-05T13:10:40","modified_gmt":"2025-12-05T12:10:40","slug":"armorman-3-0-overhead-configuration-cable-pulley","status":"publish","type":"product","link":"https:\/\/eu.tilta.com\/fr\/shop\/armorman-3-0-overhead-configuration-cable-pulley\/","title":{"rendered":"Armorman 3.0 Overhead Configuration Cable Pulley"},"content":{"rendered":"<p>Cette poulie se glisse sur les bras m\u00e9caniques de l&#8217;Armorman 3.0 lors de l&#8217;utilisation de la configuration a\u00e9rienne. Il vous permet d&#8217;attacher un c\u00e2ble \u00e9lastique extensible \u00e0 chaque bras afin que vous puissiez saisir et soutenir votre cardan au-dessus de votre cam\u00e9ra.<\/p>\n","protected":false},"excerpt":{"rendered":"<p>Cette poulie se glisse sur les bras m\u00e9caniques de l&#8217;Armorman 3.0 lors de l&#8217;utilisation de la configuration a\u00e9rienne. Il vous permet d&#8217;attacher un c\u00e2ble \u00e9lastique extensible \u00e0 chaque bras afin que vous puissiez saisir et soutenir votre cardan au-dessus de [&hellip;]<\/p>\n","protected":false},"featured_media":1996766,"comment_status":"closed","ping_status":"closed","template":"","meta":[],"product_cat":[2352],"product_tag":[],"acf":[],"gallery_images":[320241,320246],"_links":{"self":[{"href":"https:\/\/eu.tilta.com\/fr\/wp-json\/wp\/v2\/product\/1996763"}],"collection":[{"href":"https:\/\/eu.tilta.com\/fr\/wp-json\/wp\/v2\/product"}],"about":[{"href":"https:\/\/eu.tilta.com\/fr\/wp-json\/wp\/v2\/types\/product"}],"replies":[{"embeddable":true,"href":"https:\/\/eu.tilta.com\/fr\/wp-json\/wp\/v2\/comments?post=1996763"}],"wp:featuredmedia":[{"embeddable":true,"href":"https:\/\/eu.tilta.com\/fr\/wp-json\/wp\/v2\/media\/1996766"}],"wp:attachment":[{"href":"https:\/\/eu.tilta.com\/fr\/wp-json\/wp\/v2\/media?parent=1996763"}],"wp:term":[{"taxonomy":"product_cat","embeddable":true,"href":"https:\/\/eu.tilta.com\/fr\/wp-json\/wp\/v2\/product_cat?post=1996763"},{"taxonomy":"product_tag","embeddable":true,"href":"https:\/\/eu.tilta.com\/fr\/wp-json\/wp\/v2\/product_tag?post=1996763"}],"curies":[{"name":"wp","href":"https:\/\/api.w.org\/{rel}","templated":true}]}}