{"id":1996786,"date":"2020-01-31T10:27:09","date_gmt":"2020-01-31T09:27:09","guid":{"rendered":"https:\/\/de.tilta.com\/shop\/armorman-3-0-overhead-configuration-gimbal-ring-adapter-clamp\/"},"modified":"2025-12-05T13:11:01","modified_gmt":"2025-12-05T12:11:01","slug":"armorman-3-0-overhead-configuration-gimbal-ring-adapter-clamp","status":"publish","type":"product","link":"https:\/\/eu.tilta.com\/fr\/shop\/armorman-3-0-overhead-configuration-gimbal-ring-adapter-clamp\/","title":{"rendered":"Armorman 3.0 Overhead Configuration Gimbal Ring Adapter Clamp"},"content":{"rendered":"<p>Si vous disposez d&#8217;un cardan \u00e0 anneau, les pinces d&#8217;adaptation pour anneau de configuration a\u00e9rienne permettent de fixer et de d\u00e9tacher facilement et rapidement votre cardan aux bras m\u00e9caniques de l&#8217;Armor Man 3.0 en mode de fonctionnement a\u00e9rien. Les pinces se fixent sur les c\u00f4t\u00e9s gauche et droit de la partie sup\u00e9rieure de l&#8217;anneau du cardan et, une fois que les poulies du c\u00e2ble de configuration a\u00e9rien sont fix\u00e9es \u00e0 chacun des bras de l&#8217;homme arm\u00e9, l&#8217;op\u00e9rateur peut simplement utiliser les mousquetons des c\u00e2bles \u00e9lastiques extensibles pour les attacher au cardan et commencer \u00e0 travailler. Lorsque vous souhaitez d\u00e9tacher le cardan, il vous suffit de d\u00e9tacher les mousquetons des pinces.<\/p>\n","protected":false},"excerpt":{"rendered":"<p>Si vous disposez d&#8217;un cardan \u00e0 anneau, les pinces d&#8217;adaptation pour anneau de configuration a\u00e9rienne permettent de fixer et de d\u00e9tacher facilement et rapidement votre cardan aux bras m\u00e9caniques de l&#8217;Armor Man 3.0 en mode de fonctionnement a\u00e9rien. Les pinces [&hellip;]<\/p>\n","protected":false},"featured_media":1996792,"comment_status":"closed","ping_status":"closed","template":"","meta":[],"product_cat":[2352],"product_tag":[],"acf":[],"gallery_images":[320411,320476],"_links":{"self":[{"href":"https:\/\/eu.tilta.com\/fr\/wp-json\/wp\/v2\/product\/1996786"}],"collection":[{"href":"https:\/\/eu.tilta.com\/fr\/wp-json\/wp\/v2\/product"}],"about":[{"href":"https:\/\/eu.tilta.com\/fr\/wp-json\/wp\/v2\/types\/product"}],"replies":[{"embeddable":true,"href":"https:\/\/eu.tilta.com\/fr\/wp-json\/wp\/v2\/comments?post=1996786"}],"wp:featuredmedia":[{"embeddable":true,"href":"https:\/\/eu.tilta.com\/fr\/wp-json\/wp\/v2\/media\/1996792"}],"wp:attachment":[{"href":"https:\/\/eu.tilta.com\/fr\/wp-json\/wp\/v2\/media?parent=1996786"}],"wp:term":[{"taxonomy":"product_cat","embeddable":true,"href":"https:\/\/eu.tilta.com\/fr\/wp-json\/wp\/v2\/product_cat?post=1996786"},{"taxonomy":"product_tag","embeddable":true,"href":"https:\/\/eu.tilta.com\/fr\/wp-json\/wp\/v2\/product_tag?post=1996786"}],"curies":[{"name":"wp","href":"https:\/\/api.w.org\/{rel}","templated":true}]}}