{"id":1996805,"date":"2020-01-31T10:14:13","date_gmt":"2020-01-31T09:14:13","guid":{"rendered":"https:\/\/de.tilta.com\/shop\/armorman-3-0-nucleus-m-handle-support-cup\/"},"modified":"2025-12-05T13:11:06","modified_gmt":"2025-12-05T12:11:06","slug":"armorman-3-0-nucleus-m-handle-support-cup","status":"publish","type":"product","link":"https:\/\/eu.tilta.com\/fr\/shop\/armorman-3-0-nucleus-m-handle-support-cup\/","title":{"rendered":"Armorman 3.0 Nucleus-M Handle Support Cup"},"content":{"rendered":"<p>Les coupelles de support du Nucleus-M d&#8217;Armor Man 3.0 permettent d&#8217;attacher et de d\u00e9tacher facilement votre cardan aux bras m\u00e9caniques d&#8217;Armor Man 3.0 lorsque vous utilisez les poign\u00e9es du Nucleus-M avec votre syst\u00e8me de cardan. Lorsque vous souhaitez fixer l&#8217;Armor Man au cardan, il vous suffit d&#8217;ins\u00e9rer les poign\u00e9es Nucleus-M mont\u00e9es sur le cardan dans les coupelles de support, puis de saisir \u00e0 nouveau les poign\u00e9es comme d&#8217;habitude pour commencer \u00e0 travailler. Lorsque vous souhaitez arr\u00eater de travailler, il vous suffit d&#8217;amarrer le cardan, de saisir les coupelles de support et de les d\u00e9tacher des poign\u00e9es.<\/p>\n","protected":false},"excerpt":{"rendered":"<p>Les coupelles de support du Nucleus-M d&#8217;Armor Man 3.0 permettent d&#8217;attacher et de d\u00e9tacher facilement votre cardan aux bras m\u00e9caniques d&#8217;Armor Man 3.0 lorsque vous utilisez les poign\u00e9es du Nucleus-M avec votre syst\u00e8me de cardan. Lorsque vous souhaitez fixer l&#8217;Armor [&hellip;]<\/p>\n","protected":false},"featured_media":1996807,"comment_status":"closed","ping_status":"closed","template":"","meta":[],"product_cat":[2352],"product_tag":[],"acf":[],"gallery_images":[1996808,1996810],"_links":{"self":[{"href":"https:\/\/eu.tilta.com\/fr\/wp-json\/wp\/v2\/product\/1996805"}],"collection":[{"href":"https:\/\/eu.tilta.com\/fr\/wp-json\/wp\/v2\/product"}],"about":[{"href":"https:\/\/eu.tilta.com\/fr\/wp-json\/wp\/v2\/types\/product"}],"replies":[{"embeddable":true,"href":"https:\/\/eu.tilta.com\/fr\/wp-json\/wp\/v2\/comments?post=1996805"}],"wp:featuredmedia":[{"embeddable":true,"href":"https:\/\/eu.tilta.com\/fr\/wp-json\/wp\/v2\/media\/1996807"}],"wp:attachment":[{"href":"https:\/\/eu.tilta.com\/fr\/wp-json\/wp\/v2\/media?parent=1996805"}],"wp:term":[{"taxonomy":"product_cat","embeddable":true,"href":"https:\/\/eu.tilta.com\/fr\/wp-json\/wp\/v2\/product_cat?post=1996805"},{"taxonomy":"product_tag","embeddable":true,"href":"https:\/\/eu.tilta.com\/fr\/wp-json\/wp\/v2\/product_tag?post=1996805"}],"curies":[{"name":"wp","href":"https:\/\/api.w.org\/{rel}","templated":true}]}}