{"id":1996816,"date":"2020-01-31T10:42:20","date_gmt":"2020-01-31T09:42:20","guid":{"rendered":"https:\/\/de.tilta.com\/shop\/armorman-3-0-universal-gimbal-ring-adapter-clamp\/"},"modified":"2025-12-05T13:11:07","modified_gmt":"2025-12-05T12:11:07","slug":"armorman-3-0-universal-gimbal-ring-adapter-clamp","status":"publish","type":"product","link":"https:\/\/eu.tilta.com\/fr\/shop\/armorman-3-0-universal-gimbal-ring-adapter-clamp\/","title":{"rendered":"Armorman 3.0 Universal Gimbal Ring Adapter Clamp"},"content":{"rendered":"<p>Si vous disposez d&#8217;un cardan \u00e0 anneau, les pinces universelles d&#8217;adaptation pour anneau de cardan permettent de fixer et de d\u00e9tacher rapidement votre cardan aux bras m\u00e9caniques de l&#8217;Armor Man 3.0 en mode de fonctionnement normal. Les pinces se fixent de chaque c\u00f4t\u00e9 de l&#8217;anneau du cardan et, une fois les adaptateurs fix\u00e9s \u00e0 chacun des bras de l&#8217;Armor Man, l&#8217;op\u00e9rateur peut simplement connecter les bras aux pinces du cardan pour commencer \u00e0 travailler. Lorsque vous souhaitez d\u00e9tacher le cardan, appuyez sur les boutons de d\u00e9gagement rapide des adaptateurs pour faire glisser les pinces.<\/p>\n","protected":false},"excerpt":{"rendered":"<p>Si vous disposez d&#8217;un cardan \u00e0 anneau, les pinces universelles d&#8217;adaptation pour anneau de cardan permettent de fixer et de d\u00e9tacher rapidement votre cardan aux bras m\u00e9caniques de l&#8217;Armor Man 3.0 en mode de fonctionnement normal. Les pinces se fixent [&hellip;]<\/p>\n","protected":false},"featured_media":1996818,"comment_status":"closed","ping_status":"closed","template":"","meta":[],"product_cat":[2352],"product_tag":[],"acf":[],"gallery_images":[320951],"_links":{"self":[{"href":"https:\/\/eu.tilta.com\/fr\/wp-json\/wp\/v2\/product\/1996816"}],"collection":[{"href":"https:\/\/eu.tilta.com\/fr\/wp-json\/wp\/v2\/product"}],"about":[{"href":"https:\/\/eu.tilta.com\/fr\/wp-json\/wp\/v2\/types\/product"}],"replies":[{"embeddable":true,"href":"https:\/\/eu.tilta.com\/fr\/wp-json\/wp\/v2\/comments?post=1996816"}],"wp:featuredmedia":[{"embeddable":true,"href":"https:\/\/eu.tilta.com\/fr\/wp-json\/wp\/v2\/media\/1996818"}],"wp:attachment":[{"href":"https:\/\/eu.tilta.com\/fr\/wp-json\/wp\/v2\/media?parent=1996816"}],"wp:term":[{"taxonomy":"product_cat","embeddable":true,"href":"https:\/\/eu.tilta.com\/fr\/wp-json\/wp\/v2\/product_cat?post=1996816"},{"taxonomy":"product_tag","embeddable":true,"href":"https:\/\/eu.tilta.com\/fr\/wp-json\/wp\/v2\/product_tag?post=1996816"}],"curies":[{"name":"wp","href":"https:\/\/api.w.org\/{rel}","templated":true}]}}