{"id":1996817,"date":"2020-02-21T16:20:38","date_gmt":"2020-02-21T15:20:38","guid":{"rendered":"https:\/\/de.tilta.com\/shop\/cage-a-camera-pour-sony-pxw-fx9\/"},"modified":"2025-12-05T13:11:36","modified_gmt":"2025-12-05T12:11:36","slug":"camera-cage-for-sony-pxw-fx9","status":"publish","type":"product","link":"https:\/\/eu.tilta.com\/fr\/shop\/camera-cage-for-sony-pxw-fx9\/","title":{"rendered":"Cage \u00e0 cam\u00e9ra pour Sony PXW-FX9"},"content":{"rendered":"<p>Armez votre appareil photo avec cette cage Tilta sp\u00e9cialement con\u00e7ue pour le Sony PXW-FX9.<\/p>\n<p>La plaque sup\u00e9rieure de la cage s&#8217;adapte parfaitement \u00e0 la poign\u00e9e sup\u00e9rieure du Sony PXW-FX9 et comprend des adaptateurs de tige LWS de 15 mm \u00e0 l&#8217;avant pour vous permettre de monter facilement le viseur de l&#8217;appareil photo.<\/p>\n<p>La plaque de batterie Tilta pour la cage Sony PXW-FX9, disponible en monture or ou en monture V, se fixe directement \u00e0 l&#8217;arri\u00e8re de la plaque sup\u00e9rieure et \u00e9pouse le dos de l&#8217;appareil photo.<\/p>\n<p>La plaque de batterie offre plusieurs sorties d&#8217;alimentation diff\u00e9rentes pour vous permettre d&#8217;alimenter des accessoires et s&#8217;adapte \u00e0 diff\u00e9rentes distances du bo\u00eetier de l&#8217;appareil photo.<\/p>\n<p>Au bas de la cage se trouve une plaque de base compatible Sony VCT-U14 qui vous permet d&#8217;attacher divers accessoires via des tiges LWS de 15 mm \u00e0 l&#8217;avant ou \u00e0 l&#8217;arri\u00e8re de la plaque de base.<\/p>\n<p>La plaque de base est \u00e9galement dot\u00e9e d&#8217;une \u00e9pauli\u00e8re ergonomique sur le dessous, ce qui vous permet de vous d\u00e9tacher rapidement et facilement de la plaque VCT-U14 et d&#8217;\u00eatre pr\u00eat \u00e0 monter sur l&#8217;\u00e9pauli\u00e8re en un rien de temps.<\/p>\n<p>Un adaptateur de fixation rapide Tilta peut \u00eatre remplac\u00e9 par la plaque VCT, ce qui vous permet de monter le syst\u00e8me de cam\u00e9ra sur nos <a href=\"https:\/\/de.tilta.com\/shop\/10-lightweight-dovetail-plate-tt-c16\/\">queues d&#8217;aronde standard Tilta<\/a>.<\/p>\n<p>La plaque de base dispose \u00e9galement de connexions Arri Standard Rosette sur les c\u00f4t\u00e9s gauche et droit pour vous permettre de fixer des poign\u00e9es (ou la poign\u00e9e de commande PXW-FX9 de Sony) pour un fonctionnement \u00e0 main lev\u00e9e.<\/p>\n<p>Un support d&#8217;adaptateur d&#8217;objectif int\u00e9gr\u00e9 est \u00e9galement inclus sur la face avant de la plaque.<\/p>\n<p>Une plaque lat\u00e9rale offre encore plus de protection et &#8211; avec la plaque sup\u00e9rieure &#8211; fournit plusieurs points de fixation 1\/4&#8243;-20 et 3\/8&#8243;-16 pour vous permettre de monter une vari\u00e9t\u00e9 d&#8217;accessoires.<\/p>\n","protected":false},"excerpt":{"rendered":"<p>Armez votre appareil photo avec cette cage Tilta sp\u00e9cialement con\u00e7ue pour le Sony PXW-FX9. La plaque sup\u00e9rieure de la cage s&#8217;adapte parfaitement \u00e0 la poign\u00e9e sup\u00e9rieure du Sony PXW-FX9 et comprend des adaptateurs de tige LWS de 15 mm \u00e0 [&hellip;]<\/p>\n","protected":false},"featured_media":0,"comment_status":"closed","ping_status":"closed","template":"","meta":[],"product_cat":[1675],"product_tag":[],"acf":[],"gallery_images":[1954249,1954250,567597],"_links":{"self":[{"href":"https:\/\/eu.tilta.com\/fr\/wp-json\/wp\/v2\/product\/1996817"}],"collection":[{"href":"https:\/\/eu.tilta.com\/fr\/wp-json\/wp\/v2\/product"}],"about":[{"href":"https:\/\/eu.tilta.com\/fr\/wp-json\/wp\/v2\/types\/product"}],"replies":[{"embeddable":true,"href":"https:\/\/eu.tilta.com\/fr\/wp-json\/wp\/v2\/comments?post=1996817"}],"wp:attachment":[{"href":"https:\/\/eu.tilta.com\/fr\/wp-json\/wp\/v2\/media?parent=1996817"}],"wp:term":[{"taxonomy":"product_cat","embeddable":true,"href":"https:\/\/eu.tilta.com\/fr\/wp-json\/wp\/v2\/product_cat?post=1996817"},{"taxonomy":"product_tag","embeddable":true,"href":"https:\/\/eu.tilta.com\/fr\/wp-json\/wp\/v2\/product_tag?post=1996817"}],"curies":[{"name":"wp","href":"https:\/\/api.w.org\/{rel}","templated":true}]}}