{"id":1996832,"date":"2020-01-31T10:07:54","date_gmt":"2020-01-31T09:07:54","guid":{"rendered":"https:\/\/de.tilta.com\/shop\/armorman-3-0-universal-gimbal-ring-adapters-adaptateurs-universels-pour-anneaux-de-cardan\/"},"modified":"2025-12-05T13:11:13","modified_gmt":"2025-12-05T12:11:13","slug":"armorman-3-0-universal-gimbal-ring-adapter","status":"publish","type":"product","link":"https:\/\/eu.tilta.com\/fr\/shop\/armorman-3-0-universal-gimbal-ring-adapter\/","title":{"rendered":"Armorman 3.0 Universal Gimbal Ring Adapters (Adaptateurs universels pour anneaux de cardan)"},"content":{"rendered":"<p>Si vous disposez d&#8217;un cardan \u00e0 anneau, les adaptateurs universels de cardan permettent de fixer et de d\u00e9tacher rapidement votre cardan aux bras m\u00e9caniques de l&#8217;Armor Man 3.0. Ces adaptateurs \u00e0 queue d&#8217;aronde se glissent sur chacun des bras de l&#8217;Armor Man et se fixent ensuite aux pinces universelles d&#8217;adaptation de l&#8217;anneau de cardan pour soutenir vos cardans. Lorsque vous souhaitez attacher l&#8217;Armor Man \u00e0 la rotule, il vous suffit de connecter les bras aux pinces pr\u00e9r\u00e9gl\u00e9es sur la rotule pour commencer \u00e0 fonctionner. Lorsque vous souhaitez d\u00e9tacher la rotule, appuyez sur les boutons de lib\u00e9ration rapide des adaptateurs pour les faire glisser hors des pinces.<\/p>\n","protected":false},"excerpt":{"rendered":"<p>Si vous disposez d&#8217;un cardan \u00e0 anneau, les adaptateurs universels de cardan permettent de fixer et de d\u00e9tacher rapidement votre cardan aux bras m\u00e9caniques de l&#8217;Armor Man 3.0. Ces adaptateurs \u00e0 queue d&#8217;aronde se glissent sur chacun des bras de [&hellip;]<\/p>\n","protected":false},"featured_media":1996833,"comment_status":"closed","ping_status":"closed","template":"","meta":[],"product_cat":[2352],"product_tag":[],"acf":[],"gallery_images":[318876,318881],"_links":{"self":[{"href":"https:\/\/eu.tilta.com\/fr\/wp-json\/wp\/v2\/product\/1996832"}],"collection":[{"href":"https:\/\/eu.tilta.com\/fr\/wp-json\/wp\/v2\/product"}],"about":[{"href":"https:\/\/eu.tilta.com\/fr\/wp-json\/wp\/v2\/types\/product"}],"replies":[{"embeddable":true,"href":"https:\/\/eu.tilta.com\/fr\/wp-json\/wp\/v2\/comments?post=1996832"}],"wp:featuredmedia":[{"embeddable":true,"href":"https:\/\/eu.tilta.com\/fr\/wp-json\/wp\/v2\/media\/1996833"}],"wp:attachment":[{"href":"https:\/\/eu.tilta.com\/fr\/wp-json\/wp\/v2\/media?parent=1996832"}],"wp:term":[{"taxonomy":"product_cat","embeddable":true,"href":"https:\/\/eu.tilta.com\/fr\/wp-json\/wp\/v2\/product_cat?post=1996832"},{"taxonomy":"product_tag","embeddable":true,"href":"https:\/\/eu.tilta.com\/fr\/wp-json\/wp\/v2\/product_tag?post=1996832"}],"curies":[{"name":"wp","href":"https:\/\/api.w.org\/{rel}","templated":true}]}}