{"id":1996857,"date":"2020-01-30T12:49:06","date_gmt":"2020-01-30T11:49:06","guid":{"rendered":"https:\/\/de.tilta.com\/shop\/bras-armorman-3-0-l\/"},"modified":"2025-12-05T13:11:16","modified_gmt":"2025-12-05T12:11:16","slug":"armorman-3-0-arm-l","status":"publish","type":"product","link":"https:\/\/eu.tilta.com\/fr\/shop\/armorman-3-0-arm-l\/","title":{"rendered":"Bras Armorman 3.0 (L)"},"content":{"rendered":"<p>Ce bras gauche stabilis\u00e9 pour l&#8217;Armor Man 3.0 se fixe \u00e0 l&#8217;arri\u00e8re de la veste Armor Man 3.0 en mode de fonctionnement normal et peut \u00e9galement \u00eatre fix\u00e9 sur le dessus de la veste en configuration a\u00e9rienne. Lorsqu&#8217;il est engag\u00e9, le bras est dot\u00e9 de deux boutons de tension r\u00e9glables qui vous permettent d&#8217;ajuster le poids de votre cardan\/cam\u00e9ra ainsi que votre style d&#8217;utilisation pr\u00e9f\u00e9r\u00e9 (si vous souhaitez que le bras soit arqu\u00e9 et \u00e9loign\u00e9 de votre corps ou serr\u00e9 et compact contre votre corps).<\/p>\n<p>Vous pouvez attacher une vari\u00e9t\u00e9 de supports de gimbal \u00e0 l&#8217;extr\u00e9mit\u00e9 du bras pour vous permettre d&#8217;utiliser l&#8217;Armorman avec n&#8217;importe quel type de gimbal \u00e0 3 axes, qu&#8217;il s&#8217;agisse d&#8217;un gimbal \u00e0 barre sup\u00e9rieure, d&#8217;un gimbal \u00e0 anneau, ou m\u00eame si vous voulez utiliser les poign\u00e9es du Nucleus-M sur votre gimbal. Chacun de ces supports est fix\u00e9 au bras par un syst\u00e8me coulissant \u00e0 queue d&#8217;aronde, ce qui vous permet de les ajuster pour un maximum de confort en fonction de vos pr\u00e9f\u00e9rences d&#8217;utilisation.<\/p>\n","protected":false},"excerpt":{"rendered":"<p>Ce bras gauche stabilis\u00e9 pour l&#8217;Armor Man 3.0 se fixe \u00e0 l&#8217;arri\u00e8re de la veste Armor Man 3.0 en mode de fonctionnement normal et peut \u00e9galement \u00eatre fix\u00e9 sur le dessus de la veste en configuration a\u00e9rienne. Lorsqu&#8217;il est engag\u00e9, [&hellip;]<\/p>\n","protected":false},"featured_media":1996864,"comment_status":"closed","ping_status":"closed","template":"","meta":[],"product_cat":[2352],"product_tag":[],"acf":[],"gallery_images":[],"_links":{"self":[{"href":"https:\/\/eu.tilta.com\/fr\/wp-json\/wp\/v2\/product\/1996857"}],"collection":[{"href":"https:\/\/eu.tilta.com\/fr\/wp-json\/wp\/v2\/product"}],"about":[{"href":"https:\/\/eu.tilta.com\/fr\/wp-json\/wp\/v2\/types\/product"}],"replies":[{"embeddable":true,"href":"https:\/\/eu.tilta.com\/fr\/wp-json\/wp\/v2\/comments?post=1996857"}],"wp:featuredmedia":[{"embeddable":true,"href":"https:\/\/eu.tilta.com\/fr\/wp-json\/wp\/v2\/media\/1996864"}],"wp:attachment":[{"href":"https:\/\/eu.tilta.com\/fr\/wp-json\/wp\/v2\/media?parent=1996857"}],"wp:term":[{"taxonomy":"product_cat","embeddable":true,"href":"https:\/\/eu.tilta.com\/fr\/wp-json\/wp\/v2\/product_cat?post=1996857"},{"taxonomy":"product_tag","embeddable":true,"href":"https:\/\/eu.tilta.com\/fr\/wp-json\/wp\/v2\/product_tag?post=1996857"}],"curies":[{"name":"wp","href":"https:\/\/api.w.org\/{rel}","templated":true}]}}