{"id":1996863,"date":"2020-01-30T13:25:06","date_gmt":"2020-01-30T12:25:06","guid":{"rendered":"https:\/\/de.tilta.com\/shop\/gilet-de-soutien-armorman-3-0\/"},"modified":"2025-12-05T13:11:29","modified_gmt":"2025-12-05T12:11:29","slug":"armorman-3-0-support-vest","status":"publish","type":"product","link":"https:\/\/eu.tilta.com\/fr\/shop\/armorman-3-0-support-vest\/","title":{"rendered":"Gilet de soutien Armorman 3.0"},"content":{"rendered":"<p>La veste de soutien Armorman 3.0 est la partie principale du syst\u00e8me de soutien. Les bras m\u00e9caniques se fixent soit \u00e0 l&#8217;arri\u00e8re de la veste pour la configuration normale, soit au-dessus du support pour la configuration a\u00e9rienne. Des c\u00e2bles de d\u00e9verrouillage pendent \u00e0 l&#8217;avant de la veste pour permettre \u00e0 l&#8217;op\u00e9rateur de rel\u00e2cher la tension des bras lorsqu&#8217;ils sont en position verrouill\u00e9e. Des rembourrages entourent la veste pour un maximum de confort et des sangles r\u00e9glables permettent \u00e0 la veste de s&#8217;adapter \u00e0 toutes les morphologies.<\/p>\n","protected":false},"excerpt":{"rendered":"<p>La veste de soutien Armorman 3.0 est la partie principale du syst\u00e8me de soutien. Les bras m\u00e9caniques se fixent soit \u00e0 l&#8217;arri\u00e8re de la veste pour la configuration normale, soit au-dessus du support pour la configuration a\u00e9rienne. Des c\u00e2bles de [&hellip;]<\/p>\n","protected":false},"featured_media":1996868,"comment_status":"closed","ping_status":"closed","template":"","meta":[],"product_cat":[2352],"product_tag":[],"acf":[],"gallery_images":[1996869],"_links":{"self":[{"href":"https:\/\/eu.tilta.com\/fr\/wp-json\/wp\/v2\/product\/1996863"}],"collection":[{"href":"https:\/\/eu.tilta.com\/fr\/wp-json\/wp\/v2\/product"}],"about":[{"href":"https:\/\/eu.tilta.com\/fr\/wp-json\/wp\/v2\/types\/product"}],"replies":[{"embeddable":true,"href":"https:\/\/eu.tilta.com\/fr\/wp-json\/wp\/v2\/comments?post=1996863"}],"wp:featuredmedia":[{"embeddable":true,"href":"https:\/\/eu.tilta.com\/fr\/wp-json\/wp\/v2\/media\/1996868"}],"wp:attachment":[{"href":"https:\/\/eu.tilta.com\/fr\/wp-json\/wp\/v2\/media?parent=1996863"}],"wp:term":[{"taxonomy":"product_cat","embeddable":true,"href":"https:\/\/eu.tilta.com\/fr\/wp-json\/wp\/v2\/product_cat?post=1996863"},{"taxonomy":"product_tag","embeddable":true,"href":"https:\/\/eu.tilta.com\/fr\/wp-json\/wp\/v2\/product_tag?post=1996863"}],"curies":[{"name":"wp","href":"https:\/\/api.w.org\/{rel}","templated":true}]}}